{"id":917,"date":"2021-01-07T08:55:10","date_gmt":"2021-01-07T07:55:10","guid":{"rendered":"https:\/\/rs-schlossneuhaus.lspb.de\/RSN-Home\/?page_id=917"},"modified":"2021-01-08T13:50:25","modified_gmt":"2021-01-08T12:50:25","slug":"franzoesisch","status":"publish","type":"page","link":"https:\/\/rs-schlossneuhaus.lspb.de\/RSN-Home\/tag-der-offenen-tuer\/wahlpflicht-2\/franzoesisch\/","title":{"rendered":"Franz\u00f6sisch"},"content":{"rendered":"\n<p><strong>ein Wahlpflichtfach ab der Klasse 7<\/strong><\/p>\n\n\n\n<p>Fremdsprachen zu erlernen f\u00e4llt dir nicht schwer? Es macht dir Spa\u00df, dich mit anderen Menschen in deren Muttersprache unterhalten zu k\u00f6nnen? Dann ist das der richtige Kurs f\u00fcr dich!<\/p>\n\n\n\n<figure class=\"wp-block-image size-large\"><img loading=\"lazy\" decoding=\"async\" width=\"526\" height=\"394\" src=\"https:\/\/rs-schlossneuhaus.lspb.de\/RSN-Home\/wp-content\/uploads\/2021\/01\/frz1.jpg\" alt=\"\" class=\"wp-image-918\" srcset=\"https:\/\/rs-schlossneuhaus.lspb.de\/RSN-Home\/wp-content\/uploads\/2021\/01\/frz1.jpg 526w, https:\/\/rs-schlossneuhaus.lspb.de\/RSN-Home\/wp-content\/uploads\/2021\/01\/frz1-300x225.jpg 300w\" sizes=\"auto, (max-width: 526px) 100vw, 526px\" \/><\/figure>\n\n\n\n<p>Neben der Schulung der sprachlichen Kompetenzen (Lesen und H\u00f6ren \u2013 Verstehen \u2013 Reden) erh\u00e4ltst du immer wieder Einblicke in das Alltagsleben der Franzosen. Dabei lernst du auch ihre kleinen Eigenheiten und Marotten kennen. Baguettes, Croissants und der Eiffelturm sind dir sicher schon bekannt \u2013 jetzt entdeckst du dir bisher Unbekanntes in Paris und anderen Regionen von Frankreich.<\/p>\n\n\n\n<figure class=\"wp-block-image size-large\"><img loading=\"lazy\" decoding=\"async\" width=\"635\" height=\"477\" src=\"https:\/\/rs-schlossneuhaus.lspb.de\/RSN-Home\/wp-content\/uploads\/2021\/01\/frz2.jpg\" alt=\"\" class=\"wp-image-919\" srcset=\"https:\/\/rs-schlossneuhaus.lspb.de\/RSN-Home\/wp-content\/uploads\/2021\/01\/frz2.jpg 635w, https:\/\/rs-schlossneuhaus.lspb.de\/RSN-Home\/wp-content\/uploads\/2021\/01\/frz2-300x225.jpg 300w\" sizes=\"auto, (max-width: 635px) 100vw, 635px\" \/><\/figure>\n\n\n\n<p>Im zweij\u00e4hrigen Rhythmus fahren die Franz\u00f6sischkurse der Jahrg\u00e4nge 9 und 10 in einer einw\u00f6chigen Studienfahrt nach Paris.<\/p>\n\n\n\n<figure class=\"wp-block-image size-large\"><img loading=\"lazy\" decoding=\"async\" width=\"633\" height=\"475\" src=\"https:\/\/rs-schlossneuhaus.lspb.de\/RSN-Home\/wp-content\/uploads\/2021\/01\/frz3.jpg\" alt=\"\" class=\"wp-image-920\" srcset=\"https:\/\/rs-schlossneuhaus.lspb.de\/RSN-Home\/wp-content\/uploads\/2021\/01\/frz3.jpg 633w, https:\/\/rs-schlossneuhaus.lspb.de\/RSN-Home\/wp-content\/uploads\/2021\/01\/frz3-300x225.jpg 300w\" sizes=\"auto, (max-width: 633px) 100vw, 633px\" \/><\/figure>\n\n\n\n<p>Neben den vielen, vielen Sehensw\u00fcrdigkeiten dieser Weltstadt, die dich sicher begeistern werden, ist es auch ein tolles Gef\u00fchl, im B\u00e4ckerladen und Supermarkt in der Landessprache einzukaufen, in der Stadt nach dem Weg zu fragen oder ein Souvenir zu erstehen.<\/p>\n\n\n\n<figure class=\"wp-block-image size-large\"><img loading=\"lazy\" decoding=\"async\" width=\"309\" height=\"372\" src=\"https:\/\/rs-schlossneuhaus.lspb.de\/RSN-Home\/wp-content\/uploads\/2021\/01\/frz4.jpg\" alt=\"\" class=\"wp-image-921\" srcset=\"https:\/\/rs-schlossneuhaus.lspb.de\/RSN-Home\/wp-content\/uploads\/2021\/01\/frz4.jpg 309w, https:\/\/rs-schlossneuhaus.lspb.de\/RSN-Home\/wp-content\/uploads\/2021\/01\/frz4-249x300.jpg 249w\" sizes=\"auto, (max-width: 309px) 100vw, 309px\" \/><\/figure>\n\n\n\n<p>Und auch das Fahren mit der Metro durch das unterirdische Paris ist ein Erlebnis!<\/p>\n\n\n\n<p>Und solltest du nach deinem Realschulabschluss das Abitur machen wollen, so kannst du mit deiner Kurswahl auch schon eine Abitur-Bedingung erf\u00fcllen: n\u00e4mlich die Notwendigkeit, vier Jahre lang eine zweite Fremdsprache erlernt zu haben.<\/p>\n\n\n\n<div class=\"wp-block-buttons is-layout-flex wp-block-buttons-is-layout-flex\">\n<div class=\"wp-block-button\"><a class=\"wp-block-button__link\" href=\"https:\/\/rs-schlossneuhaus.lspb.de\/RSN-Home\/tag-der-offenen-tuer\/wahlpflicht-2\/\">Zur\u00fcck<\/a><\/div>\n<\/div>\n\n\n\n<p><\/p>\n","protected":false},"excerpt":{"rendered":"<p>ein Wahlpflichtfach ab der Klasse 7 Fremdsprachen zu erlernen f\u00e4llt dir nicht schwer? Es macht dir Spa\u00df, dich mit anderen Menschen in deren Muttersprache unterhalten zu k\u00f6nnen? Dann ist das der richtige Kurs f\u00fcr dich! Neben der Schulung der sprachlichen Kompetenzen (Lesen und H\u00f6ren \u2013 Verstehen \u2013 Reden) erh\u00e4ltst du immer wieder Einblicke in das [&hellip;]<\/p>\n","protected":false},"author":1,"featured_media":0,"parent":739,"menu_order":0,"comment_status":"closed","ping_status":"closed","template":"","meta":{"footnotes":""},"class_list":["post-917","page","type-page","status-publish","hentry"],"_links":{"self":[{"href":"https:\/\/rs-schlossneuhaus.lspb.de\/RSN-Home\/wp-json\/wp\/v2\/pages\/917","targetHints":{"allow":["GET"]}}],"collection":[{"href":"https:\/\/rs-schlossneuhaus.lspb.de\/RSN-Home\/wp-json\/wp\/v2\/pages"}],"about":[{"href":"https:\/\/rs-schlossneuhaus.lspb.de\/RSN-Home\/wp-json\/wp\/v2\/types\/page"}],"author":[{"embeddable":true,"href":"https:\/\/rs-schlossneuhaus.lspb.de\/RSN-Home\/wp-json\/wp\/v2\/users\/1"}],"replies":[{"embeddable":true,"href":"https:\/\/rs-schlossneuhaus.lspb.de\/RSN-Home\/wp-json\/wp\/v2\/comments?post=917"}],"version-history":[{"count":3,"href":"https:\/\/rs-schlossneuhaus.lspb.de\/RSN-Home\/wp-json\/wp\/v2\/pages\/917\/revisions"}],"predecessor-version":[{"id":996,"href":"https:\/\/rs-schlossneuhaus.lspb.de\/RSN-Home\/wp-json\/wp\/v2\/pages\/917\/revisions\/996"}],"up":[{"embeddable":true,"href":"https:\/\/rs-schlossneuhaus.lspb.de\/RSN-Home\/wp-json\/wp\/v2\/pages\/739"}],"wp:attachment":[{"href":"https:\/\/rs-schlossneuhaus.lspb.de\/RSN-Home\/wp-json\/wp\/v2\/media?parent=917"}],"curies":[{"name":"wp","href":"https:\/\/api.w.org\/{rel}","templated":true}]}}