{"id":905,"date":"2021-01-07T08:46:13","date_gmt":"2021-01-07T07:46:13","guid":{"rendered":"https:\/\/rs-schlossneuhaus.lspb.de\/RSN-Home\/?page_id=905"},"modified":"2023-03-16T19:53:20","modified_gmt":"2023-03-16T18:53:20","slug":"physik","status":"publish","type":"page","link":"https:\/\/rs-schlossneuhaus.lspb.de\/RSN-Home\/tag-der-offenen-tuer\/wahlpflicht-2\/physik\/","title":{"rendered":"Physik"},"content":{"rendered":"\n<p>Physik z\u00e4hlt bei Befragungen ehemaliger Sch\u00fcler*innen, anderer Schulen, immer wieder als unbeliebtes Unterrichtsfach. <\/p>\n\n\n\n<p>Die Sch\u00fcler*innen der RSN wissen nicht warum:<\/p>\n\n\n\n<figure class=\"wp-block-image size-large\"><img loading=\"lazy\" decoding=\"async\" width=\"1024\" height=\"575\" src=\"https:\/\/rs-schlossneuhaus.lspb.de\/RSN-Home\/wp-content\/uploads\/2021\/01\/IMG_0014-1024x575.jpg\" alt=\"\" class=\"wp-image-906\" srcset=\"https:\/\/rs-schlossneuhaus.lspb.de\/RSN-Home\/wp-content\/uploads\/2021\/01\/IMG_0014-1024x575.jpg 1024w, https:\/\/rs-schlossneuhaus.lspb.de\/RSN-Home\/wp-content\/uploads\/2021\/01\/IMG_0014-300x168.jpg 300w, https:\/\/rs-schlossneuhaus.lspb.de\/RSN-Home\/wp-content\/uploads\/2021\/01\/IMG_0014-768x431.jpg 768w, https:\/\/rs-schlossneuhaus.lspb.de\/RSN-Home\/wp-content\/uploads\/2021\/01\/IMG_0014-1536x862.jpg 1536w, https:\/\/rs-schlossneuhaus.lspb.de\/RSN-Home\/wp-content\/uploads\/2021\/01\/IMG_0014-2048x1150.jpg 2048w\" sizes=\"auto, (max-width: 1024px) 100vw, 1024px\" \/><figcaption class=\"wp-element-caption\">Marshmallows mit Sonnenlicht<\/figcaption><\/figure>\n\n\n\n<figure class=\"wp-block-image size-large\"><img loading=\"lazy\" decoding=\"async\" width=\"1024\" height=\"575\" src=\"https:\/\/rs-schlossneuhaus.lspb.de\/RSN-Home\/wp-content\/uploads\/2021\/01\/IMG_0035-1024x575.jpg\" alt=\"\" class=\"wp-image-907\" srcset=\"https:\/\/rs-schlossneuhaus.lspb.de\/RSN-Home\/wp-content\/uploads\/2021\/01\/IMG_0035-1024x575.jpg 1024w, https:\/\/rs-schlossneuhaus.lspb.de\/RSN-Home\/wp-content\/uploads\/2021\/01\/IMG_0035-300x168.jpg 300w, https:\/\/rs-schlossneuhaus.lspb.de\/RSN-Home\/wp-content\/uploads\/2021\/01\/IMG_0035-768x431.jpg 768w, https:\/\/rs-schlossneuhaus.lspb.de\/RSN-Home\/wp-content\/uploads\/2021\/01\/IMG_0035-1536x862.jpg 1536w, https:\/\/rs-schlossneuhaus.lspb.de\/RSN-Home\/wp-content\/uploads\/2021\/01\/IMG_0035-2048x1150.jpg 2048w\" sizes=\"auto, (max-width: 1024px) 100vw, 1024px\" \/><figcaption class=\"wp-element-caption\">Backen im Spiegelofen<\/figcaption><\/figure>\n\n\n\n<figure class=\"wp-block-image size-large\"><img loading=\"lazy\" decoding=\"async\" width=\"1024\" height=\"576\" src=\"https:\/\/rs-schlossneuhaus.lspb.de\/RSN-Home\/wp-content\/uploads\/2021\/01\/P1010058-1024x576.jpg\" alt=\"\" class=\"wp-image-908\" srcset=\"https:\/\/rs-schlossneuhaus.lspb.de\/RSN-Home\/wp-content\/uploads\/2021\/01\/P1010058-1024x576.jpg 1024w, https:\/\/rs-schlossneuhaus.lspb.de\/RSN-Home\/wp-content\/uploads\/2021\/01\/P1010058-300x169.jpg 300w, https:\/\/rs-schlossneuhaus.lspb.de\/RSN-Home\/wp-content\/uploads\/2021\/01\/P1010058-768x432.jpg 768w, https:\/\/rs-schlossneuhaus.lspb.de\/RSN-Home\/wp-content\/uploads\/2021\/01\/P1010058-1536x864.jpg 1536w, https:\/\/rs-schlossneuhaus.lspb.de\/RSN-Home\/wp-content\/uploads\/2021\/01\/P1010058-2048x1152.jpg 2048w\" sizes=\"auto, (max-width: 1024px) 100vw, 1024px\" \/><figcaption class=\"wp-element-caption\">Besuch im Atomkraftwerk<\/figcaption><\/figure>\n\n\n\n<figure class=\"wp-block-image size-large\"><img loading=\"lazy\" decoding=\"async\" width=\"1024\" height=\"768\" src=\"https:\/\/rs-schlossneuhaus.lspb.de\/RSN-Home\/wp-content\/uploads\/2021\/01\/IMG-20180129-WA0007-1024x768.jpg\" alt=\"\" class=\"wp-image-909\" srcset=\"https:\/\/rs-schlossneuhaus.lspb.de\/RSN-Home\/wp-content\/uploads\/2021\/01\/IMG-20180129-WA0007-1024x768.jpg 1024w, https:\/\/rs-schlossneuhaus.lspb.de\/RSN-Home\/wp-content\/uploads\/2021\/01\/IMG-20180129-WA0007-300x225.jpg 300w, https:\/\/rs-schlossneuhaus.lspb.de\/RSN-Home\/wp-content\/uploads\/2021\/01\/IMG-20180129-WA0007-768x576.jpg 768w, https:\/\/rs-schlossneuhaus.lspb.de\/RSN-Home\/wp-content\/uploads\/2021\/01\/IMG-20180129-WA0007.jpg 1280w\" sizes=\"auto, (max-width: 1024px) 100vw, 1024px\" \/><figcaption class=\"wp-element-caption\">Besuch bei der Ph\u00e4nomenta<\/figcaption><\/figure>\n\n\n\n<figure class=\"wp-block-image size-large\"><img loading=\"lazy\" decoding=\"async\" width=\"641\" height=\"433\" src=\"https:\/\/rs-schlossneuhaus.lspb.de\/RSN-Home\/wp-content\/uploads\/2021\/01\/IMG-20160627-WA0003.jpg\" alt=\"\" class=\"wp-image-910\" srcset=\"https:\/\/rs-schlossneuhaus.lspb.de\/RSN-Home\/wp-content\/uploads\/2021\/01\/IMG-20160627-WA0003.jpg 641w, https:\/\/rs-schlossneuhaus.lspb.de\/RSN-Home\/wp-content\/uploads\/2021\/01\/IMG-20160627-WA0003-300x203.jpg 300w\" sizes=\"auto, (max-width: 641px) 100vw, 641px\" \/><figcaption class=\"wp-element-caption\">Ausstellung bei den Wissenschaftstagen im HNF<\/figcaption><\/figure>\n\n\n\n<figure class=\"wp-block-image size-large\"><img loading=\"lazy\" decoding=\"async\" width=\"1024\" height=\"768\" src=\"https:\/\/rs-schlossneuhaus.lspb.de\/RSN-Home\/wp-content\/uploads\/2021\/01\/IMG_1993-1024x768.jpg\" alt=\"\" class=\"wp-image-914\" srcset=\"https:\/\/rs-schlossneuhaus.lspb.de\/RSN-Home\/wp-content\/uploads\/2021\/01\/IMG_1993-1024x768.jpg 1024w, https:\/\/rs-schlossneuhaus.lspb.de\/RSN-Home\/wp-content\/uploads\/2021\/01\/IMG_1993-300x225.jpg 300w, https:\/\/rs-schlossneuhaus.lspb.de\/RSN-Home\/wp-content\/uploads\/2021\/01\/IMG_1993-768x576.jpg 768w, https:\/\/rs-schlossneuhaus.lspb.de\/RSN-Home\/wp-content\/uploads\/2021\/01\/IMG_1993-1536x1152.jpg 1536w, https:\/\/rs-schlossneuhaus.lspb.de\/RSN-Home\/wp-content\/uploads\/2021\/01\/IMG_1993-2048x1536.jpg 2048w\" sizes=\"auto, (max-width: 1024px) 100vw, 1024px\" \/><figcaption class=\"wp-element-caption\">Feuer mit einer Lupe<\/figcaption><\/figure>\n\n\n\n<iframe loading=\"lazy\" width=\"760\" height=\"427\" src=\"https:\/\/www.youtube.com\/embed\/v7Uxvt6ZA3E?rel=0\" frameborder=\"0\" allow=\"accelerometer; autoplay; clipboard-write; encrypted-media; gyroscope; picture-in-picture\" allowfullscreen=\"\"><\/iframe>\n\n\n\n<p>lass die Rakete fliegen<\/p>\n\n\n\n<p>Liebe Sch\u00fclerinnen und Sch\u00fcler,<\/p>\n\n\n\n<p>Wenn ihr neugierig seid und Spa\u00df daran habt, die Welt um euch herum zu verstehen, dann ist Physik das perfekte Fach f\u00fcr euch! Hier sind einige Gr\u00fcnde, warum ihr Physik als Wahlpflichtfach w\u00e4hlen solltet:<\/p>\n\n\n\n<ol class=\"wp-block-list\" type=\"1\" start=\"1\">\n<li>Experimente durchf\u00fchren In Physik geht es um die Naturgesetze, die unsere Welt regieren. Und um diese Gesetze wirklich zu verstehen, ist es wichtig, sie in der Praxis zu erforschen. In Physik werdet ihr viele Experimente durchf\u00fchren, um zu sehen, wie die Gesetze in der Realit\u00e4t funktionieren. Das macht den Unterricht spannend und anschaulich und ihr werdet verstehen, warum die Dinge so sind, wie sie sind.<\/li>\n\n\n\n<li>Praktische Arbeit Physik ist ein sehr praktisches Fach. Ihr werdet lernen, wie man mit verschiedenen Instrumenten und Ger\u00e4ten arbeitet, um die Gesetze der Physik zu verstehen und anzuwenden. Ihr werdet zum Beispiel lernen, wie man Stromkreise aufbaut, wie man Geschwindigkeit misst oder wie man die Kr\u00e4fte auf ein Objekt berechnet.<\/li>\n\n\n\n<li>Zusammenarbeit mit anderen Sch\u00fclern In Physik werdet ihr oft mit anderen Sch\u00fclern zusammenarbeiten, um Experimente durchzuf\u00fchren und Aufgaben zu l\u00f6sen. Dies f\u00f6rdert das Teamwork und die Zusammenarbeit, was auch im sp\u00e4teren Berufsleben von Vorteil sein kann. Gemeinsam werdet ihr Ideen austauschen, eure Ergebnisse diskutieren und so voneinander lernen.<\/li>\n<\/ol>\n\n\n\n<p>Insgesamt bietet Physik also viele M\u00f6glichkeiten, um praktisch zu arbeiten, zu experimentieren und im Team zu arbeiten. Wenn ihr neugierig seid und die Welt um euch herum verstehen m\u00f6chtet, dann solltet ihr Physik als Unterrichtsfach w\u00e4hlen.<\/p>\n\n\n\n<div class=\"wp-block-buttons is-layout-flex wp-block-buttons-is-layout-flex\">\n<div class=\"wp-block-button\"><a class=\"wp-block-button__link wp-element-button\" href=\"https:\/\/rs-schlossneuhaus.lspb.de\/RSN-Home\/tag-der-offenen-tuer\/wahlpflicht-2\/\">Zur\u00fcck<\/a><\/div>\n<\/div>\n\n\n\n<p><\/p>\n","protected":false},"excerpt":{"rendered":"<p>Physik z\u00e4hlt bei Befragungen ehemaliger Sch\u00fcler*innen, anderer Schulen, immer wieder als unbeliebtes Unterrichtsfach. Die Sch\u00fcler*innen der RSN wissen nicht warum: lass die Rakete fliegen Liebe Sch\u00fclerinnen und Sch\u00fcler, Wenn ihr neugierig seid und Spa\u00df daran habt, die Welt um euch herum zu verstehen, dann ist Physik das perfekte Fach f\u00fcr euch! Hier sind einige Gr\u00fcnde, [&hellip;]<\/p>\n","protected":false},"author":1,"featured_media":0,"parent":739,"menu_order":0,"comment_status":"closed","ping_status":"closed","template":"","meta":{"footnotes":""},"class_list":["post-905","page","type-page","status-publish","hentry"],"_links":{"self":[{"href":"https:\/\/rs-schlossneuhaus.lspb.de\/RSN-Home\/wp-json\/wp\/v2\/pages\/905","targetHints":{"allow":["GET"]}}],"collection":[{"href":"https:\/\/rs-schlossneuhaus.lspb.de\/RSN-Home\/wp-json\/wp\/v2\/pages"}],"about":[{"href":"https:\/\/rs-schlossneuhaus.lspb.de\/RSN-Home\/wp-json\/wp\/v2\/types\/page"}],"author":[{"embeddable":true,"href":"https:\/\/rs-schlossneuhaus.lspb.de\/RSN-Home\/wp-json\/wp\/v2\/users\/1"}],"replies":[{"embeddable":true,"href":"https:\/\/rs-schlossneuhaus.lspb.de\/RSN-Home\/wp-json\/wp\/v2\/comments?post=905"}],"version-history":[{"count":8,"href":"https:\/\/rs-schlossneuhaus.lspb.de\/RSN-Home\/wp-json\/wp\/v2\/pages\/905\/revisions"}],"predecessor-version":[{"id":2109,"href":"https:\/\/rs-schlossneuhaus.lspb.de\/RSN-Home\/wp-json\/wp\/v2\/pages\/905\/revisions\/2109"}],"up":[{"embeddable":true,"href":"https:\/\/rs-schlossneuhaus.lspb.de\/RSN-Home\/wp-json\/wp\/v2\/pages\/739"}],"wp:attachment":[{"href":"https:\/\/rs-schlossneuhaus.lspb.de\/RSN-Home\/wp-json\/wp\/v2\/media?parent=905"}],"curies":[{"name":"wp","href":"https:\/\/api.w.org\/{rel}","templated":true}]}}