{"id":833,"date":"2021-01-05T13:26:04","date_gmt":"2021-01-05T12:26:04","guid":{"rendered":"https:\/\/rs-schlossneuhaus.lspb.de\/RSN-Home\/?page_id=833"},"modified":"2022-01-02T11:04:02","modified_gmt":"2022-01-02T10:04:02","slug":"religion-und-praktische-philosophie","status":"publish","type":"page","link":"https:\/\/rs-schlossneuhaus.lspb.de\/RSN-Home\/tag-der-offenen-tuer\/religion-und-praktische-philosophie\/","title":{"rendered":"Religion und Praktische Philosophie"},"content":{"rendered":"\n<p>An der RSN wird der Religionsunterricht in getrennt-konfessionellen Lerngruppen erteilt, d.h. evangelischer und katholischer Religionsunterricht werden parallel unterrichtet. Dar\u00fcber hinaus richtet sich das Fach Praktische Philosophie an Sch\u00fcler und Sch\u00fclerinnen, die nicht am Religionsunterricht teilnehmen.<\/p>\n\n\n\n<p>An unserer Schule lernen Kinder mit vielf\u00e4ltigem kulturellen und religi\u00f6sen Hintergrund. Diese Vielfalt betrachten wir als Chance, Verst\u00e4ndnis f\u00fcreinander zu f\u00f6rdern und das Miteinander zu erlernen. Dem Religionsunterricht kommt in diesem Zusammenhang eine besondere Rolle zu. Neben der intensiven Auseinandersetzung mit der eigenen Religion, ihren Traditionen und Werten ist die Begegnung mit anderen Religionen und Kulturen im Religionsunterricht von zentraler Bedeutung.<\/p>\n\n\n\n<p>Die Inhalte des Faches Religion und des Faches Praktische Philosophie werden an unserer Schule nicht nur im Rahmen des klassischen Unterrichts thematisiert. Das Lernen au\u00dferhalb des gewohnten Unterrichts hat bei uns einen hohen Stellenwert und geh\u00f6rt fest zum Unterrichtskonzept.<\/p>\n\n\n\n<p>Exemplarisch daf\u00fcr stehen der \u201e\u00d6kumenische Tag\u201c in der Jahrgangstufe 6 und die \u201eReligi\u00f6se Schulwoche\u201c in den Jahrgangstufen 9\/10.<\/p>\n\n\n\n<p><strong>Die \u201eReligi\u00f6se Schulwoche in der Jahrgangstufe 9 und 10<\/strong><\/p>\n\n\n\n<p>\u201eWas glaubst du? Was hoffst du? Was liebst du?\u201c \u2013 Dieses sind nur einige der Fragen, die im Zentrum der sogenannten \u201eReligi\u00f6sen Schulwoche\u201c stehen. W\u00e4hrend dieser Woche sind die Sch\u00fclerinnen und Sch\u00fcler der Jahrgangstufen 9 und 10 eingeladen, sich in \u00fcberschaubaren Gruppen au\u00dferhalb des benoteten Unterrichts mit Lebens- und Glaubensfragen auseinanderzusetzen.<\/p>\n\n\n\n<p>Dieses Angebot wird von der evangelischen und der katholischen Kirche organisiert und durchgef\u00fchrt. Ein \u00f6kumenisches Team kommt eine Woche lang an unsere Schule und arbeitet jeden Tag zwei Stunden mit den Sch\u00fclerinnen und Sch\u00fclern. Anders als im \u00fcblichen Religionsunterricht geht es nicht um theoretische Wissensvermittlung, sondern um Erfahrungs-und Gedankenaustausch und ein neu erlebtes Miteinander \u00fcber die Grenzen der Religionen und Konfessionen hinweg. Das Angebot richtet sich also an alle Sch\u00fcler und Sch\u00fclerinnen unabh\u00e4ngig von ihrer Religions- oder Konfessionszugeh\u00f6rigkeit.<\/p>\n\n\n\n<p><strong>Der \u201e\u00d6kumenische Tag\u201c in der Jahrgangsstufe 6<\/strong><\/p>\n\n\n\n<p><strong>Konzept<\/strong><\/p>\n\n\n\n<p>Gegenseitiges Verst\u00e4ndnis und respektvolles Miteinander sind wichtige Ziele unserer Erziehungsarbeit. Sie setzen voraus, andere Religionen und Konfessionen in Grundz\u00fcgen kennenzulernen. Au\u00dferschulische Lernorte sollen dabei interreligi\u00f6ses Lernen erlebbar machen.<\/p>\n\n\n\n<p><strong>Umsetzung<\/strong><\/p>\n\n\n\n<p>Im 6. Schuljahr besch\u00e4ftigen sich die Sch\u00fclerinnen und Sch\u00fcler im Religionsunterricht laut Lehrplan mit den christlichen Konfessionen \u201eevangelisch \u2013 katholisch\u201c und mit der Religion des Islam. Wichtige Grundz\u00fcge der Konfessionen sowie des Islam werden vergleichend erarbeitet.<\/p>\n\n\n\n<p>Um das Kennenlernen der beiden christlichen Konfessionen zu intensivieren, verlassen wir einen Tag lang die Schule und besuchen zentrale Orte katholischen und evangelischen Gemeindelebens in Schlo\u00df Neuhaus. In Gruppen erleben die Sch\u00fclerinnen und Sch\u00fcler des 6. Jahrgangs an insgesamt sechs Stationen die \u201eVerankerung\u201c der Konfessionen vor Ort.<\/p>\n\n\n\n<p><strong>Ausblick<\/strong><\/p>\n\n\n\n<p>Zeitnah erfolgt dann der gemeinsame Besuch einer der Paderborner Moscheen. In den weiteren Jahrgangsstufen werden ebenfalls au\u00dferschulische Lernorte genutzt, beispielsweise im Zusammenhang mit der Erkundung j\u00fcdischen Lebens in und um Paderborn.<\/p>\n\n\n\n<figure class=\"wp-block-image size-large is-style-default\"><img loading=\"lazy\" decoding=\"async\" width=\"725\" height=\"1024\" src=\"https:\/\/rs-schlossneuhaus.lspb.de\/RSN-Home\/wp-content\/uploads\/2021\/01\/Plakat-oekumenischer-Tag-725x1024.jpeg\" alt=\"\" class=\"wp-image-849\" srcset=\"https:\/\/rs-schlossneuhaus.lspb.de\/RSN-Home\/wp-content\/uploads\/2021\/01\/Plakat-oekumenischer-Tag-725x1024.jpeg 725w, https:\/\/rs-schlossneuhaus.lspb.de\/RSN-Home\/wp-content\/uploads\/2021\/01\/Plakat-oekumenischer-Tag-212x300.jpeg 212w, https:\/\/rs-schlossneuhaus.lspb.de\/RSN-Home\/wp-content\/uploads\/2021\/01\/Plakat-oekumenischer-Tag-768x1084.jpeg 768w, https:\/\/rs-schlossneuhaus.lspb.de\/RSN-Home\/wp-content\/uploads\/2021\/01\/Plakat-oekumenischer-Tag-1088x1536.jpeg 1088w, https:\/\/rs-schlossneuhaus.lspb.de\/RSN-Home\/wp-content\/uploads\/2021\/01\/Plakat-oekumenischer-Tag-1450x2048.jpeg 1450w, https:\/\/rs-schlossneuhaus.lspb.de\/RSN-Home\/wp-content\/uploads\/2021\/01\/Plakat-oekumenischer-Tag.jpeg 1638w\" sizes=\"auto, (max-width: 725px) 100vw, 725px\" \/><\/figure>\n\n\n\n<figure class=\"wp-block-image size-large\"><img loading=\"lazy\" decoding=\"async\" width=\"854\" height=\"418\" src=\"https:\/\/rs-schlossneuhaus.lspb.de\/RSN-Home\/wp-content\/uploads\/2021\/01\/30B1E461-A7FE-4D39-BA69-77583B98B7E7.png\" alt=\"\" class=\"wp-image-925\" srcset=\"https:\/\/rs-schlossneuhaus.lspb.de\/RSN-Home\/wp-content\/uploads\/2021\/01\/30B1E461-A7FE-4D39-BA69-77583B98B7E7.png 854w, https:\/\/rs-schlossneuhaus.lspb.de\/RSN-Home\/wp-content\/uploads\/2021\/01\/30B1E461-A7FE-4D39-BA69-77583B98B7E7-300x147.png 300w, https:\/\/rs-schlossneuhaus.lspb.de\/RSN-Home\/wp-content\/uploads\/2021\/01\/30B1E461-A7FE-4D39-BA69-77583B98B7E7-768x376.png 768w\" sizes=\"auto, (max-width: 854px) 100vw, 854px\" \/><\/figure>\n\n\n\n<figure class=\"wp-block-image size-large\"><img loading=\"lazy\" decoding=\"async\" width=\"520\" height=\"775\" src=\"https:\/\/rs-schlossneuhaus.lspb.de\/RSN-Home\/wp-content\/uploads\/2021\/01\/DF7960E1-85A9-4107-9849-0980E7E04DCE.png\" alt=\"\" class=\"wp-image-926\" srcset=\"https:\/\/rs-schlossneuhaus.lspb.de\/RSN-Home\/wp-content\/uploads\/2021\/01\/DF7960E1-85A9-4107-9849-0980E7E04DCE.png 520w, https:\/\/rs-schlossneuhaus.lspb.de\/RSN-Home\/wp-content\/uploads\/2021\/01\/DF7960E1-85A9-4107-9849-0980E7E04DCE-201x300.png 201w\" sizes=\"auto, (max-width: 520px) 100vw, 520px\" \/><\/figure>\n\n\n\n<figure class=\"wp-block-image size-large\"><img loading=\"lazy\" decoding=\"async\" width=\"687\" height=\"335\" src=\"https:\/\/rs-schlossneuhaus.lspb.de\/RSN-Home\/wp-content\/uploads\/2021\/01\/90199437-9335-4658-A03C-082908E4A785.png\" alt=\"\" class=\"wp-image-927\" srcset=\"https:\/\/rs-schlossneuhaus.lspb.de\/RSN-Home\/wp-content\/uploads\/2021\/01\/90199437-9335-4658-A03C-082908E4A785.png 687w, https:\/\/rs-schlossneuhaus.lspb.de\/RSN-Home\/wp-content\/uploads\/2021\/01\/90199437-9335-4658-A03C-082908E4A785-300x146.png 300w\" sizes=\"auto, (max-width: 687px) 100vw, 687px\" \/><\/figure>\n\n\n\n<figure class=\"wp-block-image size-large\"><img loading=\"lazy\" decoding=\"async\" width=\"995\" height=\"768\" src=\"https:\/\/rs-schlossneuhaus.lspb.de\/RSN-Home\/wp-content\/uploads\/2021\/01\/C2252EFB-AE28-4F1A-B66E-A6F133C79233.png\" alt=\"\" class=\"wp-image-928\" srcset=\"https:\/\/rs-schlossneuhaus.lspb.de\/RSN-Home\/wp-content\/uploads\/2021\/01\/C2252EFB-AE28-4F1A-B66E-A6F133C79233.png 995w, https:\/\/rs-schlossneuhaus.lspb.de\/RSN-Home\/wp-content\/uploads\/2021\/01\/C2252EFB-AE28-4F1A-B66E-A6F133C79233-300x232.png 300w, https:\/\/rs-schlossneuhaus.lspb.de\/RSN-Home\/wp-content\/uploads\/2021\/01\/C2252EFB-AE28-4F1A-B66E-A6F133C79233-768x593.png 768w\" sizes=\"auto, (max-width: 995px) 100vw, 995px\" \/><\/figure>\n\n\n\n<p id=\"Sprachsch\u00e4tze\"><strong>Projekt: Sprachsch\u00e4tze der Welt<\/strong><\/p>\n\n\n\n<iframe loading=\"lazy\" width=\"1237\" height=\"696\" src=\"https:\/\/www.youtube.com\/embed\/Tzax8DAEjgI?rel=0\" title=\"YouTube video player\" frameborder=\"0\" allow=\"accelerometer; autoplay; clipboard-write; encrypted-media; gyroscope; picture-in-picture\" allowfullscreen><\/iframe>\n\n\n\n<div class=\"wp-block-buttons is-layout-flex wp-block-buttons-is-layout-flex\">\n<div class=\"wp-block-button\"><a class=\"wp-block-button__link\" href=\"https:\/\/rs-schlossneuhaus.lspb.de\/RSN-Home\/tag-der-offenen-tuer\/\">Zur\u00fcck<\/a><\/div>\n<\/div>\n","protected":false},"excerpt":{"rendered":"<p>An der RSN wird der Religionsunterricht in getrennt-konfessionellen Lerngruppen erteilt, d.h. evangelischer und katholischer Religionsunterricht werden parallel unterrichtet. Dar\u00fcber hinaus richtet sich das Fach Praktische Philosophie an Sch\u00fcler und Sch\u00fclerinnen, die nicht am Religionsunterricht teilnehmen. An unserer Schule lernen Kinder mit vielf\u00e4ltigem kulturellen und religi\u00f6sen Hintergrund. Diese Vielfalt betrachten wir als Chance, Verst\u00e4ndnis f\u00fcreinander zu [&hellip;]<\/p>\n","protected":false},"author":1,"featured_media":0,"parent":436,"menu_order":0,"comment_status":"closed","ping_status":"closed","template":"","meta":{"footnotes":""},"class_list":["post-833","page","type-page","status-publish","hentry"],"_links":{"self":[{"href":"https:\/\/rs-schlossneuhaus.lspb.de\/RSN-Home\/wp-json\/wp\/v2\/pages\/833","targetHints":{"allow":["GET"]}}],"collection":[{"href":"https:\/\/rs-schlossneuhaus.lspb.de\/RSN-Home\/wp-json\/wp\/v2\/pages"}],"about":[{"href":"https:\/\/rs-schlossneuhaus.lspb.de\/RSN-Home\/wp-json\/wp\/v2\/types\/page"}],"author":[{"embeddable":true,"href":"https:\/\/rs-schlossneuhaus.lspb.de\/RSN-Home\/wp-json\/wp\/v2\/users\/1"}],"replies":[{"embeddable":true,"href":"https:\/\/rs-schlossneuhaus.lspb.de\/RSN-Home\/wp-json\/wp\/v2\/comments?post=833"}],"version-history":[{"count":11,"href":"https:\/\/rs-schlossneuhaus.lspb.de\/RSN-Home\/wp-json\/wp\/v2\/pages\/833\/revisions"}],"predecessor-version":[{"id":1622,"href":"https:\/\/rs-schlossneuhaus.lspb.de\/RSN-Home\/wp-json\/wp\/v2\/pages\/833\/revisions\/1622"}],"up":[{"embeddable":true,"href":"https:\/\/rs-schlossneuhaus.lspb.de\/RSN-Home\/wp-json\/wp\/v2\/pages\/436"}],"wp:attachment":[{"href":"https:\/\/rs-schlossneuhaus.lspb.de\/RSN-Home\/wp-json\/wp\/v2\/media?parent=833"}],"curies":[{"name":"wp","href":"https:\/\/api.w.org\/{rel}","templated":true}]}}