{"id":801,"date":"2021-01-04T15:15:57","date_gmt":"2021-01-04T14:15:57","guid":{"rendered":"https:\/\/rs-schlossneuhaus.lspb.de\/RSN-Home\/?page_id=801"},"modified":"2021-02-15T14:04:57","modified_gmt":"2021-02-15T13:04:57","slug":"chemie","status":"publish","type":"page","link":"https:\/\/rs-schlossneuhaus.lspb.de\/RSN-Home\/tag-der-offenen-tuer\/wahlpflicht-2\/chemie\/","title":{"rendered":"Chemie"},"content":{"rendered":"\n<iframe loading=\"lazy\" width=\"760\" height=\"427\" src=\"https:\/\/www.youtube.com\/embed\/MPM4lHSqYPw?rel=0\" frameborder=\"0\" allow=\"accelerometer; autoplay; clipboard-write; encrypted-media; gyroscope; picture-in-picture\" allowfullscreen=\"\"><\/iframe>\n\n\n\n<p>Die Realschule Schloss Neuhaus versteht den Chemieunterricht als ein sehr praktisches Fach. Hier d\u00fcrfen die Sch\u00fcler*innen selbst experimentieren. In jedem Jahrgang bieten wir spannende Versuche an, die sich immer gro\u00dfer Beliebtheit erfreuen und neben dem oft verkopften Alltag auch etwas Abwechselung bieten.<\/p>\n\n\n\n<p>Unser Wissen, K\u00f6nnen und die sch\u00f6nsten Produkte unseres Chemieunterrichtes stellen wir regelm\u00e4\u00dfig auf den unterschiedlichsten Messen, Ausstellungen und Veranstaltungen vor.<\/p>\n\n\n\n<figure class=\"wp-block-image size-large\"><img loading=\"lazy\" decoding=\"async\" width=\"1024\" height=\"768\" src=\"https:\/\/rs-schlossneuhaus.lspb.de\/RSN-Home\/wp-content\/uploads\/2021\/01\/P1060484.jpg\" alt=\"\" class=\"wp-image-869\" srcset=\"https:\/\/rs-schlossneuhaus.lspb.de\/RSN-Home\/wp-content\/uploads\/2021\/01\/P1060484.jpg 1024w, https:\/\/rs-schlossneuhaus.lspb.de\/RSN-Home\/wp-content\/uploads\/2021\/01\/P1060484-300x225.jpg 300w, https:\/\/rs-schlossneuhaus.lspb.de\/RSN-Home\/wp-content\/uploads\/2021\/01\/P1060484-768x576.jpg 768w\" sizes=\"auto, (max-width: 1024px) 100vw, 1024px\" \/><figcaption>Hedera &amp; Bux<\/figcaption><\/figure>\n\n\n\n<figure class=\"wp-block-image size-large is-resized\"><img loading=\"lazy\" decoding=\"async\" src=\"https:\/\/rs-schlossneuhaus.lspb.de\/RSN-Home\/wp-content\/uploads\/2021\/01\/wissenschaftstage-1024x768.jpg\" alt=\"\" class=\"wp-image-872\" width=\"673\" height=\"504\" srcset=\"https:\/\/rs-schlossneuhaus.lspb.de\/RSN-Home\/wp-content\/uploads\/2021\/01\/wissenschaftstage-1024x768.jpg 1024w, https:\/\/rs-schlossneuhaus.lspb.de\/RSN-Home\/wp-content\/uploads\/2021\/01\/wissenschaftstage-300x225.jpg 300w, https:\/\/rs-schlossneuhaus.lspb.de\/RSN-Home\/wp-content\/uploads\/2021\/01\/wissenschaftstage-768x576.jpg 768w, https:\/\/rs-schlossneuhaus.lspb.de\/RSN-Home\/wp-content\/uploads\/2021\/01\/wissenschaftstage.jpg 1333w\" sizes=\"auto, (max-width: 673px) 100vw, 673px\" \/><figcaption>Heinz Nixdorf Museumsforum (Wissenschaftstage)<\/figcaption><\/figure>\n\n\n\n<figure class=\"wp-block-image size-large is-resized\"><img loading=\"lazy\" decoding=\"async\" src=\"https:\/\/rs-schlossneuhaus.lspb.de\/RSN-Home\/wp-content\/uploads\/2021\/01\/08_Schulentlassfeier_-2019-1024x683.jpg\" alt=\"\" class=\"wp-image-873\" width=\"674\" height=\"449\" srcset=\"https:\/\/rs-schlossneuhaus.lspb.de\/RSN-Home\/wp-content\/uploads\/2021\/01\/08_Schulentlassfeier_-2019-1024x683.jpg 1024w, https:\/\/rs-schlossneuhaus.lspb.de\/RSN-Home\/wp-content\/uploads\/2021\/01\/08_Schulentlassfeier_-2019-300x200.jpg 300w, https:\/\/rs-schlossneuhaus.lspb.de\/RSN-Home\/wp-content\/uploads\/2021\/01\/08_Schulentlassfeier_-2019-768x512.jpg 768w, https:\/\/rs-schlossneuhaus.lspb.de\/RSN-Home\/wp-content\/uploads\/2021\/01\/08_Schulentlassfeier_-2019-391x260.jpg 391w, https:\/\/rs-schlossneuhaus.lspb.de\/RSN-Home\/wp-content\/uploads\/2021\/01\/08_Schulentlassfeier_-2019.jpg 1500w\" sizes=\"auto, (max-width: 674px) 100vw, 674px\" \/><figcaption>Abschlussveranstaltung<\/figcaption><\/figure>\n\n\n\n<h2 class=\"wp-block-heading\" id=\"chemlock\"><strong>Chemie im Lockdown<\/strong><\/h2>\n\n\n\n<p>Im Lockdown experimentieren unsere Sch\u00fcler*innen eben Zuhause.<\/p>\n\n\n\n<p><strong>Projekt 1: Kunststofftrennung<\/strong><\/p>\n\n\n\n<p>Lars B. aus der 7d<\/p>\n\n\n\n<figure class=\"wp-block-image size-large\"><img loading=\"lazy\" decoding=\"async\" width=\"675\" height=\"774\" src=\"https:\/\/rs-schlossneuhaus.lspb.de\/RSN-Home\/wp-content\/uploads\/2021\/02\/projekt1.png\" alt=\"\" class=\"wp-image-1115\" srcset=\"https:\/\/rs-schlossneuhaus.lspb.de\/RSN-Home\/wp-content\/uploads\/2021\/02\/projekt1.png 675w, https:\/\/rs-schlossneuhaus.lspb.de\/RSN-Home\/wp-content\/uploads\/2021\/02\/projekt1-262x300.png 262w\" sizes=\"auto, (max-width: 675px) 100vw, 675px\" \/><\/figure>\n\n\n\n<figure class=\"wp-block-image size-large\"><img loading=\"lazy\" decoding=\"async\" width=\"1920\" height=\"2560\" src=\"https:\/\/rs-schlossneuhaus.lspb.de\/RSN-Home\/wp-content\/uploads\/2021\/02\/Chemie-Versuch-Kunststoff-mit-Salz-edited-scaled.jpg\" alt=\"\" class=\"wp-image-1117\" srcset=\"https:\/\/rs-schlossneuhaus.lspb.de\/RSN-Home\/wp-content\/uploads\/2021\/02\/Chemie-Versuch-Kunststoff-mit-Salz-edited-scaled.jpg 1920w, https:\/\/rs-schlossneuhaus.lspb.de\/RSN-Home\/wp-content\/uploads\/2021\/02\/Chemie-Versuch-Kunststoff-mit-Salz-edited-225x300.jpg 225w, https:\/\/rs-schlossneuhaus.lspb.de\/RSN-Home\/wp-content\/uploads\/2021\/02\/Chemie-Versuch-Kunststoff-mit-Salz-edited-768x1024.jpg 768w, https:\/\/rs-schlossneuhaus.lspb.de\/RSN-Home\/wp-content\/uploads\/2021\/02\/Chemie-Versuch-Kunststoff-mit-Salz-edited-300x400.jpg 300w, https:\/\/rs-schlossneuhaus.lspb.de\/RSN-Home\/wp-content\/uploads\/2021\/02\/Chemie-Versuch-Kunststoff-mit-Salz-edited-1152x1536.jpg 1152w, https:\/\/rs-schlossneuhaus.lspb.de\/RSN-Home\/wp-content\/uploads\/2021\/02\/Chemie-Versuch-Kunststoff-mit-Salz-edited-1536x2048.jpg 1536w\" sizes=\"auto, (max-width: 1920px) 100vw, 1920px\" \/><\/figure>\n\n\n\n<p><strong>Projekt 2: Fitration<\/strong><\/p>\n\n\n\n<p>Lars B. aus der 7d<\/p>\n\n\n\n<figure class=\"wp-block-image size-large\"><img loading=\"lazy\" decoding=\"async\" width=\"676\" height=\"711\" src=\"https:\/\/rs-schlossneuhaus.lspb.de\/RSN-Home\/wp-content\/uploads\/2021\/02\/projekt2.png\" alt=\"\" class=\"wp-image-1120\" srcset=\"https:\/\/rs-schlossneuhaus.lspb.de\/RSN-Home\/wp-content\/uploads\/2021\/02\/projekt2.png 676w, https:\/\/rs-schlossneuhaus.lspb.de\/RSN-Home\/wp-content\/uploads\/2021\/02\/projekt2-285x300.png 285w\" sizes=\"auto, (max-width: 676px) 100vw, 676px\" \/><\/figure>\n\n\n\n<figure class=\"wp-block-image size-large\"><img loading=\"lazy\" decoding=\"async\" width=\"1024\" height=\"997\" src=\"https:\/\/rs-schlossneuhaus.lspb.de\/RSN-Home\/wp-content\/uploads\/2021\/02\/Chemie-Filtrieren-Bild-1-2-1024x997.jpg\" alt=\"\" class=\"wp-image-1121\" srcset=\"https:\/\/rs-schlossneuhaus.lspb.de\/RSN-Home\/wp-content\/uploads\/2021\/02\/Chemie-Filtrieren-Bild-1-2-1024x997.jpg 1024w, https:\/\/rs-schlossneuhaus.lspb.de\/RSN-Home\/wp-content\/uploads\/2021\/02\/Chemie-Filtrieren-Bild-1-2-300x292.jpg 300w, https:\/\/rs-schlossneuhaus.lspb.de\/RSN-Home\/wp-content\/uploads\/2021\/02\/Chemie-Filtrieren-Bild-1-2-768x748.jpg 768w, https:\/\/rs-schlossneuhaus.lspb.de\/RSN-Home\/wp-content\/uploads\/2021\/02\/Chemie-Filtrieren-Bild-1-2-1536x1496.jpg 1536w, https:\/\/rs-schlossneuhaus.lspb.de\/RSN-Home\/wp-content\/uploads\/2021\/02\/Chemie-Filtrieren-Bild-1-2-2048x1994.jpg 2048w\" sizes=\"auto, (max-width: 1024px) 100vw, 1024px\" \/><\/figure>\n\n\n\n<figure class=\"wp-block-image size-large\"><img loading=\"lazy\" decoding=\"async\" width=\"1920\" height=\"2560\" src=\"https:\/\/rs-schlossneuhaus.lspb.de\/RSN-Home\/wp-content\/uploads\/2021\/02\/Chemie-Filtrieren-Bild-2-edited-scaled.jpg\" alt=\"\" class=\"wp-image-1123\" srcset=\"https:\/\/rs-schlossneuhaus.lspb.de\/RSN-Home\/wp-content\/uploads\/2021\/02\/Chemie-Filtrieren-Bild-2-edited-scaled.jpg 1920w, https:\/\/rs-schlossneuhaus.lspb.de\/RSN-Home\/wp-content\/uploads\/2021\/02\/Chemie-Filtrieren-Bild-2-edited-225x300.jpg 225w, https:\/\/rs-schlossneuhaus.lspb.de\/RSN-Home\/wp-content\/uploads\/2021\/02\/Chemie-Filtrieren-Bild-2-edited-768x1024.jpg 768w, https:\/\/rs-schlossneuhaus.lspb.de\/RSN-Home\/wp-content\/uploads\/2021\/02\/Chemie-Filtrieren-Bild-2-edited-300x400.jpg 300w, https:\/\/rs-schlossneuhaus.lspb.de\/RSN-Home\/wp-content\/uploads\/2021\/02\/Chemie-Filtrieren-Bild-2-edited-1152x1536.jpg 1152w, https:\/\/rs-schlossneuhaus.lspb.de\/RSN-Home\/wp-content\/uploads\/2021\/02\/Chemie-Filtrieren-Bild-2-edited-1536x2048.jpg 1536w\" sizes=\"auto, (max-width: 1920px) 100vw, 1920px\" \/><\/figure>\n\n\n\n<p><strong>Projekt 3: Was l\u00f6st sich besser in Wasser? Zucker oder Salz?<\/strong><\/p>\n\n\n\n<p>Philipp R. aus der 7e<\/p>\n\n\n\n<figure class=\"wp-block-image size-large\"><img loading=\"lazy\" decoding=\"async\" width=\"636\" height=\"692\" src=\"https:\/\/rs-schlossneuhaus.lspb.de\/RSN-Home\/wp-content\/uploads\/2021\/02\/projekt3.png\" alt=\"\" class=\"wp-image-1126\" srcset=\"https:\/\/rs-schlossneuhaus.lspb.de\/RSN-Home\/wp-content\/uploads\/2021\/02\/projekt3.png 636w, https:\/\/rs-schlossneuhaus.lspb.de\/RSN-Home\/wp-content\/uploads\/2021\/02\/projekt3-276x300.png 276w\" sizes=\"auto, (max-width: 636px) 100vw, 636px\" \/><\/figure>\n\n\n\n<figure class=\"wp-block-image size-large\"><img loading=\"lazy\" decoding=\"async\" width=\"571\" height=\"841\" src=\"https:\/\/rs-schlossneuhaus.lspb.de\/RSN-Home\/wp-content\/uploads\/2021\/02\/projekt3_2.png\" alt=\"\" class=\"wp-image-1129\" srcset=\"https:\/\/rs-schlossneuhaus.lspb.de\/RSN-Home\/wp-content\/uploads\/2021\/02\/projekt3_2.png 571w, https:\/\/rs-schlossneuhaus.lspb.de\/RSN-Home\/wp-content\/uploads\/2021\/02\/projekt3_2-204x300.png 204w\" sizes=\"auto, (max-width: 571px) 100vw, 571px\" \/><\/figure>\n\n\n\n<p><strong>Projekt 4: Maskentest<\/strong><\/p>\n\n\n\n<p>Lars B. aus der 7d<\/p>\n\n\n\n<figure class=\"wp-block-image size-large\"><img loading=\"lazy\" decoding=\"async\" width=\"493\" height=\"919\" src=\"https:\/\/rs-schlossneuhaus.lspb.de\/RSN-Home\/wp-content\/uploads\/2021\/02\/projekt4.png\" alt=\"\" class=\"wp-image-1130\" srcset=\"https:\/\/rs-schlossneuhaus.lspb.de\/RSN-Home\/wp-content\/uploads\/2021\/02\/projekt4.png 493w, https:\/\/rs-schlossneuhaus.lspb.de\/RSN-Home\/wp-content\/uploads\/2021\/02\/projekt4-161x300.png 161w\" sizes=\"auto, (max-width: 493px) 100vw, 493px\" \/><\/figure>\n\n\n\n<figure class=\"wp-block-image size-large\"><img loading=\"lazy\" decoding=\"async\" width=\"1024\" height=\"768\" src=\"https:\/\/rs-schlossneuhaus.lspb.de\/RSN-Home\/wp-content\/uploads\/2021\/02\/Chemie-Aufbau-Rote-Bete-Saft-2-1024x768.jpg\" alt=\"\" class=\"wp-image-1132\" srcset=\"https:\/\/rs-schlossneuhaus.lspb.de\/RSN-Home\/wp-content\/uploads\/2021\/02\/Chemie-Aufbau-Rote-Bete-Saft-2-1024x768.jpg 1024w, https:\/\/rs-schlossneuhaus.lspb.de\/RSN-Home\/wp-content\/uploads\/2021\/02\/Chemie-Aufbau-Rote-Bete-Saft-2-300x225.jpg 300w, https:\/\/rs-schlossneuhaus.lspb.de\/RSN-Home\/wp-content\/uploads\/2021\/02\/Chemie-Aufbau-Rote-Bete-Saft-2-768x576.jpg 768w, https:\/\/rs-schlossneuhaus.lspb.de\/RSN-Home\/wp-content\/uploads\/2021\/02\/Chemie-Aufbau-Rote-Bete-Saft-2-1536x1152.jpg 1536w, https:\/\/rs-schlossneuhaus.lspb.de\/RSN-Home\/wp-content\/uploads\/2021\/02\/Chemie-Aufbau-Rote-Bete-Saft-2-2048x1536.jpg 2048w\" sizes=\"auto, (max-width: 1024px) 100vw, 1024px\" \/><\/figure>\n\n\n\n<p><strong>Projekt 5: Gefrorene Seifenblasen<\/strong><\/p>\n\n\n\n<figure class=\"wp-block-image size-large\"><img loading=\"lazy\" decoding=\"async\" width=\"768\" height=\"1024\" src=\"https:\/\/rs-schlossneuhaus.lspb.de\/RSN-Home\/wp-content\/uploads\/2021\/02\/8B1C2E47-D72F-4887-908B-404B45D62084-768x1024.jpeg\" alt=\"\" class=\"wp-image-1136\" srcset=\"https:\/\/rs-schlossneuhaus.lspb.de\/RSN-Home\/wp-content\/uploads\/2021\/02\/8B1C2E47-D72F-4887-908B-404B45D62084-768x1024.jpeg 768w, https:\/\/rs-schlossneuhaus.lspb.de\/RSN-Home\/wp-content\/uploads\/2021\/02\/8B1C2E47-D72F-4887-908B-404B45D62084-225x300.jpeg 225w, https:\/\/rs-schlossneuhaus.lspb.de\/RSN-Home\/wp-content\/uploads\/2021\/02\/8B1C2E47-D72F-4887-908B-404B45D62084-300x400.jpeg 300w, https:\/\/rs-schlossneuhaus.lspb.de\/RSN-Home\/wp-content\/uploads\/2021\/02\/8B1C2E47-D72F-4887-908B-404B45D62084-1152x1536.jpeg 1152w, https:\/\/rs-schlossneuhaus.lspb.de\/RSN-Home\/wp-content\/uploads\/2021\/02\/8B1C2E47-D72F-4887-908B-404B45D62084.jpeg 1200w\" sizes=\"auto, (max-width: 768px) 100vw, 768px\" \/><\/figure>\n\n\n\n<figure class=\"wp-block-image size-large\"><img loading=\"lazy\" decoding=\"async\" width=\"1024\" height=\"768\" src=\"https:\/\/rs-schlossneuhaus.lspb.de\/RSN-Home\/wp-content\/uploads\/2021\/02\/90083CCC-265D-43DE-B54B-72C53B558A74-1024x768.jpeg\" alt=\"\" class=\"wp-image-1137\" srcset=\"https:\/\/rs-schlossneuhaus.lspb.de\/RSN-Home\/wp-content\/uploads\/2021\/02\/90083CCC-265D-43DE-B54B-72C53B558A74-1024x768.jpeg 1024w, https:\/\/rs-schlossneuhaus.lspb.de\/RSN-Home\/wp-content\/uploads\/2021\/02\/90083CCC-265D-43DE-B54B-72C53B558A74-300x225.jpeg 300w, https:\/\/rs-schlossneuhaus.lspb.de\/RSN-Home\/wp-content\/uploads\/2021\/02\/90083CCC-265D-43DE-B54B-72C53B558A74-768x576.jpeg 768w, https:\/\/rs-schlossneuhaus.lspb.de\/RSN-Home\/wp-content\/uploads\/2021\/02\/90083CCC-265D-43DE-B54B-72C53B558A74-1536x1152.jpeg 1536w, https:\/\/rs-schlossneuhaus.lspb.de\/RSN-Home\/wp-content\/uploads\/2021\/02\/90083CCC-265D-43DE-B54B-72C53B558A74-2048x1536.jpeg 2048w\" sizes=\"auto, (max-width: 1024px) 100vw, 1024px\" \/><\/figure>\n\n\n\n<figure class=\"wp-block-image size-large\"><img loading=\"lazy\" decoding=\"async\" width=\"768\" height=\"1024\" src=\"https:\/\/rs-schlossneuhaus.lspb.de\/RSN-Home\/wp-content\/uploads\/2021\/02\/IMG-20210210-WA0151-768x1024.jpg\" alt=\"\" class=\"wp-image-1138\" srcset=\"https:\/\/rs-schlossneuhaus.lspb.de\/RSN-Home\/wp-content\/uploads\/2021\/02\/IMG-20210210-WA0151-768x1024.jpg 768w, https:\/\/rs-schlossneuhaus.lspb.de\/RSN-Home\/wp-content\/uploads\/2021\/02\/IMG-20210210-WA0151-225x300.jpg 225w, https:\/\/rs-schlossneuhaus.lspb.de\/RSN-Home\/wp-content\/uploads\/2021\/02\/IMG-20210210-WA0151-300x400.jpg 300w, https:\/\/rs-schlossneuhaus.lspb.de\/RSN-Home\/wp-content\/uploads\/2021\/02\/IMG-20210210-WA0151-1152x1536.jpg 1152w, https:\/\/rs-schlossneuhaus.lspb.de\/RSN-Home\/wp-content\/uploads\/2021\/02\/IMG-20210210-WA0151.jpg 1200w\" sizes=\"auto, (max-width: 768px) 100vw, 768px\" \/><\/figure>\n\n\n\n<figure class=\"wp-block-image size-large\"><img loading=\"lazy\" decoding=\"async\" width=\"768\" height=\"1024\" src=\"https:\/\/rs-schlossneuhaus.lspb.de\/RSN-Home\/wp-content\/uploads\/2021\/02\/IMG-4898-768x1024.jpg\" alt=\"\" class=\"wp-image-1139\" srcset=\"https:\/\/rs-schlossneuhaus.lspb.de\/RSN-Home\/wp-content\/uploads\/2021\/02\/IMG-4898-768x1024.jpg 768w, https:\/\/rs-schlossneuhaus.lspb.de\/RSN-Home\/wp-content\/uploads\/2021\/02\/IMG-4898-225x300.jpg 225w, https:\/\/rs-schlossneuhaus.lspb.de\/RSN-Home\/wp-content\/uploads\/2021\/02\/IMG-4898-300x400.jpg 300w, https:\/\/rs-schlossneuhaus.lspb.de\/RSN-Home\/wp-content\/uploads\/2021\/02\/IMG-4898-1152x1536.jpg 1152w, https:\/\/rs-schlossneuhaus.lspb.de\/RSN-Home\/wp-content\/uploads\/2021\/02\/IMG-4898-1536x2048.jpg 1536w, https:\/\/rs-schlossneuhaus.lspb.de\/RSN-Home\/wp-content\/uploads\/2021\/02\/IMG-4898-scaled.jpg 1920w\" sizes=\"auto, (max-width: 768px) 100vw, 768px\" \/><\/figure>\n\n\n\n<figure class=\"wp-block-image size-large\"><img loading=\"lazy\" decoding=\"async\" width=\"683\" height=\"1024\" src=\"https:\/\/rs-schlossneuhaus.lspb.de\/RSN-Home\/wp-content\/uploads\/2021\/02\/IMG_6677-683x1024.jpg\" alt=\"\" class=\"wp-image-1140\" srcset=\"https:\/\/rs-schlossneuhaus.lspb.de\/RSN-Home\/wp-content\/uploads\/2021\/02\/IMG_6677-683x1024.jpg 683w, https:\/\/rs-schlossneuhaus.lspb.de\/RSN-Home\/wp-content\/uploads\/2021\/02\/IMG_6677-200x300.jpg 200w, https:\/\/rs-schlossneuhaus.lspb.de\/RSN-Home\/wp-content\/uploads\/2021\/02\/IMG_6677-768x1152.jpg 768w, https:\/\/rs-schlossneuhaus.lspb.de\/RSN-Home\/wp-content\/uploads\/2021\/02\/IMG_6677-1024x1536.jpg 1024w, https:\/\/rs-schlossneuhaus.lspb.de\/RSN-Home\/wp-content\/uploads\/2021\/02\/IMG_6677-1365x2048.jpg 1365w, https:\/\/rs-schlossneuhaus.lspb.de\/RSN-Home\/wp-content\/uploads\/2021\/02\/IMG_6677-scaled.jpg 1707w\" sizes=\"auto, (max-width: 683px) 100vw, 683px\" \/><\/figure>\n\n\n\n<figure class=\"wp-block-image size-large\"><img loading=\"lazy\" decoding=\"async\" width=\"1024\" height=\"768\" src=\"https:\/\/rs-schlossneuhaus.lspb.de\/RSN-Home\/wp-content\/uploads\/2021\/02\/IMG-4889-1024x768.jpg\" alt=\"\" class=\"wp-image-1141\" srcset=\"https:\/\/rs-schlossneuhaus.lspb.de\/RSN-Home\/wp-content\/uploads\/2021\/02\/IMG-4889-1024x768.jpg 1024w, https:\/\/rs-schlossneuhaus.lspb.de\/RSN-Home\/wp-content\/uploads\/2021\/02\/IMG-4889-300x225.jpg 300w, https:\/\/rs-schlossneuhaus.lspb.de\/RSN-Home\/wp-content\/uploads\/2021\/02\/IMG-4889-768x576.jpg 768w, https:\/\/rs-schlossneuhaus.lspb.de\/RSN-Home\/wp-content\/uploads\/2021\/02\/IMG-4889-1536x1152.jpg 1536w, https:\/\/rs-schlossneuhaus.lspb.de\/RSN-Home\/wp-content\/uploads\/2021\/02\/IMG-4889-2048x1536.jpg 2048w\" sizes=\"auto, (max-width: 1024px) 100vw, 1024px\" \/><\/figure>\n\n\n\n<figure class=\"wp-block-image size-large\"><img loading=\"lazy\" decoding=\"async\" width=\"768\" height=\"1024\" src=\"https:\/\/rs-schlossneuhaus.lspb.de\/RSN-Home\/wp-content\/uploads\/2021\/02\/IMG-20210210-WA0150-768x1024.jpg\" alt=\"\" class=\"wp-image-1142\" srcset=\"https:\/\/rs-schlossneuhaus.lspb.de\/RSN-Home\/wp-content\/uploads\/2021\/02\/IMG-20210210-WA0150-768x1024.jpg 768w, https:\/\/rs-schlossneuhaus.lspb.de\/RSN-Home\/wp-content\/uploads\/2021\/02\/IMG-20210210-WA0150-225x300.jpg 225w, https:\/\/rs-schlossneuhaus.lspb.de\/RSN-Home\/wp-content\/uploads\/2021\/02\/IMG-20210210-WA0150-300x400.jpg 300w, https:\/\/rs-schlossneuhaus.lspb.de\/RSN-Home\/wp-content\/uploads\/2021\/02\/IMG-20210210-WA0150-1152x1536.jpg 1152w, https:\/\/rs-schlossneuhaus.lspb.de\/RSN-Home\/wp-content\/uploads\/2021\/02\/IMG-20210210-WA0150.jpg 1200w\" sizes=\"auto, (max-width: 768px) 100vw, 768px\" \/><\/figure>\n\n\n\n<p><strong>Projekt 6: Br\u00fcckenbau<\/strong><\/p>\n\n\n\n<figure class=\"wp-block-image size-large is-resized\"><img loading=\"lazy\" decoding=\"async\" src=\"https:\/\/rs-schlossneuhaus.lspb.de\/RSN-Home\/wp-content\/uploads\/2021\/02\/projekt6.png\" alt=\"\" class=\"wp-image-1148\" width=\"638\" height=\"339\" srcset=\"https:\/\/rs-schlossneuhaus.lspb.de\/RSN-Home\/wp-content\/uploads\/2021\/02\/projekt6.png 458w, https:\/\/rs-schlossneuhaus.lspb.de\/RSN-Home\/wp-content\/uploads\/2021\/02\/projekt6-300x159.png 300w\" sizes=\"auto, (max-width: 638px) 100vw, 638px\" \/><\/figure>\n","protected":false},"excerpt":{"rendered":"<p>Die Realschule Schloss Neuhaus versteht den Chemieunterricht als ein sehr praktisches Fach. Hier d\u00fcrfen die Sch\u00fcler*innen selbst experimentieren. In jedem Jahrgang bieten wir spannende Versuche an, die sich immer gro\u00dfer Beliebtheit erfreuen und neben dem oft verkopften Alltag auch etwas Abwechselung bieten. Unser Wissen, K\u00f6nnen und die sch\u00f6nsten Produkte unseres Chemieunterrichtes stellen wir regelm\u00e4\u00dfig auf [&hellip;]<\/p>\n","protected":false},"author":1,"featured_media":0,"parent":739,"menu_order":0,"comment_status":"closed","ping_status":"closed","template":"","meta":{"footnotes":""},"class_list":["post-801","page","type-page","status-publish","hentry"],"_links":{"self":[{"href":"https:\/\/rs-schlossneuhaus.lspb.de\/RSN-Home\/wp-json\/wp\/v2\/pages\/801","targetHints":{"allow":["GET"]}}],"collection":[{"href":"https:\/\/rs-schlossneuhaus.lspb.de\/RSN-Home\/wp-json\/wp\/v2\/pages"}],"about":[{"href":"https:\/\/rs-schlossneuhaus.lspb.de\/RSN-Home\/wp-json\/wp\/v2\/types\/page"}],"author":[{"embeddable":true,"href":"https:\/\/rs-schlossneuhaus.lspb.de\/RSN-Home\/wp-json\/wp\/v2\/users\/1"}],"replies":[{"embeddable":true,"href":"https:\/\/rs-schlossneuhaus.lspb.de\/RSN-Home\/wp-json\/wp\/v2\/comments?post=801"}],"version-history":[{"count":16,"href":"https:\/\/rs-schlossneuhaus.lspb.de\/RSN-Home\/wp-json\/wp\/v2\/pages\/801\/revisions"}],"predecessor-version":[{"id":1149,"href":"https:\/\/rs-schlossneuhaus.lspb.de\/RSN-Home\/wp-json\/wp\/v2\/pages\/801\/revisions\/1149"}],"up":[{"embeddable":true,"href":"https:\/\/rs-schlossneuhaus.lspb.de\/RSN-Home\/wp-json\/wp\/v2\/pages\/739"}],"wp:attachment":[{"href":"https:\/\/rs-schlossneuhaus.lspb.de\/RSN-Home\/wp-json\/wp\/v2\/media?parent=801"}],"curies":[{"name":"wp","href":"https:\/\/api.w.org\/{rel}","templated":true}]}}