{"id":786,"date":"2021-01-04T09:56:43","date_gmt":"2021-01-04T08:56:43","guid":{"rendered":"https:\/\/rs-schlossneuhaus.lspb.de\/RSN-Home\/?page_id=786"},"modified":"2025-02-13T20:34:10","modified_gmt":"2025-02-13T19:34:10","slug":"berufsorientierung","status":"publish","type":"page","link":"https:\/\/rs-schlossneuhaus.lspb.de\/RSN-Home\/tag-der-offenen-tuer\/berufsorientierung\/","title":{"rendered":"Berufsorientierung"},"content":{"rendered":"\n<p><strong>Studien- und Berufswahlorientierung an der Realschule<\/strong><\/p>\n\n\n\n<div class=\"wp-block-columns is-layout-flex wp-container-core-columns-is-layout-28f84493 wp-block-columns-is-layout-flex\">\n<div class=\"wp-block-column is-layout-flow wp-block-column-is-layout-flow\">\n<figure class=\"wp-block-table\"><table class=\"has-pale-cyan-blue-background-color has-background\"><tbody><tr><td class=\"has-text-align-center\" data-align=\"center\"><strong>Klasse 8<\/strong><\/td><\/tr><tr><td class=\"has-text-align-center\" data-align=\"center\">Einf\u00fchrung<br>Berufswahlpass NRW<\/td><\/tr><tr><td class=\"has-text-align-center\" data-align=\"center\">Bewerbungsschreiben f\u00fcr das Tagespraktikum im Fach DT<\/td><\/tr><tr><td class=\"has-text-align-center\" data-align=\"center\">BIZ in der Schule<\/td><\/tr><tr><td class=\"has-text-align-center\" data-align=\"center\">UE:<br>Unsere Kooperationspartner<\/td><\/tr><tr><td class=\"has-text-align-center\" data-align=\"center\">Vor- und Nachbereitung<br>Girls\u00b4 -\/ Boys\u00b4- Day<\/td><\/tr><tr><td class=\"has-text-align-center\" data-align=\"center\">Praktikumsinformation<\/td><\/tr><tr><td class=\"has-text-align-center\" data-align=\"center\">Vor- und Nachbereitung von<br>3 Berufsfelderkundungen<\/td><\/tr><tr><td class=\"has-text-align-center\" data-align=\"center\">Selbst- und Fremdeinsch\u00e4tzung<\/td><\/tr><tr><td class=\"has-text-align-center\" data-align=\"center\">&#8222;Mein Praktikum f\u00fcr dich&#8220;<\/td><\/tr><tr><td class=\"has-text-align-center\" data-align=\"center\">Potenzialanalyse<\/td><\/tr><\/tbody><\/table><\/figure>\n<\/div>\n\n\n\n<div class=\"wp-block-column is-layout-flow wp-block-column-is-layout-flow\">\n<figure class=\"wp-block-table\"><table class=\"has-vivid-green-cyan-background-color has-background\"><tbody><tr><td class=\"has-text-align-center\" data-align=\"center\"><strong>Klasse 9<\/strong><\/td><\/tr><tr><td class=\"has-text-align-center\" data-align=\"center\">Weiterf\u00fchrung<br>Berufswahlpass NRW<\/td><\/tr><tr><td class=\"has-text-align-center\" data-align=\"center\">Vor- und Nachbereitung<br>Praktikum (UE)<\/td><\/tr><tr><td class=\"has-text-align-center\" data-align=\"center\">Praktikumspr\u00e4sentation (UE)<\/td><\/tr><tr><td class=\"has-text-align-center\" data-align=\"center\">Bewerbungsschreiben f\u00fcr die<br>Ausbildung (AIDA) (UE)<\/td><\/tr><tr><td class=\"has-text-align-center\" data-align=\"center\">Bekanntmachung von<br>Technik? Ehrensache!<br>Pflege? Ehrensache!<\/td><\/tr><tr><td class=\"has-text-align-center\" data-align=\"center\">Connect im Unterricht<\/td><\/tr><tr><td class=\"has-text-align-center\" data-align=\"center\">Anschlussvereinbarung<br>online (EckO)<\/td><\/tr><tr><td class=\"has-text-align-center\" data-align=\"center\">Berufsberatung<\/td><\/tr><tr><td class=\"has-text-align-center\" data-align=\"center\">&#8222;Mein Praktikum f\u00fcr dich&#8220;<\/td><\/tr><tr><td class=\"has-text-align-center\" data-align=\"center\">Handwerkskammer Ausbildungsbotschafter<\/td><\/tr><\/tbody><\/table><\/figure>\n<\/div>\n\n\n\n<div class=\"wp-block-column is-layout-flow wp-block-column-is-layout-flow\">\n<figure class=\"wp-block-table\"><table class=\"has-pale-cyan-blue-background-color has-background\"><tbody><tr><td class=\"has-text-align-center\" data-align=\"center\"><strong>Klasse 10<\/strong><\/td><\/tr><tr><td class=\"has-text-align-center\" data-align=\"center\">Weiterf\u00fchrung<br>Berufswahlpass NRW<\/td><\/tr><tr><td class=\"has-text-align-center\" data-align=\"center\">Bewerbungstraining (Schwerpunkt<br>Assessment-Center)<\/td><\/tr><tr><td class=\"has-text-align-center\" data-align=\"center\">Mitbetreuung von<br>Technik? Ehrensache!<br>Pflege? Ehrensache<\/td><\/tr><tr><td class=\"has-text-align-center\" data-align=\"center\">Berufsberatung<\/td><\/tr><tr><td class=\"has-text-align-center\" data-align=\"center\">Onlineanmeldung<\/td><\/tr><tr><td class=\"has-text-align-center\" data-align=\"center\">Infoabend<br>weiterf\u00fchrende Schulen<\/td><\/tr><tr><td class=\"has-text-align-center\" data-align=\"center\">Besuch der Connect &#8211;<br>Paderborn<\/td><\/tr><tr><td class=\"has-text-align-center\" data-align=\"center\">Schnuppertag an den BKs<\/td><\/tr><\/tbody><\/table><\/figure>\n<\/div>\n<\/div>\n\n\n\n<p class=\"has-text-align-center\"><strong>N\u00e4chsten Termine<\/strong><\/p>\n\n\n\n<div class=\"wp-block-columns has-pale-cyan-blue-background-color has-background is-layout-flex wp-container-core-columns-is-layout-28f84493 wp-block-columns-is-layout-flex\" style=\"border-style:none;border-width:0px;border-radius:0px\">\n<div class=\"wp-block-column is-layout-flow wp-block-column-is-layout-flow\">\n<div class=\"mec-wrap mec-skin-grid-container  \" id=\"mec_skin_2493\">\r\n    \r\n        \r\n        <div class=\"mec-skin-grid-events-container\" id=\"mec_skin_events_2493\">\r\n        Keine Veranstaltung gefunden!    <\/div>\r\n        \r\n        \r\n<\/div>\n<\/div>\n<\/div>\n\n\n\n<p>Unsere Kooperationspartner<\/p>\n\n\n\n<figure class=\"wp-block-image size-large\"><img loading=\"lazy\" decoding=\"async\" width=\"1024\" height=\"468\" src=\"https:\/\/rs-schlossneuhaus.lspb.de\/RSN-Home\/wp-content\/uploads\/2023\/09\/Uebersicht2-1024x468.png\" alt=\"\" class=\"wp-image-2394\" srcset=\"https:\/\/rs-schlossneuhaus.lspb.de\/RSN-Home\/wp-content\/uploads\/2023\/09\/Uebersicht2-1024x468.png 1024w, https:\/\/rs-schlossneuhaus.lspb.de\/RSN-Home\/wp-content\/uploads\/2023\/09\/Uebersicht2-300x137.png 300w, https:\/\/rs-schlossneuhaus.lspb.de\/RSN-Home\/wp-content\/uploads\/2023\/09\/Uebersicht2-768x351.png 768w, https:\/\/rs-schlossneuhaus.lspb.de\/RSN-Home\/wp-content\/uploads\/2023\/09\/Uebersicht2.png 1172w\" sizes=\"auto, (max-width: 1024px) 100vw, 1024px\" \/><\/figure>\n\n\n\n<p>Unsere Beraterin an der RSN<\/p>\n\n\n\n<p><strong>Melanie Schnettler<\/strong><\/p>\n\n\n\n<p>Beraterin U25 mit Schwerpunkt Berufsorientierung<\/p>\n\n\n\n<p>Telefon:&nbsp;&nbsp;&nbsp; 05251 120-148<\/p>\n\n\n\n<p>Telefax:&nbsp;&nbsp;&nbsp; 05251 120-222<\/p>\n\n\n\n<p>Internet:&nbsp;&nbsp;<a href=\"https:\/\/www.arbeitsagentur.de\/vor-ort\/paderborn\/realschule-schloss-neuhaus\">https:\/\/www.arbeitsagentur.de\/vor-ort\/paderborn\/realschule-schloss-neuhaus<\/a><\/p>\n\n\n\n<p class=\"has-large-font-size\">Aktuelle Infos aus den Jahrg\u00e4ngen<\/p>\n\n\n\n<p><a href=\"https:\/\/lspb.taskcards.app\/#\/board\/003092b0-46e3-4823-a3a7-ee576bca8630?token=dc747fd5-056e-4fd6-b414-1859d82ee161\">Jahrgang 8<\/a><\/p>\n\n\n\n<p><a href=\"https:\/\/lspb.taskcards.app\/#\/board\/c9332681-f2d7-45cc-8579-dd40b4900617?token=cb486b09-8389-4a11-82b6-4d182e98eabe\">Jahrgang 9<\/a><\/p>\n\n\n\n<p><a href=\"https:\/\/lspb.taskcards.app\/#\/board\/c16240ef-25eb-4175-b791-29f586f5d1ad?token=5e732e73-8411-4f6d-9eaf-6d9e3b16938f\">Jahrgang 10<\/a><\/p>\n","protected":false},"excerpt":{"rendered":"<p>Studien- und Berufswahlorientierung an der Realschule Klasse 8 Einf\u00fchrungBerufswahlpass NRW Bewerbungsschreiben f\u00fcr das Tagespraktikum im Fach DT BIZ in der Schule UE:Unsere Kooperationspartner Vor- und NachbereitungGirls\u00b4 -\/ Boys\u00b4- Day Praktikumsinformation Vor- und Nachbereitung von3 Berufsfelderkundungen Selbst- und Fremdeinsch\u00e4tzung &#8222;Mein Praktikum f\u00fcr dich&#8220; Potenzialanalyse Klasse 9 Weiterf\u00fchrungBerufswahlpass NRW Vor- und NachbereitungPraktikum (UE) Praktikumspr\u00e4sentation (UE) Bewerbungsschreiben f\u00fcr [&hellip;]<\/p>\n","protected":false},"author":1,"featured_media":0,"parent":436,"menu_order":0,"comment_status":"closed","ping_status":"closed","template":"","meta":{"footnotes":""},"class_list":["post-786","page","type-page","status-publish","hentry"],"_links":{"self":[{"href":"https:\/\/rs-schlossneuhaus.lspb.de\/RSN-Home\/wp-json\/wp\/v2\/pages\/786","targetHints":{"allow":["GET"]}}],"collection":[{"href":"https:\/\/rs-schlossneuhaus.lspb.de\/RSN-Home\/wp-json\/wp\/v2\/pages"}],"about":[{"href":"https:\/\/rs-schlossneuhaus.lspb.de\/RSN-Home\/wp-json\/wp\/v2\/types\/page"}],"author":[{"embeddable":true,"href":"https:\/\/rs-schlossneuhaus.lspb.de\/RSN-Home\/wp-json\/wp\/v2\/users\/1"}],"replies":[{"embeddable":true,"href":"https:\/\/rs-schlossneuhaus.lspb.de\/RSN-Home\/wp-json\/wp\/v2\/comments?post=786"}],"version-history":[{"count":100,"href":"https:\/\/rs-schlossneuhaus.lspb.de\/RSN-Home\/wp-json\/wp\/v2\/pages\/786\/revisions"}],"predecessor-version":[{"id":28325,"href":"https:\/\/rs-schlossneuhaus.lspb.de\/RSN-Home\/wp-json\/wp\/v2\/pages\/786\/revisions\/28325"}],"up":[{"embeddable":true,"href":"https:\/\/rs-schlossneuhaus.lspb.de\/RSN-Home\/wp-json\/wp\/v2\/pages\/436"}],"wp:attachment":[{"href":"https:\/\/rs-schlossneuhaus.lspb.de\/RSN-Home\/wp-json\/wp\/v2\/media?parent=786"}],"curies":[{"name":"wp","href":"https:\/\/api.w.org\/{rel}","templated":true}]}}