{"id":755,"date":"2020-12-30T20:09:17","date_gmt":"2020-12-30T19:09:17","guid":{"rendered":"https:\/\/rs-schlossneuhaus.lspb.de\/RSN-Home\/?page_id=755"},"modified":"2021-01-08T13:52:14","modified_gmt":"2021-01-08T12:52:14","slug":"technik","status":"publish","type":"page","link":"https:\/\/rs-schlossneuhaus.lspb.de\/RSN-Home\/tag-der-offenen-tuer\/wahlpflicht-2\/technik\/","title":{"rendered":"Technik"},"content":{"rendered":"\n<p>Bei uns im Technikunterricht ist immer was los:<\/p>\n\n\n\n<div class=\"wp-block-image is-style-rounded\"><figure class=\"alignleft size-large is-resized\"><img loading=\"lazy\" decoding=\"async\" src=\"https:\/\/rs-schlossneuhaus.lspb.de\/RSN-Home\/wp-content\/uploads\/2020\/12\/anzeichnen2.gif\" alt=\"\" class=\"wp-image-756\" width=\"364\" height=\"320\"\/><figcaption>Anzeichnen<\/figcaption><\/figure><\/div>\n\n\n\n<div class=\"wp-block-image is-style-rounded\"><figure class=\"alignleft size-large is-resized\"><img decoding=\"async\" src=\"https:\/\/rs-schlossneuhaus.lspb.de\/RSN-Home\/wp-content\/uploads\/2020\/12\/blaettern.gif\" alt=\"\" class=\"wp-image-757\" width=\"364\"\/><figcaption>Anleitung lesen<\/figcaption><\/figure><\/div>\n\n\n\n<figure class=\"wp-block-image size-large is-style-rounded\"><img loading=\"lazy\" decoding=\"async\" width=\"364\" height=\"320\" src=\"https:\/\/rs-schlossneuhaus.lspb.de\/RSN-Home\/wp-content\/uploads\/2020\/12\/bohren.gif\" alt=\"\" class=\"wp-image-758\"\/><figcaption>Bohren<\/figcaption><\/figure>\n\n\n\n<div class=\"wp-block-image is-style-rounded\"><figure class=\"alignleft size-large is-resized\"><img loading=\"lazy\" decoding=\"async\" src=\"https:\/\/rs-schlossneuhaus.lspb.de\/RSN-Home\/wp-content\/uploads\/2020\/12\/Dec-30-2020-17-48-35.gif\" alt=\"\" class=\"wp-image-759\" width=\"364\" height=\"320\"\/><figcaption>S\u00e4gen<\/figcaption><\/figure><\/div>\n\n\n\n<figure class=\"wp-block-image size-large is-style-rounded\"><img loading=\"lazy\" decoding=\"async\" width=\"364\" height=\"320\" src=\"https:\/\/rs-schlossneuhaus.lspb.de\/RSN-Home\/wp-content\/uploads\/2020\/12\/leimen.gif\" alt=\"\" class=\"wp-image-760\"\/><figcaption>Leimen<\/figcaption><\/figure>\n\n\n\n<p>Das Unterrichtsfach Technik vermittelt Grundkonzepte technischer Innovation<br>und f\u00fchrt die Sch\u00fclerinnen und Sch\u00fcler an wesentliche Entwicklungsfelder<br>neuer Technologien heran.<br><\/p>\n\n\n\n<p>Durch Lebenswelt- und Praxisbez\u00fcge leistet der Unterricht einen Beitrag zur<br>Nachhaltigkeit und Berufsorientierung. Er unterst\u00fctzt sowohl M\u00e4dchen als<br>auch Jungen darin, die Bedeutung technischer Kompetenzen f\u00fcr sich selbst und<br>f\u00fcr verschiedene Berufsfelder zu erkennen.<br><\/p>\n\n\n\n<p>Technischer Fortschritt beinhaltet jedoch auch Risiken, die erkannt und<br>bewertet werden m\u00fcssen.<br><\/p>\n\n\n\n<p>Aufgrund dieser besonderen Bedeutung von Technik f\u00fcr alle Lebensbereiche und<br>alle dadurch entstehenden Herausforderungen, ist technische Bildung ein<br>notwendiger Bestandteil der Allgemeinbildung.<\/p>\n\n\n\n<p>Die Sch\u00fclerinnen und Sch\u00fcler besch\u00e4ftigen sich im Technikunterricht, von der<br>Klasse 7 bis zur Klasse 10, mit folgenden Inhalten:<\/p>\n\n\n\n<p>&#8211; Sicherheit im Technikunterricht<br>&#8211; Holz<br>&#8211; Technisches Zeichnen<br>&#8211; L\u00f6ten (Weichl\u00f6ten)<br>&#8211; Maschinenkunde<br>&#8211; Elektrotechnik<br>&#8211; Elektromagnetismus<br>&#8211; Getriebetechnik<br>&#8211; Flug und Fliegen<br>&#8211; Metallverarbeitung<br>&#8211; Bautechnik<br>&#8211; Verbrennungsmotoren<br>&#8211; Kunststofftechnik<br>&#8211; Steuern und Regeln<\/p>\n\n\n\n<div class=\"wp-block-buttons is-layout-flex wp-block-buttons-is-layout-flex\">\n<div class=\"wp-block-button\"><a class=\"wp-block-button__link\" href=\"https:\/\/rs-schlossneuhaus.lspb.de\/RSN-Home\/tag-der-offenen-tuer\/wahlpflicht-2\/\">Zur\u00fcck<\/a><\/div>\n<\/div>\n\n\n\n<p><\/p>\n","protected":false},"excerpt":{"rendered":"<p>Bei uns im Technikunterricht ist immer was los: Das Unterrichtsfach Technik vermittelt Grundkonzepte technischer Innovationund f\u00fchrt die Sch\u00fclerinnen und Sch\u00fcler an wesentliche Entwicklungsfelderneuer Technologien heran. Durch Lebenswelt- und Praxisbez\u00fcge leistet der Unterricht einen Beitrag zurNachhaltigkeit und Berufsorientierung. Er unterst\u00fctzt sowohl M\u00e4dchen alsauch Jungen darin, die Bedeutung technischer Kompetenzen f\u00fcr sich selbst undf\u00fcr verschiedene Berufsfelder zu [&hellip;]<\/p>\n","protected":false},"author":1,"featured_media":0,"parent":739,"menu_order":0,"comment_status":"closed","ping_status":"closed","template":"","meta":{"footnotes":""},"class_list":["post-755","page","type-page","status-publish","hentry"],"_links":{"self":[{"href":"https:\/\/rs-schlossneuhaus.lspb.de\/RSN-Home\/wp-json\/wp\/v2\/pages\/755","targetHints":{"allow":["GET"]}}],"collection":[{"href":"https:\/\/rs-schlossneuhaus.lspb.de\/RSN-Home\/wp-json\/wp\/v2\/pages"}],"about":[{"href":"https:\/\/rs-schlossneuhaus.lspb.de\/RSN-Home\/wp-json\/wp\/v2\/types\/page"}],"author":[{"embeddable":true,"href":"https:\/\/rs-schlossneuhaus.lspb.de\/RSN-Home\/wp-json\/wp\/v2\/users\/1"}],"replies":[{"embeddable":true,"href":"https:\/\/rs-schlossneuhaus.lspb.de\/RSN-Home\/wp-json\/wp\/v2\/comments?post=755"}],"version-history":[{"count":5,"href":"https:\/\/rs-schlossneuhaus.lspb.de\/RSN-Home\/wp-json\/wp\/v2\/pages\/755\/revisions"}],"predecessor-version":[{"id":1000,"href":"https:\/\/rs-schlossneuhaus.lspb.de\/RSN-Home\/wp-json\/wp\/v2\/pages\/755\/revisions\/1000"}],"up":[{"embeddable":true,"href":"https:\/\/rs-schlossneuhaus.lspb.de\/RSN-Home\/wp-json\/wp\/v2\/pages\/739"}],"wp:attachment":[{"href":"https:\/\/rs-schlossneuhaus.lspb.de\/RSN-Home\/wp-json\/wp\/v2\/media?parent=755"}],"curies":[{"name":"wp","href":"https:\/\/api.w.org\/{rel}","templated":true}]}}