{"id":727,"date":"2020-12-23T15:45:11","date_gmt":"2020-12-23T14:45:11","guid":{"rendered":"https:\/\/rs-schlossneuhaus.lspb.de\/RSN-Home\/?page_id=727"},"modified":"2022-01-14T07:58:28","modified_gmt":"2022-01-14T06:58:28","slug":"erprobungsstufe","status":"publish","type":"page","link":"https:\/\/rs-schlossneuhaus.lspb.de\/RSN-Home\/tag-der-offenen-tuer\/erprobungsstufe\/","title":{"rendered":"Erprobungsstufe"},"content":{"rendered":"\n<div class=\"wp-block-image\"><figure class=\"aligncenter size-large\"><img loading=\"lazy\" decoding=\"async\" width=\"400\" height=\"301\" src=\"https:\/\/rs-schlossneuhaus.lspb.de\/RSN-Home\/wp-content\/uploads\/2020\/12\/unterstufe1.jpg\" alt=\"\" class=\"wp-image-728\" srcset=\"https:\/\/rs-schlossneuhaus.lspb.de\/RSN-Home\/wp-content\/uploads\/2020\/12\/unterstufe1.jpg 400w, https:\/\/rs-schlossneuhaus.lspb.de\/RSN-Home\/wp-content\/uploads\/2020\/12\/unterstufe1-300x226.jpg 300w\" sizes=\"auto, (max-width: 400px) 100vw, 400px\" \/><\/figure><\/div>\n\n\n\n<iframe loading=\"lazy\" width=\"560\" height=\"315\" src=\"https:\/\/www.youtube.com\/embed\/-lqvAPvoDBE?rel=0\" title=\"YouTube video player\" frameborder=\"0\" allow=\"accelerometer; autoplay; clipboard-write; encrypted-media; gyroscope; picture-in-picture\" allowfullscreen=\"\"><\/iframe>\n\n\n\n<p class=\"has-text-align-left\">In der Sekundarstufe I bilden die Jahrgangsstufen 5 und 6 eine p\u00e4dagogische Einheit. Diese sogenannte Erprobungsstufe kn\u00fcpft in den zwei Jahren an den Lernerfahrungen an, die die Sch \u00fcler\/innen in der Grundschule gemacht haben. <\/p>\n\n\n\n<p class=\"has-text-align-left\">Innerhalb dieser p\u00e4dagogischen Einheit gehen die Sch\u00fcler\/innen ohne Versetzung von der Jahrgangsstufe 5 in die Jahrgangsstufe 6 \u00fcber. W\u00e4hrend dieser zwei Jahre wird pro Halbjahr eine sogenannte Erprobungsstufenkonferenz gehalten. Hier wird die Leistung, aber auch die Entwicklung aller Sch\u00fcler\/innen ausf\u00fchrlich besprochen und dokumentiert. In der Erprobungsstufe beobachtet und f\u00f6rdert die Realschule Schlo\u00df Neuhaus die F\u00e4higkeiten und Fertigkeiten aller Sch\u00fcler\/innen. Unsere Lehrkr\u00e4fte haben die individuelle Entwicklung des einzelnen Kindes und dessen entsprechenden F\u00f6rderm\u00f6glichkeiten in diesen zwei Jahren besonders im Blick.<\/p>\n\n\n\n<p class=\"has-text-align-left\">Am Ende der 6. Klasse entscheidet die Versetzungskonferenz dar\u00fcber, ob die Sch\u00fcler\/innen f\u00fcr den weiteren Besuch der Realschule Schlo\u00df Neuhaus geeignet sind. <\/p>\n\n\n\n<p class=\"has-text-align-center\"><strong>Klasse 5 <\/strong><\/p>\n\n\n\n<p>Es ist uns an der Realschule Schlo\u00df Neuhaus besonders wichtig, dass der \u00dcbergang von der Grundschule zur Realschule m\u00f6glichst angenehm und reibungslos gestaltet wird.<\/p>\n\n\n\n<p>Bereits vor dem Start in die Klasse 5 findet ein sogenannter Nullter Elternabend statt. An diesem Abend erhalten die Eltern unserer neuen Sch\u00fcler\/innen alle wichtigen Informationen zur Einschulung und zum weiteren Ablauf der ersten Wochen. Sie lernen die neuen Klassenlehrer\/innen kennen, erhalten eine Einschulungsmappe mit wesentlichen Informationen und k\u00f6nnen in einen ersten Austausch treten.<\/p>\n\n\n\n<p>Zu unserem Konzept f\u00fcr einen gelungenen Start an der Realschule Schlo\u00df Neuhaus geh\u00f6rt auch, dass die Sch\u00fcler\/innen in einer Einf\u00fchrungswoche die meisten Stunden beim Klassenlehrer, bei der Klassenlehrerin haben. Hier lernen sie durch eine Schulralley die Schule kennen, erste neue Freundschaften werden gekn\u00fcpft und die Klassengemeinschaft kann sich entwickeln. <\/p>\n\n\n\n<p>F\u00fcr unsere Klassen 5 und 6 hat die Realschule einen eigenen Unterstufenschulhof, auf dem die \u201eKleinen\u201c die ersten beiden Jahre \u201eunter sich\u201c sein k\u00f6nnen.<\/p>\n\n\n\n<p>In der Lernen-lernen-Stunde, die w\u00f6chentlich im Stundenplan verankert ist, werden feste Regeln und Vereinbarungen getroffen, der Umgang mit Schulmaterialien und dem Schulplaner trainiert, aber auch ein umfangreiches Repertoire an Methoden f\u00fcr eine erfolgreiche Schullaufbahn vermittelt. <\/p>\n\n\n\n<p>Ebenfalls im Stundenplan fest verankert ist eine zus\u00e4tzliche F\u00f6rderstunde in den F\u00e4chern Deutsch, Mathematik und Englisch. <\/p>\n\n\n\n<p>Hier wird die Klasse nach M\u00f6glichkeit von zwei Lehrern, Lehrerinnen unterrichtet. Dies erm\u00f6glicht eine besondere F\u00f6rderung unserer Sch\u00fcler\/innen, da die Lerngruppe geteilt und individueller unterrichtet werden kann.<\/p>\n\n\n\n<figure class=\"wp-block-image size-full\"><img loading=\"lazy\" decoding=\"async\" width=\"558\" height=\"414\" src=\"https:\/\/rs-schlossneuhaus.lspb.de\/RSN-Home\/wp-content\/uploads\/2022\/01\/Stundenplanunterstufe.jpg\" alt=\"\" class=\"wp-image-1651\" srcset=\"https:\/\/rs-schlossneuhaus.lspb.de\/RSN-Home\/wp-content\/uploads\/2022\/01\/Stundenplanunterstufe.jpg 558w, https:\/\/rs-schlossneuhaus.lspb.de\/RSN-Home\/wp-content\/uploads\/2022\/01\/Stundenplanunterstufe-300x223.jpg 300w\" sizes=\"auto, (max-width: 558px) 100vw, 558px\" \/><figcaption>Beispielhafter Stundenplan der 5. Klasse<\/figcaption><\/figure>\n\n\n\n<p>Grunds\u00e4tzlich verstehen sich die Lehrer\/innen als Klassenteam, wobei auch der obligatorische Klassenrat der Sch\u00fcler\/innen eine wesentliche Rolle spielt. Gem\u00e4\u00df dem Motto \u201eVielfalt f\u00f6rdern\u201c steht neben der fachlichen Arbeit besonders die p\u00e4dagogische Arbeit im Mittelpunkt. Hier liegt ein besonderes Augenmerk auf dem CRM (Classroom Management), zu dem auch die regelm\u00e4\u00dfigen Teamhospitationen der Lehrer\/innen innerhalb einer Klasse z\u00e4hlen. So gelingt uns ein ganzheitlicher Blick auf unsere Sch\u00fcler\/innen.<\/p>\n\n\n\n<p>Zur Entwicklung einer guten Klassengemeinschaft tr\u00e4gt auch die einw\u00f6chige Fahrt zum Jugendbauernhof nach Hardehausen bei, die in unserem Fahrtenkonzept seit vielen Jahren sehr erfolgreich verankert ist.<\/p>\n\n\n\n<p class=\"has-text-align-center\"><strong>Klasse 6<\/strong><\/p>\n\n\n\n<p>In Klasse 6 wird die fachliche und p\u00e4dagogische Arbeit fortgesetzt. Die Lernen-lernen-Stunde und die F\u00f6rderstunden in den F\u00e4chern Deutsch, Mathematik und Englisch sind weiterhin im Stundenplan verankert. Nach M\u00f6glichkeit findet in den F\u00e4chern kein Lehrerwechsel statt.<\/p>\n\n\n\n<p>An der Realschule Schlo\u00df Neuhaus legen wir gro\u00dfen Wert darauf, dass unsere Sch\u00fcler\/innen auch Lernorte au\u00dferhalb der Schule kennenlernen. Dies geschieht in Klasse 6 vor allem im \u201eneuen\u201c Fach Geschichte und an unserem \u00f6kumenischen Tag, der in Kooperation mit der katholischen, evangelischen und syrisch-orthodoxen Kirche stattfindet.<\/p>\n\n\n\n<p>Unser \u201eLesekino\u201c, das von den Referendaren\/innen veranstaltet wird, erfreut sich immer wieder gro\u00dfer Beliebtheit und gilt bei unseren Sch\u00fclern und Sch\u00fclerinnen als ein Highlight in Klasse 6. Am Ende der Klasse 6 w\u00e4hlen die Sch\u00fcler\/innen nach umfangreicher Information und Beratung ihr viertes Hauptfach. Hier k\u00f6nnen wir ein sehr gro\u00dfes Angebot aus den F\u00e4chern Franz\u00f6sisch, Sozialwissenschaften, Biologie, Chemie, Physik, Informatik und Technik anbieten.<\/p>\n\n\n\n<p>Ebenfalls am Ende dieses Schuljahres steht dann der \u201eUmzug\u201c ins Schloss an, auf das sich unsere Sch\u00fcler\/innen immer besonders freuen. Ab Klasse 7 befinden sich dann die Klassenr\u00e4ume in unserem wundersch\u00f6nen Wasserschloss, zu dem auch ein in Paderborn einmaliger Schulhof mit einem weitl\u00e4ufigen Gel\u00e4nde zwischen historischen Geb\u00e4uden z\u00e4hlt.<\/p>\n\n\n\n<p>Der Unterricht der Klassen 5 und 6 endet in der Regel um 13.05 Uhr. Neben der M\u00f6glichkeit in der Schule zu Mittag zu essen, bieten wir in der Zeit von 14.00-15.30 Uhr eine kostenfreie Hausaufgabenbetreuung an, die individuell und flexibel in Anspruch genommen werden kann.<\/p>\n\n\n\n<p>Betreut wird die Unterstufe von unserem zweiten Konrektor, Herrn Kemper. Er gilt allen Eltern und Sch\u00fclern w\u00e4hrend dieser zwei Jahren bei Fragen und Problemen als Ansprechpartner.<\/p>\n\n\n\n<p>Bei weiteren Fragen besonders zur Unterstufe\/Erprobungsstufe k\u00f6nne Sie sehr gerne unser Kontaktformular ausf\u00fcllen und erhalten dann zeitnah einen R\u00fcckruf mit ausf\u00fchrlicher und individueller Beratung!<\/p>\n\n\n\n<div class=\"wp-block-buttons is-layout-flex wp-block-buttons-is-layout-flex\">\n<div class=\"wp-block-button\"><a class=\"wp-block-button__link\" href=\"https:\/\/rs-schlossneuhaus.lspb.de\/RSN-Home\/tag-der-offenen-tuer\/\">Zur\u00fcck<\/a><\/div>\n<\/div>\n\n\n\n<p><canvas width=\"993\" height=\"1404\">Hier wird die Klasse nach M\u00f6glichkeit von zwei Lehrern, Lehrerinnen unterrichtet. Dies erm \u00f6glicht eine besondere F\u00f6rderung unserer Sch\u00fcler\/innen, da die Lerngruppe geteilt und individueller unterrichtet werden kann.Grunds\u00e4tzlich verstehen sich die Lehrer\/innen als Klassenteam, wobei auch der obligatorische Klassenrat der Sch\u00fcler\/innen eine wesentliche Rolle spielt.Gem\u00e4\u00df dem Motto \u201eVielfalt f\u00f6rdern\u201c steht neben der fachlichen Arbeit besonders die p\u00e4dagogische Arbeit im Mittelpunkt. Hier liegt ein besonderes Augenmerk auf dem CRM (Classroom Management), zu dem auch die regelm\u00e4\u00dfigen Teamhospitationen der Lehrer\/innen innerhalb einer Klasse z\u00e4hlen. So gelingt uns ein ganzheitlicher Blick auf unsere Sch \u00fcler\/innen.Zur Entwicklung einer guten Klassengemeinschaft tr\u00e4gt auch die einw\u00f6chige Fahrt zum Jugendbauernhof nach Hardehausen bei, die in unserem Fahrtenkonzept seit vielen Jahren sehr erfolgreich verankert ist.Klasse 6In Klasse 6 wird die fachliche und p\u00e4dagogische Arbeit fortgesetzt. Die Lernen-lernen-Stundeund die F\u00f6rderstunden in den F\u00e4chern Deutsch, Mathematik und Englisch sind weiterhin im Stundenplan verankert. Nach M\u00f6glichkeit findet in den F\u00e4chern kein Lehrerwechsel statt.An der Realschule Schlo\u00df Neuhaus legen wir gro\u00dfen Wert darauf, dass unsere Sch\u00fcler\/innen auch Lernorte au\u00dferhalb der Schule kennenlernen. Dies geschieht in Klasse 6 vor allem im \u201eneuen\u201c Fach Geschichte und an unserem \u00f6kumenischen Tag, der in Kooperation mit der katholischen, evangelischen und syrisch-orthodoxen Kirche stattfindet.Unser \u201eLesekino\u201c, das von den Referendaren\/innen veranstaltet wird, erfreut sich immer wieder gro\u00dfer Beliebtheit und gilt bei unseren Sch\u00fclern und Sch\u00fclerinnen als ein Highlight in Klasse 6. Am Ende der Klasse 6 w\u00e4hlen die Sch\u00fcler\/innen nach umfangreicher Information und Beratung ihr viertes Hauptfach. Hier k\u00f6nnen wir ein sehr gro\u00dfes Angebot aus den F\u00e4chern Franz \u00f6sisch, Sozialwissenschaften, Biologie, Chemie, Physik, Informatik und Technik anbieten.Ebenfalls am Ende dieses Schuljahres steht dann der \u201eUmzug\u201c ins Schloss an, auf das sich unsere Sch\u00fcler\/innen immer besonders freuen. Ab Klasse 7 befinden sich dann die Klassenr\u00e4ume in unserem wundersch\u00f6nen Wasserschloss, zu dem auch ein in Paderborn einmaliger Schulhof mit einem weitl\u00e4ufigen Gel\u00e4nde zwischen historischen Geb\u00e4uden z\u00e4hlt.Der Unterricht der Klassen 5 und 6 endet in der Regel um 13.05 Uhr. Neben der M\u00f6glichkeit in der Schule zu Mittag zu essen, bieten wir in der Zeit von 14.00-15.30 Uhr eine kostenfreie Hausaufgabenbetreuung an, die individuell und flexibel in Anspruch genommen werden kann.<canvas width=\"993\" height=\"1404\">Betreut wird die Unterstufe von unserem zweiten Konrektor, Herrn Kemper. Er gilt allen Eltern und Sch\u00fclern w\u00e4hrend dieser zwei Jahren bei Fragen und Problemen als Ansprechpartner.Bei weiteren Fragen besonders zur Unterstufe\/Erprobungsstufe k\u00f6nne Sie sehr gerne unser Kontaktformular ausf\u00fcllen und erhalten dann zeitnah einen R\u00fcckruf mit ausf\u00fchrlicher und individueller Beratung!<\/canvas><\/canvas><\/p>\n","protected":false},"excerpt":{"rendered":"<p>In der Sekundarstufe I bilden die Jahrgangsstufen 5 und 6 eine p\u00e4dagogische Einheit. Diese sogenannte Erprobungsstufe kn\u00fcpft in den zwei Jahren an den Lernerfahrungen an, die die Sch \u00fcler\/innen in der Grundschule gemacht haben. Innerhalb dieser p\u00e4dagogischen Einheit gehen die Sch\u00fcler\/innen ohne Versetzung von der Jahrgangsstufe 5 in die Jahrgangsstufe 6 \u00fcber. W\u00e4hrend dieser zwei [&hellip;]<\/p>\n","protected":false},"author":25,"featured_media":0,"parent":436,"menu_order":0,"comment_status":"closed","ping_status":"closed","template":"","meta":{"footnotes":""},"class_list":["post-727","page","type-page","status-publish","hentry"],"_links":{"self":[{"href":"https:\/\/rs-schlossneuhaus.lspb.de\/RSN-Home\/wp-json\/wp\/v2\/pages\/727","targetHints":{"allow":["GET"]}}],"collection":[{"href":"https:\/\/rs-schlossneuhaus.lspb.de\/RSN-Home\/wp-json\/wp\/v2\/pages"}],"about":[{"href":"https:\/\/rs-schlossneuhaus.lspb.de\/RSN-Home\/wp-json\/wp\/v2\/types\/page"}],"author":[{"embeddable":true,"href":"https:\/\/rs-schlossneuhaus.lspb.de\/RSN-Home\/wp-json\/wp\/v2\/users\/25"}],"replies":[{"embeddable":true,"href":"https:\/\/rs-schlossneuhaus.lspb.de\/RSN-Home\/wp-json\/wp\/v2\/comments?post=727"}],"version-history":[{"count":7,"href":"https:\/\/rs-schlossneuhaus.lspb.de\/RSN-Home\/wp-json\/wp\/v2\/pages\/727\/revisions"}],"predecessor-version":[{"id":1654,"href":"https:\/\/rs-schlossneuhaus.lspb.de\/RSN-Home\/wp-json\/wp\/v2\/pages\/727\/revisions\/1654"}],"up":[{"embeddable":true,"href":"https:\/\/rs-schlossneuhaus.lspb.de\/RSN-Home\/wp-json\/wp\/v2\/pages\/436"}],"wp:attachment":[{"href":"https:\/\/rs-schlossneuhaus.lspb.de\/RSN-Home\/wp-json\/wp\/v2\/media?parent=727"}],"curies":[{"name":"wp","href":"https:\/\/api.w.org\/{rel}","templated":true}]}}