{"id":641,"date":"2020-12-18T21:05:59","date_gmt":"2020-12-18T20:05:59","guid":{"rendered":"https:\/\/rs-schlossneuhaus.lspb.de\/RSN-Home\/?page_id=641"},"modified":"2025-01-17T09:26:46","modified_gmt":"2025-01-17T08:26:46","slug":"bilingualer-unterricht","status":"publish","type":"page","link":"https:\/\/rs-schlossneuhaus.lspb.de\/RSN-Home\/tag-der-offenen-tuer\/bilingualer-unterricht\/","title":{"rendered":"Bilingualer Unterricht"},"content":{"rendered":"\n<p><strong>Bilinguales Lernen<br><\/strong>Seit 1991 wird an der Realschule Schlo\u00df Neuhaus eine Klasse pro Jahrgang im<br>bilingualen Zweig unterrichtet. <\/p>\n\n\n\n<p>Das bedeutet, die Sachf\u00e4cher Erdkunde, Geschichte und Politik werden in deutscher und englischer Sprache erteilt (bilingual). W\u00e4hrend im Erdkundeunterricht Englisch fast durchg\u00e4ngig als Unterrichtssprache dient, geschieht dies im Geschichts- und Politikunterricht zu einem geringeren Anteil. Im Unterschied zum herk\u00f6mmlichen Fremdsprachenunterricht oder Sachfachunterricht wird im bilingual unterrichteten Sachfach die Fremdsprache in erster Linie als Arbeitssprache genutzt. Inhaltliche Richtigkeit und angemessener Sprachgebrauch sind hier vorrangig gegen\u00fcber sprachlicher Korrektheit.<br><\/p>\n\n\n\n<p>Mit dem Angebot eines bilingualen Zweiges kommt die Realschule Schlo\u00df Neuhaus in<br>besonderer Weise ihrem Bildungsauftrag nach, berufsbezogene, zukunftsorientierte und<br>interkulturelle Kompetenzen zu f\u00f6rdern. Gerade durch die erworbene breite Sprachkompetenz werden die Sch\u00fcler verst\u00e4rkt auf die allgemeinen sowie beruflichen<br>Anforderungen in einem multikulturellen Europa vorbereitet. <\/p>\n\n\n\n<p><strong>Organisationsrahmen einer bilingualen Klasse<\/strong><br>In den Klassen 5 und 6 erhalten die Sch\u00fclerinnen und Sch\u00fcler der bilingualen Klassen<br>sieben statt f\u00fcnf Wochenstunden Englisch. Auf diese Weise soll eine optimale<br>Vorbereitung auf den ab Klasse 7 erteilten bilingualen Sachfachunterricht erfolgen. Die<br>besondere Motivation der Kinder an der neuen Fremdsprache wird in den<br>Anfangsklassen genutzt, um auf vielf\u00e4ltige (spielerische) Weise einen ungezwungenen<br>Umgang mit der Fremdsprache zu erreichen. Die Sch\u00fcler arbeiten zunehmend<br>selbstst\u00e4ndig, handlungsorientiert und projektorientiert. Dabei steht die Kommunikation<br>in der Fremdsprache im Vordergrund. <\/p>\n\n\n\n<p>Eine wesentliche Voraussetzung f\u00fcr die<br>gelungene Kommunikation ist die Erarbeitung des themenbezogenen Vokabulars wie<br>auch der erforderlichen Redemittel, &#8211; nicht nur im Anfangsunterricht, sondern vor allem<br>auch im nachfolgenden Sachfachunterricht. In grammatischer Hinsicht werden die<br>Sch\u00fcler*innen unter anderem durch die vorgezogene Einf\u00fchrung des Passivs auf den<br>Sachfachunterricht vorbereitet.<br><\/p>\n\n\n\n<p>F\u00fcr das Sachfach Erdkunde bieten sich insbesondere folgende Themenkomplexe an:<br>transport<br>climate\/weather<br>farming<br>landscape: mountains, rivers, \u2026<br><\/p>\n\n\n\n<p><strong>In Klasse 7<\/strong> wird der Unterricht im bilingualen Zweig auf das Sachfach Erdkunde<br>ausgedehnt. Die Wochenstundenzahl wird um eine auf drei Unterrichtsstunden erh\u00f6ht,<br>damit man besonders auf die noch relativ geringe Sprachkompetenz der Sch\u00fclerinnen<br>und Sch\u00fcler eingehen kann, ohne die fachmethodischen Aspekte des Sachfaches zu<br>beschneiden. <\/p>\n\n\n\n<p>Durch besonderes methodisches Vorgehen sowie die besondere Eignung<br>des Faches Erdkunde wird erreicht, dass ca. 95 % des Sachfachunterrichtes Erdkunde an<br>der RS Schlo\u00df Neuhaus in englischer Sprache erteilt wird.<br><\/p>\n\n\n\n<p><strong>In Klasse 8<\/strong> wird zus\u00e4tzlich auch das Sachfach Geschichte (wiederum mit einer<br>zus\u00e4tzlichen Stunde ausgestattet) bilingual unterrichtet. Die Gegebenheiten des Faches<br>Geschichte erlauben jedoch nur einen eingeschr\u00e4nkten Gebrauch der Fremdsprache.<br>Das Fach Erdkunde wird nun wie in allen Regelklassen mit ein bis zwei (je nach<br>M\u00f6glichkeit) Wochenstunden unterrichtet. <\/p>\n\n\n\n<p>Die Vorbereitung der internationalen Begegnungsfahrt nach Gro\u00dfbritannien in Klasse 8 wird durch f\u00e4cher\u00fcbergreifenden Englisch- und Erdkundeunterricht durchgef\u00fchrt.<br><\/p>\n\n\n\n<p><strong>In den Klassen 9 und 10<\/strong> werden mindestens zwei der F\u00e4cher Erdkunde, Geschichte<br>und Politik in der Zielsprache unterrichtet, wobei die Wochenstundenzahl dieser F\u00e4cher<br>nun wieder mit denen der Regelklassen \u00fcbereinstimmt. Die Wahlm\u00f6glichkeiten der<br>Neigungsdifferenzierungen bleiben den Sch\u00fcler*innen des bilingualen<br>Zweiges voll erhalten.<br><\/p>\n\n\n\n<p><strong>Leistungsbewertung im bilingualen Sachfachunterricht<\/strong><br>Die Bewertung der Sch\u00fclerleistungen in den F\u00e4chern Erdkunde, Geschichte und Politik<br>erfolgt aufgrund der fachlichen Leistungen. Analog der Leistungsbewertung im<br>deutschsprachigen Fachunterricht ist auch im bilingualen Sachfach die angemessene<br>Verwendung der (englischen) Fachsprache ein Teil der sachfachlichen<br>Leistungsbewertung (KM1, 1995, S. 45). Die Betonung muss hier sicherlich auf dem<br>Begriff \u201eangemessen\u201c liegen, weil das Nachfragen der Sch\u00fclerinnen und Sch\u00fcler nach<br>der deutschen Bedeutung keinen Versto\u00df darstellt. Es ist im Gegenteil sogar<br>erstrebenswert, dass die Lernenden sowohl den englischen als auch den deutschen<br>Fachbegriff kennen. Dadurch will man vermeiden, dass sie sich in der deutschen<br>Terminologie \u00fcber bestimmte Sachverhalte nicht \u00e4u\u00dfern k\u00f6nnen.<br>Es gilt die ad\u00e4quate Verwendung der Fachsprache bei der m\u00fcndlichen und schriftlichen<br>Darstellung des Sachinhaltes zu beurteilen.<\/p>\n\n\n\n<p class=\"has-text-align-left\">Das Englischlernen wird belohnt! Entscheidet man sich f\u00fcr die bilinguale Klasse, profitiert man nicht nur von der Verwendung der englischen Sprache in Erkunde, Geschichte und Politik. Ein Highlight ist die einw\u00f6chige Englandfahrt in der achten Klasse! Wir fahren zu Gastfamilien nach Eastbourne an die K\u00fcste und machen Tagesausfl\u00fcge nach London.<\/p>\n\n\n\n<p><strong>Neu ab dem Schuljahr 2025\/2026<\/strong><\/p>\n\n\n\n<p>Kinder, die sich f\u00fcr die Bilinguale Klasse entscheiden, haben ab kommendem Schuljahr ebenfalls die M\u00f6glichkeit am erweiterten Bildungsangebot der Bl\u00e4serklasse teilzunehmen und ein Instrument zu erlernen. Ein Wechsel der Klasse ist hierf\u00fcr nicht erforderlich.<\/p>\n\n\n\n<p>Sprechen Sie uns an!<\/p>\n\n\n\n<p>Weitere Informationen finden Sie auch auf unserer Homepage unter<\/p>\n\n\n\n<p><a href=\"https:\/\/rs-schlossneuhaus.lspb.de\/RSN-Home\/tag-der-offenen-tuer\/musik\/\"><em>Profilklasse &#8211;<\/em> <em>Bl\u00e4serklasse<\/em><\/a><\/p>\n\n\n\n<div class=\"wp-block-group alignwide is-layout-flow wp-block-group-is-layout-flow\">\n<div class=\"wp-block-group is-layout-flow wp-block-group-is-layout-flow\">\n<figure class=\"wp-block-image size-large\"><img loading=\"lazy\" decoding=\"async\" width=\"746\" height=\"559\" src=\"https:\/\/rs-schlossneuhaus.lspb.de\/RSN-Home\/wp-content\/uploads\/2020\/12\/england1.jpg\" alt=\"\" class=\"wp-image-642\" srcset=\"https:\/\/rs-schlossneuhaus.lspb.de\/RSN-Home\/wp-content\/uploads\/2020\/12\/england1.jpg 746w, https:\/\/rs-schlossneuhaus.lspb.de\/RSN-Home\/wp-content\/uploads\/2020\/12\/england1-300x225.jpg 300w\" sizes=\"auto, (max-width: 746px) 100vw, 746px\" \/><\/figure>\n\n\n\n<figure class=\"wp-block-image size-large is-resized\"><img loading=\"lazy\" decoding=\"async\" width=\"292\" height=\"212\" src=\"https:\/\/rs-schlossneuhaus.lspb.de\/RSN-Home\/wp-content\/uploads\/2020\/12\/england2.png\" alt=\"\" class=\"wp-image-643\" style=\"width:526px;height:382px\"\/><\/figure>\n\n\n\n<figure class=\"wp-block-image size-large\"><img loading=\"lazy\" decoding=\"async\" width=\"798\" height=\"450\" src=\"https:\/\/rs-schlossneuhaus.lspb.de\/RSN-Home\/wp-content\/uploads\/2020\/12\/england3.png\" alt=\"\" class=\"wp-image-644\" srcset=\"https:\/\/rs-schlossneuhaus.lspb.de\/RSN-Home\/wp-content\/uploads\/2020\/12\/england3.png 798w, https:\/\/rs-schlossneuhaus.lspb.de\/RSN-Home\/wp-content\/uploads\/2020\/12\/england3-300x169.png 300w, https:\/\/rs-schlossneuhaus.lspb.de\/RSN-Home\/wp-content\/uploads\/2020\/12\/england3-768x433.png 768w\" sizes=\"auto, (max-width: 798px) 100vw, 798px\" \/><\/figure>\n<\/div>\n<\/div>\n\n\n\n<div class=\"wp-block-buttons is-layout-flex wp-block-buttons-is-layout-flex\">\n<div class=\"wp-block-button\"><a class=\"wp-block-button__link wp-element-button\" href=\"https:\/\/rs-schlossneuhaus.lspb.de\/RSN-Home\/tag-der-offenen-tuer\/\">Zur\u00fcck<\/a><\/div>\n<\/div>\n\n\n\n<p><\/p>\n","protected":false},"excerpt":{"rendered":"<p>Bilinguales LernenSeit 1991 wird an der Realschule Schlo\u00df Neuhaus eine Klasse pro Jahrgang imbilingualen Zweig unterrichtet. Das bedeutet, die Sachf\u00e4cher Erdkunde, Geschichte und Politik werden in deutscher und englischer Sprache erteilt (bilingual). W\u00e4hrend im Erdkundeunterricht Englisch fast durchg\u00e4ngig als Unterrichtssprache dient, geschieht dies im Geschichts- und Politikunterricht zu einem geringeren Anteil. Im Unterschied zum herk\u00f6mmlichen [&hellip;]<\/p>\n","protected":false},"author":1,"featured_media":0,"parent":436,"menu_order":0,"comment_status":"closed","ping_status":"closed","template":"","meta":{"footnotes":""},"class_list":["post-641","page","type-page","status-publish","hentry"],"_links":{"self":[{"href":"https:\/\/rs-schlossneuhaus.lspb.de\/RSN-Home\/wp-json\/wp\/v2\/pages\/641","targetHints":{"allow":["GET"]}}],"collection":[{"href":"https:\/\/rs-schlossneuhaus.lspb.de\/RSN-Home\/wp-json\/wp\/v2\/pages"}],"about":[{"href":"https:\/\/rs-schlossneuhaus.lspb.de\/RSN-Home\/wp-json\/wp\/v2\/types\/page"}],"author":[{"embeddable":true,"href":"https:\/\/rs-schlossneuhaus.lspb.de\/RSN-Home\/wp-json\/wp\/v2\/users\/1"}],"replies":[{"embeddable":true,"href":"https:\/\/rs-schlossneuhaus.lspb.de\/RSN-Home\/wp-json\/wp\/v2\/comments?post=641"}],"version-history":[{"count":6,"href":"https:\/\/rs-schlossneuhaus.lspb.de\/RSN-Home\/wp-json\/wp\/v2\/pages\/641\/revisions"}],"predecessor-version":[{"id":28281,"href":"https:\/\/rs-schlossneuhaus.lspb.de\/RSN-Home\/wp-json\/wp\/v2\/pages\/641\/revisions\/28281"}],"up":[{"embeddable":true,"href":"https:\/\/rs-schlossneuhaus.lspb.de\/RSN-Home\/wp-json\/wp\/v2\/pages\/436"}],"wp:attachment":[{"href":"https:\/\/rs-schlossneuhaus.lspb.de\/RSN-Home\/wp-json\/wp\/v2\/media?parent=641"}],"curies":[{"name":"wp","href":"https:\/\/api.w.org\/{rel}","templated":true}]}}