{"id":618,"date":"2020-12-18T20:40:23","date_gmt":"2020-12-18T19:40:23","guid":{"rendered":"https:\/\/rs-schlossneuhaus.lspb.de\/RSN-Home\/?page_id=618"},"modified":"2021-01-08T13:47:52","modified_gmt":"2021-01-08T12:47:52","slug":"sprachzertifikat-englisch-franzoesisch","status":"publish","type":"page","link":"https:\/\/rs-schlossneuhaus.lspb.de\/RSN-Home\/tag-der-offenen-tuer\/sprachzertifikat-englisch-franzoesisch\/","title":{"rendered":"Sprachzertifikat Englisch\/Franz\u00f6sisch"},"content":{"rendered":"\n<p class=\"has-text-align-left\">Unter dem Aspekt \u201eF\u00f6rdern und Fordern\u201c wird den leistungsst\u00e4rkeren Sch\u00fclerInnen ab Klasse 9 die Teilnahme an zwei Arbeitsgemeinschaften angeboten:<\/p>\n\n\n\n<p class=\"has-text-align-left\">Im Fach <strong>Englisch<\/strong> werden sie mit dem Business English vertraut gemacht und nehmen schlie\u00dflich an einer Pr\u00fcfung der London Chamber of Commerce and Industry (LCCI) teil.<\/p>\n\n\n\n<p class=\"has-text-align-left\">Im Fach <strong>Franz\u00f6sisch<\/strong> wird die Bew\u00e4ltigung von Alltagssituationen und die richtige Anwendung sprachlicher und grammatikalischer Strukturen vertieft. Auch hier steht am Ende eine Sprachpr\u00fcfung f\u00fcr das DELF (Dipl\u00f4me d\u2019\u00e9tudes en langue fran\u00e7aise).<\/p>\n\n\n\n<figure class=\"wp-block-image size-large\"><img loading=\"lazy\" decoding=\"async\" width=\"1024\" height=\"684\" src=\"https:\/\/rs-schlossneuhaus.lspb.de\/RSN-Home\/wp-content\/uploads\/2020\/12\/sprachz-1024x684.jpg\" alt=\"\" class=\"wp-image-620\" srcset=\"https:\/\/rs-schlossneuhaus.lspb.de\/RSN-Home\/wp-content\/uploads\/2020\/12\/sprachz-1024x684.jpg 1024w, https:\/\/rs-schlossneuhaus.lspb.de\/RSN-Home\/wp-content\/uploads\/2020\/12\/sprachz-300x200.jpg 300w, https:\/\/rs-schlossneuhaus.lspb.de\/RSN-Home\/wp-content\/uploads\/2020\/12\/sprachz-768x513.jpg 768w, https:\/\/rs-schlossneuhaus.lspb.de\/RSN-Home\/wp-content\/uploads\/2020\/12\/sprachz-391x260.jpg 391w, https:\/\/rs-schlossneuhaus.lspb.de\/RSN-Home\/wp-content\/uploads\/2020\/12\/sprachz.jpg 1386w\" sizes=\"auto, (max-width: 1024px) 100vw, 1024px\" \/><figcaption>Absolventen der Sprachzertifikate Englisch\/Franz\u00f6sisch<\/figcaption><\/figure>\n\n\n\n<div class=\"wp-block-buttons is-layout-flex wp-block-buttons-is-layout-flex\">\n<div class=\"wp-block-button\"><a class=\"wp-block-button__link\" href=\"https:\/\/rs-schlossneuhaus.lspb.de\/RSN-Home\/tag-der-offenen-tuer\/\">Zur\u00fcck<\/a><\/div>\n<\/div>\n\n\n\n<p><\/p>\n","protected":false},"excerpt":{"rendered":"<p>Unter dem Aspekt \u201eF\u00f6rdern und Fordern\u201c wird den leistungsst\u00e4rkeren Sch\u00fclerInnen ab Klasse 9 die Teilnahme an zwei Arbeitsgemeinschaften angeboten: Im Fach Englisch werden sie mit dem Business English vertraut gemacht und nehmen schlie\u00dflich an einer Pr\u00fcfung der London Chamber of Commerce and Industry (LCCI) teil. Im Fach Franz\u00f6sisch wird die Bew\u00e4ltigung von Alltagssituationen und die [&hellip;]<\/p>\n","protected":false},"author":1,"featured_media":0,"parent":436,"menu_order":0,"comment_status":"closed","ping_status":"closed","template":"","meta":{"footnotes":""},"class_list":["post-618","page","type-page","status-publish","hentry"],"_links":{"self":[{"href":"https:\/\/rs-schlossneuhaus.lspb.de\/RSN-Home\/wp-json\/wp\/v2\/pages\/618","targetHints":{"allow":["GET"]}}],"collection":[{"href":"https:\/\/rs-schlossneuhaus.lspb.de\/RSN-Home\/wp-json\/wp\/v2\/pages"}],"about":[{"href":"https:\/\/rs-schlossneuhaus.lspb.de\/RSN-Home\/wp-json\/wp\/v2\/types\/page"}],"author":[{"embeddable":true,"href":"https:\/\/rs-schlossneuhaus.lspb.de\/RSN-Home\/wp-json\/wp\/v2\/users\/1"}],"replies":[{"embeddable":true,"href":"https:\/\/rs-schlossneuhaus.lspb.de\/RSN-Home\/wp-json\/wp\/v2\/comments?post=618"}],"version-history":[{"count":4,"href":"https:\/\/rs-schlossneuhaus.lspb.de\/RSN-Home\/wp-json\/wp\/v2\/pages\/618\/revisions"}],"predecessor-version":[{"id":992,"href":"https:\/\/rs-schlossneuhaus.lspb.de\/RSN-Home\/wp-json\/wp\/v2\/pages\/618\/revisions\/992"}],"up":[{"embeddable":true,"href":"https:\/\/rs-schlossneuhaus.lspb.de\/RSN-Home\/wp-json\/wp\/v2\/pages\/436"}],"wp:attachment":[{"href":"https:\/\/rs-schlossneuhaus.lspb.de\/RSN-Home\/wp-json\/wp\/v2\/media?parent=618"}],"curies":[{"name":"wp","href":"https:\/\/api.w.org\/{rel}","templated":true}]}}