{"id":515,"date":"2020-12-02T21:51:35","date_gmt":"2020-12-02T20:51:35","guid":{"rendered":"https:\/\/rs-schlossneuhaus.lspb.de\/RSN-Home\/?page_id=515"},"modified":"2021-01-08T13:47:30","modified_gmt":"2021-01-08T12:47:30","slug":"schuelervertretung","status":"publish","type":"page","link":"https:\/\/rs-schlossneuhaus.lspb.de\/RSN-Home\/tag-der-offenen-tuer\/schuelervertretung\/","title":{"rendered":"Sch\u00fclervertretung"},"content":{"rendered":"\n<p><\/p>\n\n\n\n<figure class=\"wp-block-gallery columns-3 is-cropped wp-block-gallery-1 is-layout-flex wp-block-gallery-is-layout-flex\"><ul class=\"blocks-gallery-grid\"><li class=\"blocks-gallery-item\"><figure><img loading=\"lazy\" decoding=\"async\" width=\"1024\" height=\"768\" src=\"https:\/\/rs-schlossneuhaus.lspb.de\/RSN-Home\/wp-content\/uploads\/2020\/12\/IMG_0154-1024x768.jpg\" alt=\"\" data-id=\"516\" data-link=\"https:\/\/rs-schlossneuhaus.lspb.de\/RSN-Home\/?attachment_id=516\" class=\"wp-image-516\" srcset=\"https:\/\/rs-schlossneuhaus.lspb.de\/RSN-Home\/wp-content\/uploads\/2020\/12\/IMG_0154-1024x768.jpg 1024w, https:\/\/rs-schlossneuhaus.lspb.de\/RSN-Home\/wp-content\/uploads\/2020\/12\/IMG_0154-300x225.jpg 300w, https:\/\/rs-schlossneuhaus.lspb.de\/RSN-Home\/wp-content\/uploads\/2020\/12\/IMG_0154-768x576.jpg 768w, https:\/\/rs-schlossneuhaus.lspb.de\/RSN-Home\/wp-content\/uploads\/2020\/12\/IMG_0154-1536x1152.jpg 1536w, https:\/\/rs-schlossneuhaus.lspb.de\/RSN-Home\/wp-content\/uploads\/2020\/12\/IMG_0154-2048x1536.jpg 2048w\" sizes=\"auto, (max-width: 1024px) 100vw, 1024px\" \/><\/figure><\/li><li class=\"blocks-gallery-item\"><figure><img loading=\"lazy\" decoding=\"async\" width=\"1024\" height=\"682\" src=\"https:\/\/rs-schlossneuhaus.lspb.de\/RSN-Home\/wp-content\/uploads\/2020\/12\/IMG_0844-1-1024x682.jpg\" alt=\"\" data-id=\"518\" data-link=\"https:\/\/rs-schlossneuhaus.lspb.de\/RSN-Home\/?attachment_id=518\" class=\"wp-image-518\" srcset=\"https:\/\/rs-schlossneuhaus.lspb.de\/RSN-Home\/wp-content\/uploads\/2020\/12\/IMG_0844-1-1024x682.jpg 1024w, https:\/\/rs-schlossneuhaus.lspb.de\/RSN-Home\/wp-content\/uploads\/2020\/12\/IMG_0844-1-300x200.jpg 300w, https:\/\/rs-schlossneuhaus.lspb.de\/RSN-Home\/wp-content\/uploads\/2020\/12\/IMG_0844-1-768x512.jpg 768w, https:\/\/rs-schlossneuhaus.lspb.de\/RSN-Home\/wp-content\/uploads\/2020\/12\/IMG_0844-1-391x260.jpg 391w, https:\/\/rs-schlossneuhaus.lspb.de\/RSN-Home\/wp-content\/uploads\/2020\/12\/IMG_0844-1.jpg 1400w\" sizes=\"auto, (max-width: 1024px) 100vw, 1024px\" \/><\/figure><\/li><li class=\"blocks-gallery-item\"><figure><img loading=\"lazy\" decoding=\"async\" width=\"1024\" height=\"768\" src=\"https:\/\/rs-schlossneuhaus.lspb.de\/RSN-Home\/wp-content\/uploads\/2020\/12\/IMG_1492-1-1024x768.jpg\" alt=\"\" data-id=\"519\" data-link=\"https:\/\/rs-schlossneuhaus.lspb.de\/RSN-Home\/?attachment_id=519\" class=\"wp-image-519\" srcset=\"https:\/\/rs-schlossneuhaus.lspb.de\/RSN-Home\/wp-content\/uploads\/2020\/12\/IMG_1492-1-1024x768.jpg 1024w, https:\/\/rs-schlossneuhaus.lspb.de\/RSN-Home\/wp-content\/uploads\/2020\/12\/IMG_1492-1-300x225.jpg 300w, https:\/\/rs-schlossneuhaus.lspb.de\/RSN-Home\/wp-content\/uploads\/2020\/12\/IMG_1492-1-768x576.jpg 768w, https:\/\/rs-schlossneuhaus.lspb.de\/RSN-Home\/wp-content\/uploads\/2020\/12\/IMG_1492-1-1536x1152.jpg 1536w, https:\/\/rs-schlossneuhaus.lspb.de\/RSN-Home\/wp-content\/uploads\/2020\/12\/IMG_1492-1-2048x1536.jpg 2048w\" sizes=\"auto, (max-width: 1024px) 100vw, 1024px\" \/><\/figure><\/li><li class=\"blocks-gallery-item\"><figure><img loading=\"lazy\" decoding=\"async\" width=\"1024\" height=\"684\" src=\"https:\/\/rs-schlossneuhaus.lspb.de\/RSN-Home\/wp-content\/uploads\/2020\/12\/IMG_9803-1024x684.jpg\" alt=\"\" data-id=\"520\" data-link=\"https:\/\/rs-schlossneuhaus.lspb.de\/RSN-Home\/?attachment_id=520\" class=\"wp-image-520\" srcset=\"https:\/\/rs-schlossneuhaus.lspb.de\/RSN-Home\/wp-content\/uploads\/2020\/12\/IMG_9803-1024x684.jpg 1024w, https:\/\/rs-schlossneuhaus.lspb.de\/RSN-Home\/wp-content\/uploads\/2020\/12\/IMG_9803-300x200.jpg 300w, https:\/\/rs-schlossneuhaus.lspb.de\/RSN-Home\/wp-content\/uploads\/2020\/12\/IMG_9803-768x513.jpg 768w, https:\/\/rs-schlossneuhaus.lspb.de\/RSN-Home\/wp-content\/uploads\/2020\/12\/IMG_9803-391x260.jpg 391w, https:\/\/rs-schlossneuhaus.lspb.de\/RSN-Home\/wp-content\/uploads\/2020\/12\/IMG_9803-1536x1025.jpg 1536w, https:\/\/rs-schlossneuhaus.lspb.de\/RSN-Home\/wp-content\/uploads\/2020\/12\/IMG_9803-2048x1367.jpg 2048w\" sizes=\"auto, (max-width: 1024px) 100vw, 1024px\" \/><\/figure><\/li><li class=\"blocks-gallery-item\"><figure><img loading=\"lazy\" decoding=\"async\" width=\"1024\" height=\"684\" src=\"https:\/\/rs-schlossneuhaus.lspb.de\/RSN-Home\/wp-content\/uploads\/2020\/12\/IMG_9804-1024x684.jpg\" alt=\"\" data-id=\"521\" data-link=\"https:\/\/rs-schlossneuhaus.lspb.de\/RSN-Home\/?attachment_id=521\" class=\"wp-image-521\" srcset=\"https:\/\/rs-schlossneuhaus.lspb.de\/RSN-Home\/wp-content\/uploads\/2020\/12\/IMG_9804-1024x684.jpg 1024w, https:\/\/rs-schlossneuhaus.lspb.de\/RSN-Home\/wp-content\/uploads\/2020\/12\/IMG_9804-300x200.jpg 300w, https:\/\/rs-schlossneuhaus.lspb.de\/RSN-Home\/wp-content\/uploads\/2020\/12\/IMG_9804-768x513.jpg 768w, https:\/\/rs-schlossneuhaus.lspb.de\/RSN-Home\/wp-content\/uploads\/2020\/12\/IMG_9804-391x260.jpg 391w, https:\/\/rs-schlossneuhaus.lspb.de\/RSN-Home\/wp-content\/uploads\/2020\/12\/IMG_9804-1536x1025.jpg 1536w, https:\/\/rs-schlossneuhaus.lspb.de\/RSN-Home\/wp-content\/uploads\/2020\/12\/IMG_9804-2048x1367.jpg 2048w\" sizes=\"auto, (max-width: 1024px) 100vw, 1024px\" \/><\/figure><\/li><li class=\"blocks-gallery-item\"><figure><img loading=\"lazy\" decoding=\"async\" width=\"1024\" height=\"684\" src=\"https:\/\/rs-schlossneuhaus.lspb.de\/RSN-Home\/wp-content\/uploads\/2020\/12\/IMG_9805-1-1024x684.jpg\" alt=\"\" data-id=\"522\" data-link=\"https:\/\/rs-schlossneuhaus.lspb.de\/RSN-Home\/?attachment_id=522\" class=\"wp-image-522\" srcset=\"https:\/\/rs-schlossneuhaus.lspb.de\/RSN-Home\/wp-content\/uploads\/2020\/12\/IMG_9805-1-1024x684.jpg 1024w, https:\/\/rs-schlossneuhaus.lspb.de\/RSN-Home\/wp-content\/uploads\/2020\/12\/IMG_9805-1-300x200.jpg 300w, https:\/\/rs-schlossneuhaus.lspb.de\/RSN-Home\/wp-content\/uploads\/2020\/12\/IMG_9805-1-768x513.jpg 768w, https:\/\/rs-schlossneuhaus.lspb.de\/RSN-Home\/wp-content\/uploads\/2020\/12\/IMG_9805-1-391x260.jpg 391w, https:\/\/rs-schlossneuhaus.lspb.de\/RSN-Home\/wp-content\/uploads\/2020\/12\/IMG_9805-1-1536x1025.jpg 1536w, https:\/\/rs-schlossneuhaus.lspb.de\/RSN-Home\/wp-content\/uploads\/2020\/12\/IMG_9805-1-2048x1367.jpg 2048w\" sizes=\"auto, (max-width: 1024px) 100vw, 1024px\" \/><\/figure><\/li><li class=\"blocks-gallery-item\"><figure><img loading=\"lazy\" decoding=\"async\" width=\"223\" height=\"259\" src=\"https:\/\/rs-schlossneuhaus.lspb.de\/RSN-Home\/wp-content\/uploads\/2020\/12\/jugendrat.png\" alt=\"\" data-id=\"523\" data-link=\"https:\/\/rs-schlossneuhaus.lspb.de\/RSN-Home\/?attachment_id=523\" class=\"wp-image-523\"\/><\/figure><\/li><li class=\"blocks-gallery-item\"><figure><img loading=\"lazy\" decoding=\"async\" width=\"1024\" height=\"683\" src=\"https:\/\/rs-schlossneuhaus.lspb.de\/RSN-Home\/wp-content\/uploads\/2020\/12\/IMG_5771-1024x683.jpg\" alt=\"\" data-id=\"525\" data-full-url=\"https:\/\/rs-schlossneuhaus.lspb.de\/RSN-Home\/wp-content\/uploads\/2020\/12\/IMG_5771.jpg\" data-link=\"https:\/\/rs-schlossneuhaus.lspb.de\/RSN-Home\/?attachment_id=525\" class=\"wp-image-525\" srcset=\"https:\/\/rs-schlossneuhaus.lspb.de\/RSN-Home\/wp-content\/uploads\/2020\/12\/IMG_5771-1024x683.jpg 1024w, https:\/\/rs-schlossneuhaus.lspb.de\/RSN-Home\/wp-content\/uploads\/2020\/12\/IMG_5771-300x200.jpg 300w, https:\/\/rs-schlossneuhaus.lspb.de\/RSN-Home\/wp-content\/uploads\/2020\/12\/IMG_5771-768x512.jpg 768w, https:\/\/rs-schlossneuhaus.lspb.de\/RSN-Home\/wp-content\/uploads\/2020\/12\/IMG_5771-391x260.jpg 391w, https:\/\/rs-schlossneuhaus.lspb.de\/RSN-Home\/wp-content\/uploads\/2020\/12\/IMG_5771.jpg 1500w\" sizes=\"auto, (max-width: 1024px) 100vw, 1024px\" \/><\/figure><\/li><li class=\"blocks-gallery-item\"><figure><img loading=\"lazy\" decoding=\"async\" width=\"683\" height=\"1024\" src=\"https:\/\/rs-schlossneuhaus.lspb.de\/RSN-Home\/wp-content\/uploads\/2020\/12\/IMG_5786-683x1024.jpg\" alt=\"\" data-id=\"526\" data-full-url=\"https:\/\/rs-schlossneuhaus.lspb.de\/RSN-Home\/wp-content\/uploads\/2020\/12\/IMG_5786.jpg\" data-link=\"https:\/\/rs-schlossneuhaus.lspb.de\/RSN-Home\/?attachment_id=526\" class=\"wp-image-526\" srcset=\"https:\/\/rs-schlossneuhaus.lspb.de\/RSN-Home\/wp-content\/uploads\/2020\/12\/IMG_5786-683x1024.jpg 683w, https:\/\/rs-schlossneuhaus.lspb.de\/RSN-Home\/wp-content\/uploads\/2020\/12\/IMG_5786-200x300.jpg 200w, https:\/\/rs-schlossneuhaus.lspb.de\/RSN-Home\/wp-content\/uploads\/2020\/12\/IMG_5786-768x1152.jpg 768w, https:\/\/rs-schlossneuhaus.lspb.de\/RSN-Home\/wp-content\/uploads\/2020\/12\/IMG_5786.jpg 1000w\" sizes=\"auto, (max-width: 683px) 100vw, 683px\" \/><\/figure><\/li><\/ul><\/figure>\n\n\n\n<p>Hi,<\/p>\n\n\n\n<p>wir sind die Sch\u00fclervertretung der Realschule Schloss Neuhaus. Wir werden zu Beginn jedes Schuljahres durch die Sch\u00fcler*innen gew\u00e4hlt. Nach einem kurzen &#8222;Wahlkampf&#8220;, in dem jedes Bewerberteam die wichtigsten Arbeitsschwerpunkte bekannt gibt, k\u00f6nnen sich die Sch\u00fcler*innen unserer Schule zwischen mehreren SV Teams entscheiden. <\/p>\n\n\n\n<p>Das gew\u00e4hlte Team wird die Sch\u00fclerschaft dann f\u00fcr ein Jahr als SV vertreten. Dazu bietet die SV t\u00e4gliche Sprechzeiten f\u00fcr Sch\u00fcler*innen an. In diesen Sprechzeiten berichten Sch\u00fcler*innen \u00fcber Probleme, W\u00fcnsche oder \u00c4nderungsvorschl\u00e4ge, welche die SV dann in anderen Gremien, wie zum Beispiel der Schulkonferenz ansprechen kann. Hier zeigt sich auch die Wichtigkeit der SV, denn in der Schulkonferenz, das h\u00f6chste Entscheidungsgremium der Schule, ist die SV gleichberechtigt mit Lehrern und Eltern.<\/p>\n\n\n\n<p>Auch \u00fcber die Schule hinaus engagiert sich unsere SV im Stadt Jugend Rat, in dem Angelegenheiten aus ganz Paderborn besprochen werden.<\/p>\n\n\n\n<p>Nat\u00fcrlich f\u00fchrt die SV auch regelm\u00e4\u00dfige Aktionen durch (siehe Bilder):<\/p>\n\n\n\n<p>Halloween Party f\u00fcr die 5.\/6. Klasse<\/p>\n\n\n\n<p>Nikolausaktion <\/p>\n\n\n\n<p>Blumen zum Valentinstag<\/p>\n\n\n\n<p>SV Fu\u00dfballturnier<\/p>\n\n\n\n<p>SV Sch\u00fcler gegen Lehrer Turnier<\/p>\n\n\n\n<p><\/p>\n\n\n\n<p>Unterst\u00fctzt werden wir vom F\u00f6rderverein, vom Schulkiosk und durch die SV Lehrer, vielen Dank!<\/p>\n\n\n\n<div class=\"wp-block-buttons is-layout-flex wp-block-buttons-is-layout-flex\">\n<div class=\"wp-block-button\"><a class=\"wp-block-button__link\" href=\"https:\/\/rs-schlossneuhaus.lspb.de\/RSN-Home\/tag-der-offenen-tuer\/\">Zur\u00fcck<\/a><\/div>\n<\/div>\n","protected":false},"excerpt":{"rendered":"<p>Hi, wir sind die Sch\u00fclervertretung der Realschule Schloss Neuhaus. Wir werden zu Beginn jedes Schuljahres durch die Sch\u00fcler*innen gew\u00e4hlt. Nach einem kurzen &#8222;Wahlkampf&#8220;, in dem jedes Bewerberteam die wichtigsten Arbeitsschwerpunkte bekannt gibt, k\u00f6nnen sich die Sch\u00fcler*innen unserer Schule zwischen mehreren SV Teams entscheiden. Das gew\u00e4hlte Team wird die Sch\u00fclerschaft dann f\u00fcr ein Jahr als SV [&hellip;]<\/p>\n","protected":false},"author":1,"featured_media":0,"parent":436,"menu_order":0,"comment_status":"closed","ping_status":"closed","template":"","meta":{"footnotes":""},"class_list":["post-515","page","type-page","status-publish","hentry"],"_links":{"self":[{"href":"https:\/\/rs-schlossneuhaus.lspb.de\/RSN-Home\/wp-json\/wp\/v2\/pages\/515","targetHints":{"allow":["GET"]}}],"collection":[{"href":"https:\/\/rs-schlossneuhaus.lspb.de\/RSN-Home\/wp-json\/wp\/v2\/pages"}],"about":[{"href":"https:\/\/rs-schlossneuhaus.lspb.de\/RSN-Home\/wp-json\/wp\/v2\/types\/page"}],"author":[{"embeddable":true,"href":"https:\/\/rs-schlossneuhaus.lspb.de\/RSN-Home\/wp-json\/wp\/v2\/users\/1"}],"replies":[{"embeddable":true,"href":"https:\/\/rs-schlossneuhaus.lspb.de\/RSN-Home\/wp-json\/wp\/v2\/comments?post=515"}],"version-history":[{"count":3,"href":"https:\/\/rs-schlossneuhaus.lspb.de\/RSN-Home\/wp-json\/wp\/v2\/pages\/515\/revisions"}],"predecessor-version":[{"id":991,"href":"https:\/\/rs-schlossneuhaus.lspb.de\/RSN-Home\/wp-json\/wp\/v2\/pages\/515\/revisions\/991"}],"up":[{"embeddable":true,"href":"https:\/\/rs-schlossneuhaus.lspb.de\/RSN-Home\/wp-json\/wp\/v2\/pages\/436"}],"wp:attachment":[{"href":"https:\/\/rs-schlossneuhaus.lspb.de\/RSN-Home\/wp-json\/wp\/v2\/media?parent=515"}],"curies":[{"name":"wp","href":"https:\/\/api.w.org\/{rel}","templated":true}]}}