{"id":451,"date":"2020-11-28T20:07:08","date_gmt":"2020-11-28T19:07:08","guid":{"rendered":"https:\/\/rs-schlossneuhaus.lspb.de\/RSN-Home\/?page_id=451"},"modified":"2025-01-17T09:23:40","modified_gmt":"2025-01-17T08:23:40","slug":"musik","status":"publish","type":"page","link":"https:\/\/rs-schlossneuhaus.lspb.de\/RSN-Home\/tag-der-offenen-tuer\/musik\/","title":{"rendered":"Musik"},"content":{"rendered":"\n<!DOCTYPE html>\n<html>\n<head>\n<style>\n  .center-iframe {\n    display: flex;\n    justify-content: center;\n    align-items: center;\n    height: 100vh;\n  }\n<\/style>\n<\/head>\n<body>\n  <div class=\"center-iframe\">\n    <iframe loading=\"lazy\" width=\"760\" height=\"427\" src=\"https:\/\/www.youtube.com\/embed\/blQc5IOdn6Y?rel=0\" frameborder=\"0\" allow=\"accelerometer; autoplay; clipboard-write; encrypted-media; gyroscope; picture-in-picture\" allowfullscreen=\"\"><\/iframe>\n  <\/div>\n<\/body>\n<\/html>\n\n\n\n<figure class=\"wp-block-gallery has-nested-images columns-default is-cropped wp-block-gallery-1 is-layout-flex wp-block-gallery-is-layout-flex\">\n<figure class=\"wp-block-image size-large\"><img loading=\"lazy\" decoding=\"async\" width=\"1024\" height=\"682\" data-id=\"452\" src=\"https:\/\/rs-schlossneuhaus.lspb.de\/RSN-Home\/wp-content\/uploads\/2020\/11\/Musik1-1024x682.jpg\" alt=\"\" class=\"wp-image-452\" srcset=\"https:\/\/rs-schlossneuhaus.lspb.de\/RSN-Home\/wp-content\/uploads\/2020\/11\/Musik1-1024x682.jpg 1024w, https:\/\/rs-schlossneuhaus.lspb.de\/RSN-Home\/wp-content\/uploads\/2020\/11\/Musik1-300x200.jpg 300w, https:\/\/rs-schlossneuhaus.lspb.de\/RSN-Home\/wp-content\/uploads\/2020\/11\/Musik1-768x512.jpg 768w, https:\/\/rs-schlossneuhaus.lspb.de\/RSN-Home\/wp-content\/uploads\/2020\/11\/Musik1-391x260.jpg 391w, https:\/\/rs-schlossneuhaus.lspb.de\/RSN-Home\/wp-content\/uploads\/2020\/11\/Musik1-1536x1024.jpg 1536w, https:\/\/rs-schlossneuhaus.lspb.de\/RSN-Home\/wp-content\/uploads\/2020\/11\/Musik1.jpg 2000w\" sizes=\"auto, (max-width: 1024px) 100vw, 1024px\" \/><\/figure>\n\n\n\n<figure class=\"wp-block-image size-large\"><img loading=\"lazy\" decoding=\"async\" width=\"1024\" height=\"682\" data-id=\"453\" src=\"https:\/\/rs-schlossneuhaus.lspb.de\/RSN-Home\/wp-content\/uploads\/2020\/11\/Musik2-1024x682.jpg\" alt=\"\" class=\"wp-image-453\" srcset=\"https:\/\/rs-schlossneuhaus.lspb.de\/RSN-Home\/wp-content\/uploads\/2020\/11\/Musik2-1024x682.jpg 1024w, https:\/\/rs-schlossneuhaus.lspb.de\/RSN-Home\/wp-content\/uploads\/2020\/11\/Musik2-300x200.jpg 300w, https:\/\/rs-schlossneuhaus.lspb.de\/RSN-Home\/wp-content\/uploads\/2020\/11\/Musik2-768x512.jpg 768w, https:\/\/rs-schlossneuhaus.lspb.de\/RSN-Home\/wp-content\/uploads\/2020\/11\/Musik2-391x260.jpg 391w, https:\/\/rs-schlossneuhaus.lspb.de\/RSN-Home\/wp-content\/uploads\/2020\/11\/Musik2-1536x1024.jpg 1536w, https:\/\/rs-schlossneuhaus.lspb.de\/RSN-Home\/wp-content\/uploads\/2020\/11\/Musik2.jpg 2000w\" sizes=\"auto, (max-width: 1024px) 100vw, 1024px\" \/><\/figure>\n\n\n\n<figure class=\"wp-block-image size-large\"><img loading=\"lazy\" decoding=\"async\" width=\"1024\" height=\"682\" data-id=\"454\" src=\"https:\/\/rs-schlossneuhaus.lspb.de\/RSN-Home\/wp-content\/uploads\/2020\/11\/Musik3-1024x682.jpg\" alt=\"\" class=\"wp-image-454\" srcset=\"https:\/\/rs-schlossneuhaus.lspb.de\/RSN-Home\/wp-content\/uploads\/2020\/11\/Musik3-1024x682.jpg 1024w, https:\/\/rs-schlossneuhaus.lspb.de\/RSN-Home\/wp-content\/uploads\/2020\/11\/Musik3-300x200.jpg 300w, https:\/\/rs-schlossneuhaus.lspb.de\/RSN-Home\/wp-content\/uploads\/2020\/11\/Musik3-768x512.jpg 768w, https:\/\/rs-schlossneuhaus.lspb.de\/RSN-Home\/wp-content\/uploads\/2020\/11\/Musik3-391x260.jpg 391w, https:\/\/rs-schlossneuhaus.lspb.de\/RSN-Home\/wp-content\/uploads\/2020\/11\/Musik3-1536x1024.jpg 1536w, https:\/\/rs-schlossneuhaus.lspb.de\/RSN-Home\/wp-content\/uploads\/2020\/11\/Musik3.jpg 2000w\" sizes=\"auto, (max-width: 1024px) 100vw, 1024px\" \/><\/figure>\n\n\n\n<figure class=\"wp-block-image size-large\"><img loading=\"lazy\" decoding=\"async\" width=\"1024\" height=\"682\" data-id=\"455\" src=\"https:\/\/rs-schlossneuhaus.lspb.de\/RSN-Home\/wp-content\/uploads\/2020\/11\/Musik4-1024x682.jpg\" alt=\"\" class=\"wp-image-455\" srcset=\"https:\/\/rs-schlossneuhaus.lspb.de\/RSN-Home\/wp-content\/uploads\/2020\/11\/Musik4-1024x682.jpg 1024w, https:\/\/rs-schlossneuhaus.lspb.de\/RSN-Home\/wp-content\/uploads\/2020\/11\/Musik4-300x200.jpg 300w, https:\/\/rs-schlossneuhaus.lspb.de\/RSN-Home\/wp-content\/uploads\/2020\/11\/Musik4-768x512.jpg 768w, https:\/\/rs-schlossneuhaus.lspb.de\/RSN-Home\/wp-content\/uploads\/2020\/11\/Musik4-391x260.jpg 391w, https:\/\/rs-schlossneuhaus.lspb.de\/RSN-Home\/wp-content\/uploads\/2020\/11\/Musik4-1536x1024.jpg 1536w, https:\/\/rs-schlossneuhaus.lspb.de\/RSN-Home\/wp-content\/uploads\/2020\/11\/Musik4.jpg 2000w\" sizes=\"auto, (max-width: 1024px) 100vw, 1024px\" \/><\/figure>\n\n\n\n<figure class=\"wp-block-image size-large\"><img loading=\"lazy\" decoding=\"async\" width=\"1024\" height=\"682\" data-id=\"456\" src=\"https:\/\/rs-schlossneuhaus.lspb.de\/RSN-Home\/wp-content\/uploads\/2020\/11\/Musik5-1024x682.jpg\" alt=\"\" class=\"wp-image-456\" srcset=\"https:\/\/rs-schlossneuhaus.lspb.de\/RSN-Home\/wp-content\/uploads\/2020\/11\/Musik5-1024x682.jpg 1024w, https:\/\/rs-schlossneuhaus.lspb.de\/RSN-Home\/wp-content\/uploads\/2020\/11\/Musik5-300x200.jpg 300w, https:\/\/rs-schlossneuhaus.lspb.de\/RSN-Home\/wp-content\/uploads\/2020\/11\/Musik5-768x512.jpg 768w, https:\/\/rs-schlossneuhaus.lspb.de\/RSN-Home\/wp-content\/uploads\/2020\/11\/Musik5-391x260.jpg 391w, https:\/\/rs-schlossneuhaus.lspb.de\/RSN-Home\/wp-content\/uploads\/2020\/11\/Musik5-1536x1024.jpg 1536w, https:\/\/rs-schlossneuhaus.lspb.de\/RSN-Home\/wp-content\/uploads\/2020\/11\/Musik5.jpg 2000w\" sizes=\"auto, (max-width: 1024px) 100vw, 1024px\" \/><\/figure>\n\n\n\n<figure class=\"wp-block-image size-large\"><img loading=\"lazy\" decoding=\"async\" width=\"682\" height=\"1024\" data-id=\"457\" src=\"https:\/\/rs-schlossneuhaus.lspb.de\/RSN-Home\/wp-content\/uploads\/2020\/11\/Musik6-682x1024.jpg\" alt=\"\" class=\"wp-image-457\" srcset=\"https:\/\/rs-schlossneuhaus.lspb.de\/RSN-Home\/wp-content\/uploads\/2020\/11\/Musik6-682x1024.jpg 682w, https:\/\/rs-schlossneuhaus.lspb.de\/RSN-Home\/wp-content\/uploads\/2020\/11\/Musik6-200x300.jpg 200w, https:\/\/rs-schlossneuhaus.lspb.de\/RSN-Home\/wp-content\/uploads\/2020\/11\/Musik6-768x1152.jpg 768w, https:\/\/rs-schlossneuhaus.lspb.de\/RSN-Home\/wp-content\/uploads\/2020\/11\/Musik6-1024x1536.jpg 1024w, https:\/\/rs-schlossneuhaus.lspb.de\/RSN-Home\/wp-content\/uploads\/2020\/11\/Musik6.jpg 1333w\" sizes=\"auto, (max-width: 682px) 100vw, 682px\" \/><\/figure>\n\n\n\n<figure class=\"wp-block-image size-large\"><img loading=\"lazy\" decoding=\"async\" width=\"1024\" height=\"682\" data-id=\"458\" src=\"https:\/\/rs-schlossneuhaus.lspb.de\/RSN-Home\/wp-content\/uploads\/2020\/11\/Musik7-1024x682.jpg\" alt=\"\" class=\"wp-image-458\" srcset=\"https:\/\/rs-schlossneuhaus.lspb.de\/RSN-Home\/wp-content\/uploads\/2020\/11\/Musik7-1024x682.jpg 1024w, https:\/\/rs-schlossneuhaus.lspb.de\/RSN-Home\/wp-content\/uploads\/2020\/11\/Musik7-300x200.jpg 300w, https:\/\/rs-schlossneuhaus.lspb.de\/RSN-Home\/wp-content\/uploads\/2020\/11\/Musik7-768x512.jpg 768w, https:\/\/rs-schlossneuhaus.lspb.de\/RSN-Home\/wp-content\/uploads\/2020\/11\/Musik7-391x260.jpg 391w, https:\/\/rs-schlossneuhaus.lspb.de\/RSN-Home\/wp-content\/uploads\/2020\/11\/Musik7-1536x1024.jpg 1536w, https:\/\/rs-schlossneuhaus.lspb.de\/RSN-Home\/wp-content\/uploads\/2020\/11\/Musik7.jpg 2000w\" sizes=\"auto, (max-width: 1024px) 100vw, 1024px\" \/><\/figure>\n\n\n\n<figure class=\"wp-block-image size-large\"><img loading=\"lazy\" decoding=\"async\" width=\"1024\" height=\"682\" data-id=\"459\" src=\"https:\/\/rs-schlossneuhaus.lspb.de\/RSN-Home\/wp-content\/uploads\/2020\/11\/Musik8-1024x682.jpg\" alt=\"\" class=\"wp-image-459\" srcset=\"https:\/\/rs-schlossneuhaus.lspb.de\/RSN-Home\/wp-content\/uploads\/2020\/11\/Musik8-1024x682.jpg 1024w, https:\/\/rs-schlossneuhaus.lspb.de\/RSN-Home\/wp-content\/uploads\/2020\/11\/Musik8-300x200.jpg 300w, https:\/\/rs-schlossneuhaus.lspb.de\/RSN-Home\/wp-content\/uploads\/2020\/11\/Musik8-768x512.jpg 768w, https:\/\/rs-schlossneuhaus.lspb.de\/RSN-Home\/wp-content\/uploads\/2020\/11\/Musik8-391x260.jpg 391w, https:\/\/rs-schlossneuhaus.lspb.de\/RSN-Home\/wp-content\/uploads\/2020\/11\/Musik8-1536x1024.jpg 1536w, https:\/\/rs-schlossneuhaus.lspb.de\/RSN-Home\/wp-content\/uploads\/2020\/11\/Musik8.jpg 2000w\" sizes=\"auto, (max-width: 1024px) 100vw, 1024px\" \/><\/figure>\n\n\n\n<figure class=\"wp-block-image size-large\"><img loading=\"lazy\" decoding=\"async\" width=\"1024\" height=\"682\" data-id=\"460\" src=\"https:\/\/rs-schlossneuhaus.lspb.de\/RSN-Home\/wp-content\/uploads\/2020\/11\/Musik9-1024x682.jpg\" alt=\"\" class=\"wp-image-460\" srcset=\"https:\/\/rs-schlossneuhaus.lspb.de\/RSN-Home\/wp-content\/uploads\/2020\/11\/Musik9-1024x682.jpg 1024w, https:\/\/rs-schlossneuhaus.lspb.de\/RSN-Home\/wp-content\/uploads\/2020\/11\/Musik9-300x200.jpg 300w, https:\/\/rs-schlossneuhaus.lspb.de\/RSN-Home\/wp-content\/uploads\/2020\/11\/Musik9-768x512.jpg 768w, https:\/\/rs-schlossneuhaus.lspb.de\/RSN-Home\/wp-content\/uploads\/2020\/11\/Musik9-391x260.jpg 391w, https:\/\/rs-schlossneuhaus.lspb.de\/RSN-Home\/wp-content\/uploads\/2020\/11\/Musik9-1536x1024.jpg 1536w, https:\/\/rs-schlossneuhaus.lspb.de\/RSN-Home\/wp-content\/uploads\/2020\/11\/Musik9.jpg 2000w\" sizes=\"auto, (max-width: 1024px) 100vw, 1024px\" \/><\/figure>\n\n\n\n<figure class=\"wp-block-image size-large\"><img loading=\"lazy\" decoding=\"async\" width=\"1024\" height=\"682\" data-id=\"461\" src=\"https:\/\/rs-schlossneuhaus.lspb.de\/RSN-Home\/wp-content\/uploads\/2020\/11\/Musik10-1024x682.jpg\" alt=\"\" class=\"wp-image-461\" srcset=\"https:\/\/rs-schlossneuhaus.lspb.de\/RSN-Home\/wp-content\/uploads\/2020\/11\/Musik10-1024x682.jpg 1024w, https:\/\/rs-schlossneuhaus.lspb.de\/RSN-Home\/wp-content\/uploads\/2020\/11\/Musik10-300x200.jpg 300w, https:\/\/rs-schlossneuhaus.lspb.de\/RSN-Home\/wp-content\/uploads\/2020\/11\/Musik10-768x512.jpg 768w, https:\/\/rs-schlossneuhaus.lspb.de\/RSN-Home\/wp-content\/uploads\/2020\/11\/Musik10-391x260.jpg 391w, https:\/\/rs-schlossneuhaus.lspb.de\/RSN-Home\/wp-content\/uploads\/2020\/11\/Musik10-1536x1024.jpg 1536w, https:\/\/rs-schlossneuhaus.lspb.de\/RSN-Home\/wp-content\/uploads\/2020\/11\/Musik10.jpg 2000w\" sizes=\"auto, (max-width: 1024px) 100vw, 1024px\" \/><\/figure>\n<\/figure>\n\n\n\n<p><strong>Die Bl\u00e4serklasse an der Realschule Schlo\u00df Neuhaus<\/strong><\/p>\n\n\n\n<p>Die Realschule Schlo\u00df Neuhaus bietet jedem interessierten Kind die M\u00f6glichkeit, ab dem 5. Schuljahr ein Instrument zu erlernen \u2013 ein im Kreisgebiet einmaliges Angebot an einer Realschule.<\/p>\n\n\n\n<p>Statt des herk\u00f6mmlichen Musikunterrichts erhaltet ihr in den ersten beiden Schuljahren (5. und 6. Klasse) einmal pro Woche eine Stunde Unterricht in kleinen Gruppen auf einem Blasinstrument. Dabei kooperieren wir mit der St\u00e4dtischen Musikschule Paderborn. Und weil das Musizieren gerade gemeinsam besonders viel Spa\u00df macht, habt ihr neben dem Instrumentalunterricht noch zwei Stunden Ensemblespiel.<\/p>\n\n\n\n<p>Folgende Instrumente k\u00f6nnt ihr bei uns erlernen:<\/p>\n\n\n\n<ul class=\"wp-block-list\">\n<li>Querfl\u00f6te<\/li>\n\n\n\n<li>Klarinette<\/li>\n\n\n\n<li>Saxophon<\/li>\n\n\n\n<li>Trompete<\/li>\n\n\n\n<li>Posaune<\/li>\n<\/ul>\n\n\n\n<p><strong>Weitere Informationen (f\u00fcr eure Eltern):<\/strong><br>Bei der Anmeldung Ihres Kindes an der Realschule geben Sie bitte an, ob Ihr Kind an der Bl\u00e4serklasse teilnehmen m\u00f6chte. Bitte beachten Sie, dass die Teilnahme aus planungstechnischen Gr\u00fcnden f\u00fcr die zwei Schuljahre (Jahrgangsstufen 5 und 6) verbindlich ist.<\/p>\n\n\n\n<p><strong>Neu:<\/strong> Ab dem Schuljahr 2025\/2026 k\u00f6nnen auch Kinder, die sich f\u00fcr die bilinguale Klasse entscheiden, von unserem erweiterten Bildungsangebot profitieren und ein Instrument erlernen (ein Wechsel der Klasse ist nicht n\u00f6tig).<\/p>\n\n\n\n<p><strong>Der Unterricht umfasst:<\/strong><\/p>\n\n\n\n<ul class=\"wp-block-list\">\n<li>1 Stunde (45 Minuten) Instrumentalunterricht bei einer Lehrperson der St\u00e4dtischen Musikschule Paderborn<\/li>\n\n\n\n<li>2 Stunden (90 Minuten) Ensembleunterricht, das gemeinsame Musizieren<\/li>\n<\/ul>\n\n\n\n<p>In den ersten vier Wochen starten Ihre Kinder mit einer Instrumentenrallye, in der sie die Instrumente kennenlernen und ausprobieren k\u00f6nnen. Am Ende dieser Erkundung erfolgt die Instrumentenzuweisung nach den W\u00fcnschen Ihrer Kinder.<\/p>\n\n\n\n<p><strong>Welche Kosten entstehen?<\/strong><br>F\u00fcr den Instrumentalunterricht f\u00e4llt eine Geb\u00fchr in H\u00f6he von 22,00 Euro monatlich an, die sich nach der aktuellen Geb\u00fchrenordnung der St\u00e4dtischen Musikschule Paderborn richtet. F\u00fcr das Leihinstrument erheben wir eine monatliche Geb\u00fchr von 10,00 Euro. Darin enthalten ist auch die Instrumentenversicherung f\u00fcr Verlust oder Diebstahl.<\/p>\n\n\n\n<p><\/p>\n","protected":false},"excerpt":{"rendered":"<p>Die Bl\u00e4serklasse an der Realschule Schlo\u00df Neuhaus Die Realschule Schlo\u00df Neuhaus bietet jedem interessierten Kind die M\u00f6glichkeit, ab dem 5. Schuljahr ein Instrument zu erlernen \u2013 ein im Kreisgebiet einmaliges Angebot an einer Realschule. Statt des herk\u00f6mmlichen Musikunterrichts erhaltet ihr in den ersten beiden Schuljahren (5. und 6. Klasse) einmal pro Woche eine Stunde Unterricht [&hellip;]<\/p>\n","protected":false},"author":1,"featured_media":0,"parent":436,"menu_order":0,"comment_status":"closed","ping_status":"closed","template":"","meta":{"footnotes":""},"class_list":["post-451","page","type-page","status-publish","hentry"],"_links":{"self":[{"href":"https:\/\/rs-schlossneuhaus.lspb.de\/RSN-Home\/wp-json\/wp\/v2\/pages\/451","targetHints":{"allow":["GET"]}}],"collection":[{"href":"https:\/\/rs-schlossneuhaus.lspb.de\/RSN-Home\/wp-json\/wp\/v2\/pages"}],"about":[{"href":"https:\/\/rs-schlossneuhaus.lspb.de\/RSN-Home\/wp-json\/wp\/v2\/types\/page"}],"author":[{"embeddable":true,"href":"https:\/\/rs-schlossneuhaus.lspb.de\/RSN-Home\/wp-json\/wp\/v2\/users\/1"}],"replies":[{"embeddable":true,"href":"https:\/\/rs-schlossneuhaus.lspb.de\/RSN-Home\/wp-json\/wp\/v2\/comments?post=451"}],"version-history":[{"count":19,"href":"https:\/\/rs-schlossneuhaus.lspb.de\/RSN-Home\/wp-json\/wp\/v2\/pages\/451\/revisions"}],"predecessor-version":[{"id":28279,"href":"https:\/\/rs-schlossneuhaus.lspb.de\/RSN-Home\/wp-json\/wp\/v2\/pages\/451\/revisions\/28279"}],"up":[{"embeddable":true,"href":"https:\/\/rs-schlossneuhaus.lspb.de\/RSN-Home\/wp-json\/wp\/v2\/pages\/436"}],"wp:attachment":[{"href":"https:\/\/rs-schlossneuhaus.lspb.de\/RSN-Home\/wp-json\/wp\/v2\/media?parent=451"}],"curies":[{"name":"wp","href":"https:\/\/api.w.org\/{rel}","templated":true}]}}