{"id":29,"date":"2020-08-09T20:17:25","date_gmt":"2020-08-09T18:17:25","guid":{"rendered":"https:\/\/rs-schlossneuhaus.lspb.de\/RSN-Home\/?page_id=29"},"modified":"2024-04-10T17:25:01","modified_gmt":"2024-04-10T15:25:01","slug":"realschule-schloss-neuhaus","status":"publish","type":"page","link":"https:\/\/rs-schlossneuhaus.lspb.de\/RSN-Home\/realschule-schloss-neuhaus\/","title":{"rendered":"Meldungen"},"content":{"rendered":"<ul class=\"wp-block-latest-posts__list is-grid columns-2 alignleft wp-block-latest-posts\"><li><div class=\"wp-block-latest-posts__featured-image\"><img loading=\"lazy\" decoding=\"async\" width=\"150\" height=\"150\" src=\"https:\/\/rs-schlossneuhaus.lspb.de\/RSN-Home\/wp-content\/uploads\/2026\/03\/Kaenguru26_1-150x150.jpg\" class=\"attachment-thumbnail size-thumbnail wp-post-image\" alt=\"\" style=\"max-width:150px;max-height:150px;\" srcset=\"https:\/\/rs-schlossneuhaus.lspb.de\/RSN-Home\/wp-content\/uploads\/2026\/03\/Kaenguru26_1-150x150.jpg 150w, https:\/\/rs-schlossneuhaus.lspb.de\/RSN-Home\/wp-content\/uploads\/2026\/03\/Kaenguru26_1-300x300.jpg 300w, https:\/\/rs-schlossneuhaus.lspb.de\/RSN-Home\/wp-content\/uploads\/2026\/03\/Kaenguru26_1-1024x1024.jpg 1024w, https:\/\/rs-schlossneuhaus.lspb.de\/RSN-Home\/wp-content\/uploads\/2026\/03\/Kaenguru26_1-768x768.jpg 768w, https:\/\/rs-schlossneuhaus.lspb.de\/RSN-Home\/wp-content\/uploads\/2026\/03\/Kaenguru26_1.jpg 1317w\" sizes=\"auto, (max-width: 150px) 100vw, 150px\" \/><\/div><a class=\"wp-block-latest-posts__post-title\" href=\"https:\/\/rs-schlossneuhaus.lspb.de\/RSN-Home\/glueckszahl-11\/\">Gl\u00fcckszahl 11!<\/a><div class=\"wp-block-latest-posts__post-excerpt\">Das mathematische K\u00e4nguru h\u00fcpfte durch die Realschule Schlo\u00df Neuhaus, und das nun schon zum 11. Mal. 111 (minus 1) Sch\u00fclerinnen\u2026\u00a0<a class=\"wp-block-latest-posts__read-more\" href=\"https:\/\/rs-schlossneuhaus.lspb.de\/RSN-Home\/glueckszahl-11\/\" rel=\"noopener noreferrer\"><span class=\"screen-reader-text\">Gl\u00fcckszahl 11! <\/span>weiterlesen<\/a><\/div><\/li>\n<li><div class=\"wp-block-latest-posts__featured-image\"><img loading=\"lazy\" decoding=\"async\" width=\"150\" height=\"150\" src=\"https:\/\/rs-schlossneuhaus.lspb.de\/RSN-Home\/wp-content\/uploads\/2026\/03\/Rathaus2-150x150.jpg\" class=\"attachment-thumbnail size-thumbnail wp-post-image\" alt=\"\" style=\"max-width:150px;max-height:150px;\" srcset=\"https:\/\/rs-schlossneuhaus.lspb.de\/RSN-Home\/wp-content\/uploads\/2026\/03\/Rathaus2-150x150.jpg 150w, https:\/\/rs-schlossneuhaus.lspb.de\/RSN-Home\/wp-content\/uploads\/2026\/03\/Rathaus2-300x300.jpg 300w\" sizes=\"auto, (max-width: 150px) 100vw, 150px\" \/><\/div><a class=\"wp-block-latest-posts__post-title\" href=\"https:\/\/rs-schlossneuhaus.lspb.de\/RSN-Home\/christlich-juedischer-dialog-im-rathaus\/\">Christlich-J\u00fcdischer Dialog im Rathaus<\/a><div class=\"wp-block-latest-posts__post-excerpt\">Sch\u00fclerinnen und Sch\u00fcler der Jahrgangsstufe 7&nbsp; sowie Frau Vieth und Frau G\u00f6rne bereicherten die Feierstunde und den Austausch zur Woche\u2026\u00a0<a class=\"wp-block-latest-posts__read-more\" href=\"https:\/\/rs-schlossneuhaus.lspb.de\/RSN-Home\/christlich-juedischer-dialog-im-rathaus\/\" rel=\"noopener noreferrer\"><span class=\"screen-reader-text\">Christlich-J\u00fcdischer Dialog im Rathaus <\/span>weiterlesen<\/a><\/div><\/li>\n<li><div class=\"wp-block-latest-posts__featured-image\"><img loading=\"lazy\" decoding=\"async\" width=\"150\" height=\"150\" src=\"https:\/\/rs-schlossneuhaus.lspb.de\/RSN-Home\/wp-content\/uploads\/2026\/03\/Graureiher-150x150.jpeg\" class=\"attachment-thumbnail size-thumbnail wp-post-image\" alt=\"\" style=\"max-width:150px;max-height:150px;\" srcset=\"https:\/\/rs-schlossneuhaus.lspb.de\/RSN-Home\/wp-content\/uploads\/2026\/03\/Graureiher-150x150.jpeg 150w, https:\/\/rs-schlossneuhaus.lspb.de\/RSN-Home\/wp-content\/uploads\/2026\/03\/Graureiher-300x300.jpeg 300w\" sizes=\"auto, (max-width: 150px) 100vw, 150px\" \/><\/div><a class=\"wp-block-latest-posts__post-title\" href=\"https:\/\/rs-schlossneuhaus.lspb.de\/RSN-Home\/ein-besonderer-gast-an-unserer-realschule\/\">Ein besonderer Gast an unserer Realschule<\/a><div class=\"wp-block-latest-posts__post-excerpt\">Ein Graureiher machte k\u00fcrzlich Halt auf der Br\u00fccke \u00fcber der Gr\u00e4fte unseres barocken Wasserschlosses. Ruhig und majest\u00e4tisch zog er die\u2026\u00a0<a class=\"wp-block-latest-posts__read-more\" href=\"https:\/\/rs-schlossneuhaus.lspb.de\/RSN-Home\/ein-besonderer-gast-an-unserer-realschule\/\" rel=\"noopener noreferrer\"><span class=\"screen-reader-text\">Ein besonderer Gast an unserer Realschule <\/span>weiterlesen<\/a><\/div><\/li>\n<li><div class=\"wp-block-latest-posts__featured-image\"><img loading=\"lazy\" decoding=\"async\" width=\"150\" height=\"150\" src=\"https:\/\/rs-schlossneuhaus.lspb.de\/RSN-Home\/wp-content\/uploads\/2026\/01\/Deko_wett_2-150x150.jpg\" class=\"attachment-thumbnail size-thumbnail wp-post-image\" alt=\"\" style=\"max-width:150px;max-height:150px;\" srcset=\"https:\/\/rs-schlossneuhaus.lspb.de\/RSN-Home\/wp-content\/uploads\/2026\/01\/Deko_wett_2-150x150.jpg 150w, https:\/\/rs-schlossneuhaus.lspb.de\/RSN-Home\/wp-content\/uploads\/2026\/01\/Deko_wett_2-300x300.jpg 300w\" sizes=\"auto, (max-width: 150px) 100vw, 150px\" \/><\/div><a class=\"wp-block-latest-posts__post-title\" href=\"https:\/\/rs-schlossneuhaus.lspb.de\/RSN-Home\/wer-dekoriert-den-schoensten-klassenraum\/\">Wer dekoriert den sch\u00f6nsten Klassenraum?<\/a><div class=\"wp-block-latest-posts__post-excerpt\">Wettbewerb \u201eWer dekoriert den sch\u00f6nsten Klassenraum?\u201c \u2013 Kreativit\u00e4t an der Realschule Schlo\u00df Neuhaus In der vorletzten Woche herrschte in unserer\u2026\u00a0<a class=\"wp-block-latest-posts__read-more\" href=\"https:\/\/rs-schlossneuhaus.lspb.de\/RSN-Home\/wer-dekoriert-den-schoensten-klassenraum\/\" rel=\"noopener noreferrer\"><span class=\"screen-reader-text\">Wer dekoriert den sch\u00f6nsten Klassenraum? <\/span>weiterlesen<\/a><\/div><\/li>\n<li><div class=\"wp-block-latest-posts__featured-image\"><img loading=\"lazy\" decoding=\"async\" width=\"150\" height=\"150\" src=\"https:\/\/rs-schlossneuhaus.lspb.de\/RSN-Home\/wp-content\/uploads\/2026\/01\/tdot_3_2026-150x150.jpeg\" class=\"attachment-thumbnail size-thumbnail wp-post-image\" alt=\"\" style=\"max-width:150px;max-height:150px;\" srcset=\"https:\/\/rs-schlossneuhaus.lspb.de\/RSN-Home\/wp-content\/uploads\/2026\/01\/tdot_3_2026-150x150.jpeg 150w, https:\/\/rs-schlossneuhaus.lspb.de\/RSN-Home\/wp-content\/uploads\/2026\/01\/tdot_3_2026-300x300.jpeg 300w\" sizes=\"auto, (max-width: 150px) 100vw, 150px\" \/><\/div><a class=\"wp-block-latest-posts__post-title\" href=\"https:\/\/rs-schlossneuhaus.lspb.de\/RSN-Home\/kuchenbasar-zum-tag-der-offenen-tuer\/\">Kuchenbasar zum Tag der offenen T\u00fcr<\/a><div class=\"wp-block-latest-posts__post-excerpt\">Herzlichen Dank f\u00fcr einen wunderbaren Kuchenbasar! \ud83c\udf70Im Rahmen unseres \u201eTags der offenen T\u00fcr\u201c durften wir an der Realschule Schlo\u00df Neuhauseinen\u2026\u00a0<a class=\"wp-block-latest-posts__read-more\" href=\"https:\/\/rs-schlossneuhaus.lspb.de\/RSN-Home\/kuchenbasar-zum-tag-der-offenen-tuer\/\" rel=\"noopener noreferrer\"><span class=\"screen-reader-text\">Kuchenbasar zum Tag der offenen T\u00fcr <\/span>weiterlesen<\/a><\/div><\/li>\n<li><div class=\"wp-block-latest-posts__featured-image\"><img loading=\"lazy\" decoding=\"async\" width=\"150\" height=\"104\" src=\"https:\/\/rs-schlossneuhaus.lspb.de\/RSN-Home\/wp-content\/uploads\/2021\/11\/RSN-Info.jpg\" class=\"attachment-thumbnail size-thumbnail wp-post-image\" alt=\"\" style=\"max-width:150px;max-height:150px;\" \/><\/div><a class=\"wp-block-latest-posts__post-title\" href=\"https:\/\/rs-schlossneuhaus.lspb.de\/RSN-Home\/montag-12-01-2026-kein-praesenzunterricht-wegen-glaettegefahr\/\">Montag (12.01.2026) kein Pr\u00e4senzunterricht wegen Gl\u00e4ttegefahr<\/a><div class=\"wp-block-latest-posts__post-excerpt\">An den nordrhein-westf\u00e4lischen Schulen findet am kommenden Montag, den 12. Januar, kein Pr\u00e4senzunterricht statt. Diese Entscheidung hat das Schulministerium aufgrund\u2026\u00a0<a class=\"wp-block-latest-posts__read-more\" href=\"https:\/\/rs-schlossneuhaus.lspb.de\/RSN-Home\/montag-12-01-2026-kein-praesenzunterricht-wegen-glaettegefahr\/\" rel=\"noopener noreferrer\"><span class=\"screen-reader-text\">Montag (12.01.2026) kein Pr\u00e4senzunterricht wegen Gl\u00e4ttegefahr <\/span>weiterlesen<\/a><\/div><\/li>\n<\/ul>\n\n\n<p><a href=\"https:\/\/rs-schlossneuhaus.lspb.de\/RSN-Home\/blog\/\">zum Archiv<\/a><\/p>\n","protected":false},"excerpt":{"rendered":"<p>zum Archiv<\/p>\n","protected":false},"author":1,"featured_media":0,"parent":0,"menu_order":0,"comment_status":"closed","ping_status":"closed","template":"","meta":{"footnotes":""},"class_list":["post-29","page","type-page","status-publish","hentry"],"_links":{"self":[{"href":"https:\/\/rs-schlossneuhaus.lspb.de\/RSN-Home\/wp-json\/wp\/v2\/pages\/29","targetHints":{"allow":["GET"]}}],"collection":[{"href":"https:\/\/rs-schlossneuhaus.lspb.de\/RSN-Home\/wp-json\/wp\/v2\/pages"}],"about":[{"href":"https:\/\/rs-schlossneuhaus.lspb.de\/RSN-Home\/wp-json\/wp\/v2\/types\/page"}],"author":[{"embeddable":true,"href":"https:\/\/rs-schlossneuhaus.lspb.de\/RSN-Home\/wp-json\/wp\/v2\/users\/1"}],"replies":[{"embeddable":true,"href":"https:\/\/rs-schlossneuhaus.lspb.de\/RSN-Home\/wp-json\/wp\/v2\/comments?post=29"}],"version-history":[{"count":72,"href":"https:\/\/rs-schlossneuhaus.lspb.de\/RSN-Home\/wp-json\/wp\/v2\/pages\/29\/revisions"}],"predecessor-version":[{"id":2727,"href":"https:\/\/rs-schlossneuhaus.lspb.de\/RSN-Home\/wp-json\/wp\/v2\/pages\/29\/revisions\/2727"}],"wp:attachment":[{"href":"https:\/\/rs-schlossneuhaus.lspb.de\/RSN-Home\/wp-json\/wp\/v2\/media?parent=29"}],"curies":[{"name":"wp","href":"https:\/\/api.w.org\/{rel}","templated":true}]}}