{"id":2071,"date":"2023-02-16T13:41:45","date_gmt":"2023-02-16T12:41:45","guid":{"rendered":"https:\/\/rs-schlossneuhaus.lspb.de\/RSN-Home\/?page_id=2071"},"modified":"2025-11-23T11:34:19","modified_gmt":"2025-11-23T10:34:19","slug":"formulare","status":"publish","type":"page","link":"https:\/\/rs-schlossneuhaus.lspb.de\/RSN-Home\/formulare\/","title":{"rendered":"Formulare"},"content":{"rendered":"\n<p><a href=\"https:\/\/mein-digiport.de\/suche\/-\/vr-bis-detail\/dienstleistung\/22182\/show\">Antrag Schulwegticket<\/a><\/p>\n\n\n\n<p><a href=\"https:\/\/mein-digiport.de\/suche\/-\/vr-bis-detail\/dienstleistung\/21389\/show\">Antrag Schulverpflegung<\/a><\/p>\n\n\n\n<p><a href=\"https:\/\/rs-schlossneuhaus.lspb.de\/RSN-Home\/wp-content\/uploads\/2021\/03\/Beurlaubung-von-Schuelerinnen-und-Schuelern.pdf\" target=\"_blank\" rel=\"noreferrer noopener\">Antrag auf Beurlaubung von Sch\u00fclerinnen und Sch\u00fclern<\/a><\/p>\n\n\n\n<p><a href=\"https:\/\/rs-schlossneuhaus.lspb.de\/RSN-Home\/wp-content\/uploads\/2025\/11\/Anmeldung_quereinstieg.pdf\">Anmeldung RSN f\u00fcr Quereinsteiger<\/a><\/p>\n\n\n\n<p><\/p>\n","protected":false},"excerpt":{"rendered":"<p>Antrag Schulwegticket Antrag Schulverpflegung Antrag auf Beurlaubung von Sch\u00fclerinnen und Sch\u00fclern Anmeldung RSN f\u00fcr Quereinsteiger<\/p>\n","protected":false},"author":1,"featured_media":0,"parent":0,"menu_order":0,"comment_status":"closed","ping_status":"closed","template":"","meta":{"footnotes":""},"class_list":["post-2071","page","type-page","status-publish","hentry"],"_links":{"self":[{"href":"https:\/\/rs-schlossneuhaus.lspb.de\/RSN-Home\/wp-json\/wp\/v2\/pages\/2071","targetHints":{"allow":["GET"]}}],"collection":[{"href":"https:\/\/rs-schlossneuhaus.lspb.de\/RSN-Home\/wp-json\/wp\/v2\/pages"}],"about":[{"href":"https:\/\/rs-schlossneuhaus.lspb.de\/RSN-Home\/wp-json\/wp\/v2\/types\/page"}],"author":[{"embeddable":true,"href":"https:\/\/rs-schlossneuhaus.lspb.de\/RSN-Home\/wp-json\/wp\/v2\/users\/1"}],"replies":[{"embeddable":true,"href":"https:\/\/rs-schlossneuhaus.lspb.de\/RSN-Home\/wp-json\/wp\/v2\/comments?post=2071"}],"version-history":[{"count":5,"href":"https:\/\/rs-schlossneuhaus.lspb.de\/RSN-Home\/wp-json\/wp\/v2\/pages\/2071\/revisions"}],"predecessor-version":[{"id":28645,"href":"https:\/\/rs-schlossneuhaus.lspb.de\/RSN-Home\/wp-json\/wp\/v2\/pages\/2071\/revisions\/28645"}],"wp:attachment":[{"href":"https:\/\/rs-schlossneuhaus.lspb.de\/RSN-Home\/wp-json\/wp\/v2\/media?parent=2071"}],"curies":[{"name":"wp","href":"https:\/\/api.w.org\/{rel}","templated":true}]}}