{"id":2024,"date":"2023-01-16T12:58:41","date_gmt":"2023-01-16T11:58:41","guid":{"rendered":"https:\/\/rs-schlossneuhaus.lspb.de\/RSN-Home\/?page_id=2024"},"modified":"2026-01-16T19:44:24","modified_gmt":"2026-01-16T18:44:24","slug":"lageplan-fuer-den-tag-der-offenen-tuer","status":"publish","type":"page","link":"https:\/\/rs-schlossneuhaus.lspb.de\/RSN-Home\/lageplan-fuer-den-tag-der-offenen-tuer\/","title":{"rendered":"Lageplan f\u00fcr den Tag der offenen T\u00fcr"},"content":{"rendered":"\n<figure class=\"wp-block-image aligncenter size-full\"><img loading=\"lazy\" decoding=\"async\" width=\"1000\" height=\"899\" src=\"https:\/\/rs-schlossneuhaus.lspb.de\/RSN-Home\/wp-content\/uploads\/2026\/01\/Gebaeude_tdot_2026_3.jpg\" alt=\"\" class=\"wp-image-28716\" srcset=\"https:\/\/rs-schlossneuhaus.lspb.de\/RSN-Home\/wp-content\/uploads\/2026\/01\/Gebaeude_tdot_2026_3.jpg 1000w, https:\/\/rs-schlossneuhaus.lspb.de\/RSN-Home\/wp-content\/uploads\/2026\/01\/Gebaeude_tdot_2026_3-300x270.jpg 300w, https:\/\/rs-schlossneuhaus.lspb.de\/RSN-Home\/wp-content\/uploads\/2026\/01\/Gebaeude_tdot_2026_3-768x690.jpg 768w\" sizes=\"auto, (max-width: 1000px) 100vw, 1000px\" \/><\/figure>\n\n\n\n<p class=\"has-text-align-center has-large-font-size\"><strong>Schloss<\/strong><\/p>\n\n\n\n<figure class=\"wp-block-image aligncenter size-large\"><img loading=\"lazy\" decoding=\"async\" width=\"594\" height=\"1024\" src=\"https:\/\/rs-schlossneuhaus.lspb.de\/RSN-Home\/wp-content\/uploads\/2026\/01\/stapel_2026_kr-594x1024.jpg\" alt=\"\" class=\"wp-image-28707\" srcset=\"https:\/\/rs-schlossneuhaus.lspb.de\/RSN-Home\/wp-content\/uploads\/2026\/01\/stapel_2026_kr-594x1024.jpg 594w, https:\/\/rs-schlossneuhaus.lspb.de\/RSN-Home\/wp-content\/uploads\/2026\/01\/stapel_2026_kr-174x300.jpg 174w, https:\/\/rs-schlossneuhaus.lspb.de\/RSN-Home\/wp-content\/uploads\/2026\/01\/stapel_2026_kr-768x1324.jpg 768w, https:\/\/rs-schlossneuhaus.lspb.de\/RSN-Home\/wp-content\/uploads\/2026\/01\/stapel_2026_kr-891x1536.jpg 891w, https:\/\/rs-schlossneuhaus.lspb.de\/RSN-Home\/wp-content\/uploads\/2026\/01\/stapel_2026_kr.jpg 1000w\" sizes=\"auto, (max-width: 594px) 100vw, 594px\" \/><\/figure>\n\n\n\n<figure class=\"wp-block-image aligncenter size-large\"><img loading=\"lazy\" decoding=\"async\" width=\"828\" height=\"1024\" src=\"https:\/\/rs-schlossneuhaus.lspb.de\/RSN-Home\/wp-content\/uploads\/2026\/01\/tdot_Lageplan_Stapel_Unterstufe_EG_2026_kr-828x1024.jpg\" alt=\"\" class=\"wp-image-28706\" srcset=\"https:\/\/rs-schlossneuhaus.lspb.de\/RSN-Home\/wp-content\/uploads\/2026\/01\/tdot_Lageplan_Stapel_Unterstufe_EG_2026_kr-828x1024.jpg 828w, https:\/\/rs-schlossneuhaus.lspb.de\/RSN-Home\/wp-content\/uploads\/2026\/01\/tdot_Lageplan_Stapel_Unterstufe_EG_2026_kr-243x300.jpg 243w, https:\/\/rs-schlossneuhaus.lspb.de\/RSN-Home\/wp-content\/uploads\/2026\/01\/tdot_Lageplan_Stapel_Unterstufe_EG_2026_kr-768x949.jpg 768w, https:\/\/rs-schlossneuhaus.lspb.de\/RSN-Home\/wp-content\/uploads\/2026\/01\/tdot_Lageplan_Stapel_Unterstufe_EG_2026_kr.jpg 1000w\" sizes=\"auto, (max-width: 828px) 100vw, 828px\" \/><\/figure>\n\n\n\n<p class=\"has-text-align-center has-large-font-size\"><strong>Programm<\/strong><\/p>\n\n\n\n<p class=\"has-text-align-center\"><strong>\u00dcbersicht \u00fcber die Aktivit\u00e4ten am Tag der offenen T\u00fcr 17.01.2026<\/strong><\/p>\n\n\n\n<p><strong>Schloss<\/strong><\/p>\n\n\n\n<figure class=\"wp-block-table\"><table class=\"has-fixed-layout\"><tbody><tr><td><strong>Ort<\/strong><\/td><td><strong>Thema<\/strong><\/td><\/tr><tr><td>Spiegelsaal<\/td><td>Begr\u00fc\u00dfung durch die Schulleitung<\/td><\/tr><tr><td>U1.17<\/td><td>Vorstellung der Erprobungsstufe als Startphase an der RSN<\/td><\/tr><tr><td>S1.24<\/td><td>Fahrtenkonzept: Klasse 5, Borkum, Paris\/Wien, England<\/td><\/tr><tr><td>S1.04<\/td><td>Sport und Sportwettbewerbe, Tennis<\/td><\/tr><tr><td>S1.22<\/td><td>Franz\u00f6sisch an der RSN \/ DELF<\/td><\/tr><tr><td>S1.25<\/td><td>Berufswahlvorbereitung \/ Kooperationspartner<\/td><\/tr><tr><td>S1.23<\/td><td>SV-Projekte, Sporthelfer AG \/ Bienen AG<\/td><\/tr><tr><td>Schlo\u00dfpause<\/td><td>&nbsp;<\/td><\/tr><tr><td>S1.18<\/td><td>Informatik an der RSN<\/td><\/tr><tr><td>S0.32<\/td><td>TC Raum \/ pneumatisch eine Nuss knacken \/ Autoleilen s\u00e4gen\/L\u00f6ten<\/td><\/tr><tr><td>S2.15<\/td><td>Bl\u00e4serklasse stellt sich vor \/ Musikempfang in der Unterstufe<\/td><\/tr><tr><td>S2.25<\/td><td>Kunst und Textilausstellung<\/td><\/tr><tr><td>S2.26<\/td><td>Klasse wir singen \/ Musik an der RSN \/ 6K United-Musizieren am Keyboard<\/td><\/tr><tr><td>S2.17<\/td><td>RSN Collection<\/td><\/tr><tr><td>S1.05<\/td><td>Kinderecke \/ Malecke<\/td><\/tr><tr><td>S1.13<\/td><td>Debattier AG<\/td><\/tr><tr><td>S1.20<\/td><td>Schach AG<\/td><\/tr><tr><td>M0.03<\/td><td>Erste Hilfe<\/td><\/tr><tr><td>B0.20<\/td><td>Chemie: Haus der kleinen Forscher \/ Biologiethemen\/Mikroskopieren<\/td><\/tr><\/tbody><\/table><\/figure>\n\n\n\n<p><strong>Unterstufe<\/strong><\/p>\n\n\n\n<figure class=\"wp-block-table\"><table class=\"has-fixed-layout\"><tbody><tr><td>Marstall-Caf\u00e9<\/td><td>Eltern-Caf\u00e9<\/td><\/tr><tr><td>Marstall-Caf\u00e9<\/td><td>Schulsozialarbeit an der RSN &amp; F\u00f6rderverein<\/td><\/tr><tr><td>U0.11<\/td><td>Mini Ph\u00e4nomenta<\/td><\/tr><tr><td>U0.14<\/td><td>Philosophie und Religion an der RSN<\/td><\/tr><tr><td>U0.02<\/td><td>Koch und Back AG \/ Hauswirtschaft an der RSN<\/td><\/tr><tr><td>U0.10<\/td><td>Deutsch an der RSN: HSP \/ C-Test, Sprach- und Lernpaten<\/td><\/tr><tr><td>U0.12<\/td><td>Englisch an der RSN \/ Biliklasse<\/td><\/tr><tr><td>U1.07<\/td><td>Modellschule: Vielfalt f\u00f6rdern \/ Klassenraumkonzept<\/td><\/tr><tr><td>U1.08<\/td><td>Mathematik an der RSN<\/td><\/tr><tr><td>U1.10<\/td><td>LRS \/ Lesef\u00f6rderung\/Grafomotorik<\/td><\/tr><tr><td>U1.16<\/td><td>Mittagsbetreuung \/ Mensa-Konzept<\/td><\/tr><tr><td>U0.04<\/td><td>Lesekino Theater AG&nbsp;&nbsp;&nbsp;&nbsp;&nbsp;&nbsp;&nbsp;&nbsp;&nbsp;&nbsp;&nbsp;&nbsp;&nbsp;&nbsp;&nbsp;&nbsp;&nbsp;&nbsp;&nbsp;&nbsp;&nbsp;&nbsp;&nbsp;&nbsp;&nbsp;&nbsp;&nbsp;&nbsp;&nbsp;&nbsp;&nbsp;&nbsp;&nbsp;&nbsp;&nbsp;&nbsp;&nbsp;&nbsp;&nbsp;<\/td><\/tr><tr><td>Start im Innenhof<\/td><td>F\u00fchrungen im Anschluss an den Vortrag mit Sch\u00fclern<\/td><\/tr><\/tbody><\/table><\/figure>\n\n\n\n<p><\/p>\n","protected":false},"excerpt":{"rendered":"<p>Schloss Programm \u00dcbersicht \u00fcber die Aktivit\u00e4ten am Tag der offenen T\u00fcr 17.01.2026 Schloss Ort Thema Spiegelsaal Begr\u00fc\u00dfung durch die Schulleitung U1.17 Vorstellung der Erprobungsstufe als Startphase an der RSN S1.24 Fahrtenkonzept: Klasse 5, Borkum, Paris\/Wien, England S1.04 Sport und Sportwettbewerbe, Tennis S1.22 Franz\u00f6sisch an der RSN \/ DELF S1.25 Berufswahlvorbereitung \/ Kooperationspartner S1.23 SV-Projekte, Sporthelfer [&hellip;]<\/p>\n","protected":false},"author":1,"featured_media":0,"parent":0,"menu_order":0,"comment_status":"closed","ping_status":"closed","template":"","meta":{"footnotes":""},"class_list":["post-2024","page","type-page","status-publish","hentry"],"_links":{"self":[{"href":"https:\/\/rs-schlossneuhaus.lspb.de\/RSN-Home\/wp-json\/wp\/v2\/pages\/2024","targetHints":{"allow":["GET"]}}],"collection":[{"href":"https:\/\/rs-schlossneuhaus.lspb.de\/RSN-Home\/wp-json\/wp\/v2\/pages"}],"about":[{"href":"https:\/\/rs-schlossneuhaus.lspb.de\/RSN-Home\/wp-json\/wp\/v2\/types\/page"}],"author":[{"embeddable":true,"href":"https:\/\/rs-schlossneuhaus.lspb.de\/RSN-Home\/wp-json\/wp\/v2\/users\/1"}],"replies":[{"embeddable":true,"href":"https:\/\/rs-schlossneuhaus.lspb.de\/RSN-Home\/wp-json\/wp\/v2\/comments?post=2024"}],"version-history":[{"count":16,"href":"https:\/\/rs-schlossneuhaus.lspb.de\/RSN-Home\/wp-json\/wp\/v2\/pages\/2024\/revisions"}],"predecessor-version":[{"id":28719,"href":"https:\/\/rs-schlossneuhaus.lspb.de\/RSN-Home\/wp-json\/wp\/v2\/pages\/2024\/revisions\/28719"}],"wp:attachment":[{"href":"https:\/\/rs-schlossneuhaus.lspb.de\/RSN-Home\/wp-json\/wp\/v2\/media?parent=2024"}],"curies":[{"name":"wp","href":"https:\/\/api.w.org\/{rel}","templated":true}]}}