{"id":1091,"date":"2021-02-12T21:58:03","date_gmt":"2021-02-12T20:58:03","guid":{"rendered":"https:\/\/rs-schlossneuhaus.lspb.de\/RSN-Home\/?page_id=1091"},"modified":"2021-02-12T22:05:48","modified_gmt":"2021-02-12T21:05:48","slug":"profilklassen","status":"publish","type":"page","link":"https:\/\/rs-schlossneuhaus.lspb.de\/RSN-Home\/profilklassen\/","title":{"rendered":"Profilklassen"},"content":{"rendered":"\n<p>In der Realschule Schlo\u00df Neuhaus haben Sie die M\u00f6glichkeit Ihr Kind in einer Profilklasse anzumelden. Zur Auswahl stehen:<\/p>\n\n\n\n<div class=\"wp-block-columns is-layout-flex wp-container-core-columns-is-layout-28f84493 wp-block-columns-is-layout-flex\">\n<div class=\"wp-block-column is-layout-flow wp-block-column-is-layout-flow\">\n<p class=\"has-text-align-center\">Bilinguale-Klasse<\/p>\n<\/div>\n\n\n\n<div class=\"wp-block-column is-layout-flow wp-block-column-is-layout-flow\">\n<p class=\"has-text-align-center\">Bl\u00e4serklasse<\/p>\n<\/div>\n<\/div>\n\n\n\n<div class=\"wp-block-columns is-layout-flex wp-container-core-columns-is-layout-28f84493 wp-block-columns-is-layout-flex\">\n<div class=\"wp-block-column is-layout-flow wp-block-column-is-layout-flow\">\n<figure class=\"wp-block-image size-large is-style-rounded\"><a href=\"https:\/\/rs-schlossneuhaus.lspb.de\/RSN-Home\/tag-der-offenen-tuer\/bilingualer-unterricht\/\"><img loading=\"lazy\" decoding=\"async\" width=\"800\" height=\"575\" src=\"https:\/\/rs-schlossneuhaus.lspb.de\/RSN-Home\/wp-content\/uploads\/2020\/12\/colors-of-england1.jpg\" alt=\"\" class=\"wp-image-626\" srcset=\"https:\/\/rs-schlossneuhaus.lspb.de\/RSN-Home\/wp-content\/uploads\/2020\/12\/colors-of-england1.jpg 800w, https:\/\/rs-schlossneuhaus.lspb.de\/RSN-Home\/wp-content\/uploads\/2020\/12\/colors-of-england1-300x216.jpg 300w, https:\/\/rs-schlossneuhaus.lspb.de\/RSN-Home\/wp-content\/uploads\/2020\/12\/colors-of-england1-768x552.jpg 768w\" sizes=\"auto, (max-width: 800px) 100vw, 800px\" \/><\/a><\/figure>\n<\/div>\n\n\n\n<div class=\"wp-block-column is-layout-flow wp-block-column-is-layout-flow\">\n<figure class=\"wp-block-image size-large is-style-rounded\"><a href=\"https:\/\/rs-schlossneuhaus.lspb.de\/RSN-Home\/tag-der-offenen-tuer\/musik\/\"><img loading=\"lazy\" decoding=\"async\" width=\"800\" height=\"575\" src=\"https:\/\/rs-schlossneuhaus.lspb.de\/RSN-Home\/wp-content\/uploads\/2020\/12\/Musik71.jpg\" alt=\"\" class=\"wp-image-629\" srcset=\"https:\/\/rs-schlossneuhaus.lspb.de\/RSN-Home\/wp-content\/uploads\/2020\/12\/Musik71.jpg 800w, https:\/\/rs-schlossneuhaus.lspb.de\/RSN-Home\/wp-content\/uploads\/2020\/12\/Musik71-300x216.jpg 300w, https:\/\/rs-schlossneuhaus.lspb.de\/RSN-Home\/wp-content\/uploads\/2020\/12\/Musik71-768x552.jpg 768w\" sizes=\"auto, (max-width: 800px) 100vw, 800px\" \/><\/a><\/figure>\n<\/div>\n<\/div>\n\n\n\n<p>W\u00fcnschen Sie dies nicht, wird ihr Kind in einer profillosen Klasse angemeldet.<\/p>\n","protected":false},"excerpt":{"rendered":"<p>In der Realschule Schlo\u00df Neuhaus haben Sie die M\u00f6glichkeit Ihr Kind in einer Profilklasse anzumelden. Zur Auswahl stehen: Bilinguale-Klasse Bl\u00e4serklasse W\u00fcnschen Sie dies nicht, wird ihr Kind in einer profillosen Klasse angemeldet.<\/p>\n","protected":false},"author":1,"featured_media":0,"parent":0,"menu_order":0,"comment_status":"closed","ping_status":"closed","template":"","meta":{"footnotes":""},"class_list":["post-1091","page","type-page","status-publish","hentry"],"_links":{"self":[{"href":"https:\/\/rs-schlossneuhaus.lspb.de\/RSN-Home\/wp-json\/wp\/v2\/pages\/1091","targetHints":{"allow":["GET"]}}],"collection":[{"href":"https:\/\/rs-schlossneuhaus.lspb.de\/RSN-Home\/wp-json\/wp\/v2\/pages"}],"about":[{"href":"https:\/\/rs-schlossneuhaus.lspb.de\/RSN-Home\/wp-json\/wp\/v2\/types\/page"}],"author":[{"embeddable":true,"href":"https:\/\/rs-schlossneuhaus.lspb.de\/RSN-Home\/wp-json\/wp\/v2\/users\/1"}],"replies":[{"embeddable":true,"href":"https:\/\/rs-schlossneuhaus.lspb.de\/RSN-Home\/wp-json\/wp\/v2\/comments?post=1091"}],"version-history":[{"count":5,"href":"https:\/\/rs-schlossneuhaus.lspb.de\/RSN-Home\/wp-json\/wp\/v2\/pages\/1091\/revisions"}],"predecessor-version":[{"id":1098,"href":"https:\/\/rs-schlossneuhaus.lspb.de\/RSN-Home\/wp-json\/wp\/v2\/pages\/1091\/revisions\/1098"}],"wp:attachment":[{"href":"https:\/\/rs-schlossneuhaus.lspb.de\/RSN-Home\/wp-json\/wp\/v2\/media?parent=1091"}],"curies":[{"name":"wp","href":"https:\/\/api.w.org\/{rel}","templated":true}]}}